{"id":11886,"date":"2013-08-11T19:22:53","date_gmt":"2013-08-11T17:22:53","guid":{"rendered":"https:\/\/abuelailichocolates.com\/abuela-ili-chocolate\/contact-abuela-ili-chocolate-factory-in-pampaneira-and-store-in-capileira\/"},"modified":"2025-09-22T11:36:43","modified_gmt":"2025-09-22T09:36:43","slug":"contact-abuela-ili-chocolate-factory-in-pampaneira-and-store-in-capileira","status":"publish","type":"page","link":"https:\/\/abuelailichocolates.com\/en\/abuela-ili-chocolate\/contact-abuela-ili-chocolate-factory-in-pampaneira-and-store-in-capileira\/","title":{"rendered":"Contact Abuela Ili Chocolate | Factory in Pampaneira and Store in Capileira"},"content":{"rendered":"\n\t<div class=\"img has-hover hidden x md-x lg-x y md-y lg-y\" id=\"image_1824557624\">\n\t\t\t\t\t\t\t\t<div class=\"img-inner image-cover dark\" style=\"padding-top:200px;\">\n\t\t\t<img loading=\"lazy\" decoding=\"async\" width=\"750\" height=\"750\" src=\"https:\/\/abuelailichocolates.com\/wp-content\/uploads\/2021\/09\/749356EC-D3ED-4F09-800C-B1157288C35F.jpeg\" class=\"attachment-original size-original\" alt=\"F\u00e1brica artesanal de chocolate en Pampaneira, La Alpujarra, Abuela Ili Chocolates\" srcset=\"https:\/\/abuelailichocolates.com\/wp-content\/uploads\/2021\/09\/749356EC-D3ED-4F09-800C-B1157288C35F.jpeg 750w, https:\/\/abuelailichocolates.com\/wp-content\/uploads\/2021\/09\/749356EC-D3ED-4F09-800C-B1157288C35F-600x600.jpeg 600w, https:\/\/abuelailichocolates.com\/wp-content\/uploads\/2021\/09\/749356EC-D3ED-4F09-800C-B1157288C35F-100x100.jpeg 100w, https:\/\/abuelailichocolates.com\/wp-content\/uploads\/2021\/09\/749356EC-D3ED-4F09-800C-B1157288C35F-150x150.jpeg 150w, https:\/\/abuelailichocolates.com\/wp-content\/uploads\/2021\/09\/749356EC-D3ED-4F09-800C-B1157288C35F-400x400.jpeg 400w, https:\/\/abuelailichocolates.com\/wp-content\/uploads\/2021\/09\/749356EC-D3ED-4F09-800C-B1157288C35F-280x280.jpeg 280w, https:\/\/abuelailichocolates.com\/wp-content\/uploads\/2021\/09\/749356EC-D3ED-4F09-800C-B1157288C35F-12x12.jpeg 12w\" sizes=\"auto, (max-width: 750px) 100vw, 750px\" \/>\t\t\t\t\t\t\n\t\t\t\t\t<\/div>\n\t\t\t\t\t\t\t\t\n<style>\n#image_1824557624 {\n  width: 34%;\n}\n<\/style>\n\t<\/div>\n\t\n\n  <div id=\"page-header-27697952\" class=\"page-header-wrapper\">\n  <div class=\"page-title dark featured-title\">\n\n        <div class=\"page-title-bg\">\n      <div class=\"title-bg fill bg-fill\"\n        data-parallax-container=\".page-title\"\n        data-parallax-background\n        data-parallax=\"-\">\n      <\/div>\n      <div class=\"title-overlay fill\"><\/div>\n    <\/div>\n    \n    <div class=\"page-title-inner container align-center text-center flex-row-col medium-flex-wrap\" >\n              <div class=\"title-wrapper flex-col\">\n          <h1 class=\"entry-title mb-0\">\n            Visit the Abuela Ili Chocolate factory in Pampaneira and our store in Capileira, in the heart of the Alpujarra. Find out about opening hours, addresses and how to enjoy the best artisanal chocolate in Granada.           <\/h1>\n        <\/div>\n                    <div class=\"title-content flex-col\">\n        <ul class=\"nav sm-touch-scroll nav-line nav-uppercase text-center nav-center\"><li class=\"nav-single-page hidden\"><\/li><\/ul>      <\/div>\n    <\/div>\n\n     \n<style>\n#page-header-27697952 .title-bg {\n  background-image: url(https:\/\/abuelailichocolates.com\/wp-content\/uploads\/2021\/09\/chocolate-banderas-negro-blanco.jpeg);\n}\n<\/style>\n  <\/div>\n    <\/div>\n  \n\n<div class=\"row row-large row-full-width align-middle\"  id=\"row-637554494\">\n\n\n\t<div id=\"col-1298896361\" class=\"col medium-4 small-12 large-4\"  >\n\t\t\t\t<div class=\"col-inner text-left\"  >\n\t\t\t\n\t\t\t\n\n<div class=\"text-center\"><div class=\"is-divider divider clearfix\" style=\"max-width:500px;background-color:rgb(120, 45, 46);\"><\/div><\/div>\n\n\n\n<!-- BLOQUE \u00daNICO: Pampaneira + Capileira con detecci\u00f3n autom\u00e1tica de idioma (WPML) -->\n<div id=\"alpujarra-locations\"><\/div>\n\n<style>\n  .location{margin:1.5rem 0;padding:1rem;border:1px solid #e6e6e6;border-radius:12px}\n  .location h1{margin:0 0 .25rem 0;font-size:1.6rem}\n  .location h3{margin:.25rem 0 .5rem 0;font-weight:500}\n  .location p{margin:.25rem 0}\n<\/style>\n\n<script>\n(function(){\n  \/\/ WPML coloca <html lang=\"es\">, \"en\", \"fr\"\u2026\n  var lang = (document.documentElement.lang || 'en').slice(0,2);\n  if(['es','en','fr'].indexOf(lang) === -1){ lang = 'en'; }\n\n  var phoneIntl = '+34958565784';\n  var phoneNice = '958 56 57 84';\n\n  \/\/ Textos y formatos por idioma (sin mezclar bloques)\n  var i18n = {\n    es: {\n      phoneLabel:'Tel\u00e9fono',\n      hoursLabel:'Horario',\n      pamp:{ title:'Pampaneira', addr1:'Plaza de la Libertad, 1', meta:'Pampaneira | La Alpujarra | Granada',\n        hours:[\n          'De lunes a viernes: de 10:00 a 14:00 y de 15:00 a 19:00',\n          'S\u00e1bados y domingos: de 10:00 a 20:00'\n        ]\n      },\n      capi:{ title:'Capileira', addr1:'Calle Barranco del Poqueira, 8', meta:'Capileira | La Alpujarra | Granada',\n        hours:[\n          'Mi\u00e9rcoles, jueves y domingo: de 11:00 a 14:00 y de 15:00 a 19:00',\n          'Viernes y s\u00e1bados: de 12:00 a 14:00 y de 15:00 a 20:00',\n          'Lunes y martes: cerrado'\n        ]\n      }\n    },\n    en: {\n      phoneLabel:'Phone',\n      hoursLabel:'Hours',\n      pamp:{ title:'Pampaneira', addr1:'Plaza de la Libertad, 1', meta:'Pampaneira | La Alpujarra | Granada',\n        hours:[\n          'Monday to Friday: 10:00 am\u20132:00 pm and 3:00 pm\u20137:00 pm',\n          'Saturday & Sunday: 10:00 am\u20138:00 pm'\n        ]\n      },\n      capi:{ title:'Capileira', addr1:'Calle Barranco del Poqueira, 8', meta:'Capileira | La Alpujarra | Granada',\n        hours:[\n          'Wednesday, Thursday & Sunday: 11:00 am\u20132:00 pm and 3:00 pm\u20137:00 pm',\n          'Friday & Saturday: 12:00 pm\u20132:00 pm and 3:00 pm\u20138:00 pm',\n          'Monday & Tuesday: closed'\n        ]\n      }\n    },\n    fr: {\n      phoneLabel:'T\u00e9l\u00e9phone',\n      hoursLabel:'Horaires',\n      pamp:{ title:'Pampaneira', addr1:'Plaza de la Libertad, 1', meta:'Pampaneira | La Alpujarra | Grenade',\n        hours:[\n          'Du lundi au vendredi : 10h00\u201314h00 et 15h00\u201319h00',\n          'Samedi et dimanche : 10h00\u201320h00'\n        ]\n      },\n      capi:{ title:'Capileira', addr1:'Calle Barranco del Poqueira, 8', meta:'Capileira | La Alpujarra | Grenade',\n        hours:[\n          'Mercredi, jeudi et dimanche : 11h00\u201314h00 et 15h00\u201319h00',\n          'Vendredi et samedi : 12h00\u201314h00 et 15h00\u201320h00',\n          'Lundi et mardi : ferm\u00e9'\n        ]\n      }\n    }\n  };\n\n  var L = i18n[lang];\n\n  function block(loc){\n    return ''+\n    '<div class=\"location\" lang=\"'+lang+'\">'+\n      '<h1><strong>'+loc.title+'<\/strong><\/h1>'+\n      '<h3>'+loc.addr1+'<\/h3>'+\n      '<p>'+loc.meta+'<\/p>'+\n      '<p><strong>'+L.hoursLabel+':<\/strong><\/p>'+\n      loc.hours.map(function(line){return '<p>'+line+'<\/p>';}).join('')+\n      '<p><span>'+L.phoneLabel+':<\/span> <a href=\"tel:'+phoneIntl+'\">'+phoneNice+'<\/a><\/p>'+\n    '<\/div>';\n  }\n\n  var html = block(L.pamp) + block(L.capi);\n  document.getElementById('alpujarra-locations').innerHTML = html;\n})();\n<\/script>\n\n<div class=\"text-center\"><div class=\"is-divider divider clearfix\" style=\"max-width:500px;background-color:rgb(120, 45, 46);\"><\/div><\/div>\n\n\n\t\t<\/div>\n\t\t\t\t\n<style>\n#col-1298896361 > .col-inner {\n  padding: 0px 0px 0px 50px;\n}\n<\/style>\n\t<\/div>\n\n\t\n\n\t<div id=\"col-1720892861\" class=\"col medium-4 small-12 large-4\"  >\n\t\t\t\t<div class=\"col-inner text-left\"  >\n\t\t\t\n\t\t\t\n\n\t<div class=\"img has-hover x md-x lg-x y md-y lg-y\" id=\"image_2088205784\">\n\t\t\t\t\t\t\t\t<div class=\"img-inner image-cover dark\" style=\"padding-top:200px;\">\n\t\t\t<img loading=\"lazy\" decoding=\"async\" width=\"400\" height=\"400\" src=\"https:\/\/abuelailichocolates.com\/wp-content\/uploads\/2021\/09\/chocolate-10-granada-400x400.jpeg\" class=\"attachment-medium size-medium\" alt=\"\" srcset=\"https:\/\/abuelailichocolates.com\/wp-content\/uploads\/2021\/09\/chocolate-10-granada-400x400.jpeg 400w, https:\/\/abuelailichocolates.com\/wp-content\/uploads\/2021\/09\/chocolate-10-granada-600x600.jpeg 600w, https:\/\/abuelailichocolates.com\/wp-content\/uploads\/2021\/09\/chocolate-10-granada-100x100.jpeg 100w, https:\/\/abuelailichocolates.com\/wp-content\/uploads\/2021\/09\/chocolate-10-granada-1200x1200.jpeg 1200w, https:\/\/abuelailichocolates.com\/wp-content\/uploads\/2021\/09\/chocolate-10-granada-800x800.jpeg 800w, https:\/\/abuelailichocolates.com\/wp-content\/uploads\/2021\/09\/chocolate-10-granada-280x280.jpeg 280w, https:\/\/abuelailichocolates.com\/wp-content\/uploads\/2021\/09\/chocolate-10-granada-768x768.jpeg 768w, https:\/\/abuelailichocolates.com\/wp-content\/uploads\/2021\/09\/chocolate-10-granada-12x12.jpeg 12w, https:\/\/abuelailichocolates.com\/wp-content\/uploads\/2021\/09\/chocolate-10-granada-750x750.jpeg 750w, https:\/\/abuelailichocolates.com\/wp-content\/uploads\/2021\/09\/chocolate-10-granada.jpeg 1280w\" sizes=\"auto, (max-width: 400px) 100vw, 400px\" \/>\t\t\t\t\t\t\n\t\t\t\t\t<\/div>\n\t\t\t\t\t\t\t\t\n<style>\n#image_2088205784 {\n  width: 100%;\n}\n<\/style>\n\t<\/div>\n\t\n\n\t<div class=\"img has-hover hide-for-medium x md-x lg-x y md-y lg-y\" id=\"image_2042081271\">\n\t\t\t\t\t\t\t\t<div class=\"img-inner image-cover dark\" style=\"padding-top:200px;\">\n\t\t\t<img loading=\"lazy\" decoding=\"async\" width=\"512\" height=\"341\" src=\"https:\/\/abuelailichocolates.com\/wp-content\/uploads\/2021\/09\/chocolate-2-granada.jpeg\" class=\"attachment-medium size-medium\" alt=\"\" srcset=\"https:\/\/abuelailichocolates.com\/wp-content\/uploads\/2021\/09\/chocolate-2-granada.jpeg 512w, https:\/\/abuelailichocolates.com\/wp-content\/uploads\/2021\/09\/chocolate-2-granada-150x100.jpeg 150w, https:\/\/abuelailichocolates.com\/wp-content\/uploads\/2021\/09\/chocolate-2-granada-18x12.jpeg 18w\" sizes=\"auto, (max-width: 512px) 100vw, 512px\" \/>\t\t\t\t\t\t\n\t\t\t\t\t<\/div>\n\t\t\t\t\t\t\t\t\n<style>\n#image_2042081271 {\n  width: 100%;\n}\n<\/style>\n\t<\/div>\n\t\n\n\t<div class=\"img has-hover hide-for-medium x md-x lg-x y md-y lg-y\" id=\"image_985803183\">\n\t\t\t\t\t\t\t\t<div class=\"img-inner image-cover dark\" style=\"padding-top:200px;\">\n\t\t\t<img loading=\"lazy\" decoding=\"async\" width=\"300\" height=\"400\" src=\"https:\/\/abuelailichocolates.com\/wp-content\/uploads\/2021\/09\/choclolate-abuela-300x400.jpeg\" class=\"attachment-medium size-medium\" alt=\"\" srcset=\"https:\/\/abuelailichocolates.com\/wp-content\/uploads\/2021\/09\/choclolate-abuela-300x400.jpeg 300w, https:\/\/abuelailichocolates.com\/wp-content\/uploads\/2021\/09\/choclolate-abuela-150x200.jpeg 150w, https:\/\/abuelailichocolates.com\/wp-content\/uploads\/2021\/09\/choclolate-abuela-600x800.jpeg 600w, https:\/\/abuelailichocolates.com\/wp-content\/uploads\/2021\/09\/choclolate-abuela-768x1024.jpeg 768w, https:\/\/abuelailichocolates.com\/wp-content\/uploads\/2021\/09\/choclolate-abuela-9x12.jpeg 9w, https:\/\/abuelailichocolates.com\/wp-content\/uploads\/2021\/09\/choclolate-abuela-750x1000.jpeg 750w, https:\/\/abuelailichocolates.com\/wp-content\/uploads\/2021\/09\/choclolate-abuela.jpeg 960w\" sizes=\"auto, (max-width: 300px) 100vw, 300px\" \/>\t\t\t\t\t\t\n\t\t\t\t\t<\/div>\n\t\t\t\t\t\t\t\t\n<style>\n#image_985803183 {\n  width: 100%;\n}\n<\/style>\n\t<\/div>\n\t\n\n\n\n\t\t<\/div>\n\t\t\t\t\t<\/div>\n\n\t\n\n\t<div id=\"col-301017292\" class=\"col medium-2 small-12 large-4\"  >\n\t\t\t\t<div class=\"col-inner\"  >\n\t\t\t\n\t\t\t\n\n\t<div class=\"img has-hover x md-x lg-x y md-y lg-y\" id=\"image_1018470274\">\n\t\t\t\t\t\t\t\t<div class=\"img-inner image-cover dark\" style=\"padding-top:200px;\">\n\t\t\t<img loading=\"lazy\" decoding=\"async\" width=\"400\" height=\"400\" src=\"https:\/\/abuelailichocolates.com\/wp-content\/uploads\/2021\/09\/naranga-chocolate-2-400x400.jpeg\" class=\"attachment-medium size-medium\" alt=\"\" srcset=\"https:\/\/abuelailichocolates.com\/wp-content\/uploads\/2021\/09\/naranga-chocolate-2-400x400.jpeg 400w, https:\/\/abuelailichocolates.com\/wp-content\/uploads\/2021\/09\/naranga-chocolate-2-600x600.jpeg 600w, https:\/\/abuelailichocolates.com\/wp-content\/uploads\/2021\/09\/naranga-chocolate-2-100x100.jpeg 100w, https:\/\/abuelailichocolates.com\/wp-content\/uploads\/2021\/09\/naranga-chocolate-2-150x150.jpeg 150w, https:\/\/abuelailichocolates.com\/wp-content\/uploads\/2021\/09\/naranga-chocolate-2-800x800.jpeg 800w, https:\/\/abuelailichocolates.com\/wp-content\/uploads\/2021\/09\/naranga-chocolate-2-280x280.jpeg 280w, https:\/\/abuelailichocolates.com\/wp-content\/uploads\/2021\/09\/naranga-chocolate-2-768x768.jpeg 768w, https:\/\/abuelailichocolates.com\/wp-content\/uploads\/2021\/09\/naranga-chocolate-2-12x12.jpeg 12w, https:\/\/abuelailichocolates.com\/wp-content\/uploads\/2021\/09\/naranga-chocolate-2-750x750.jpeg 750w, https:\/\/abuelailichocolates.com\/wp-content\/uploads\/2021\/09\/naranga-chocolate-2.jpeg 1080w\" sizes=\"auto, (max-width: 400px) 100vw, 400px\" \/>\t\t\t\t\t\t\n\t\t\t\t\t<\/div>\n\t\t\t\t\t\t\t\t\n<style>\n#image_1018470274 {\n  width: 100%;\n}\n<\/style>\n\t<\/div>\n\t\n\n\t<div class=\"img has-hover hide-for-medium x md-x lg-x y md-y lg-y\" id=\"image_1171434478\">\n\t\t\t\t\t\t\t\t<div class=\"img-inner image-cover dark\" style=\"padding-top:200px;\">\n\t\t\t<img loading=\"lazy\" decoding=\"async\" width=\"300\" height=\"400\" src=\"https:\/\/abuelailichocolates.com\/wp-content\/uploads\/2021\/09\/bandera-chocolate-negro-10-300x400.jpeg\" class=\"attachment-medium size-medium\" alt=\"\" srcset=\"https:\/\/abuelailichocolates.com\/wp-content\/uploads\/2021\/09\/bandera-chocolate-negro-10-300x400.jpeg 300w, https:\/\/abuelailichocolates.com\/wp-content\/uploads\/2021\/09\/bandera-chocolate-negro-10-150x200.jpeg 150w, https:\/\/abuelailichocolates.com\/wp-content\/uploads\/2021\/09\/bandera-chocolate-negro-10-600x800.jpeg 600w, https:\/\/abuelailichocolates.com\/wp-content\/uploads\/2021\/09\/bandera-chocolate-negro-10-768x1024.jpeg 768w, https:\/\/abuelailichocolates.com\/wp-content\/uploads\/2021\/09\/bandera-chocolate-negro-10-9x12.jpeg 9w, https:\/\/abuelailichocolates.com\/wp-content\/uploads\/2021\/09\/bandera-chocolate-negro-10-750x1000.jpeg 750w, https:\/\/abuelailichocolates.com\/wp-content\/uploads\/2021\/09\/bandera-chocolate-negro-10.jpeg 960w\" sizes=\"auto, (max-width: 300px) 100vw, 300px\" \/>\t\t\t\t\t\t\n\t\t\t\t\t<\/div>\n\t\t\t\t\t\t\t\t\n<style>\n#image_1171434478 {\n  width: 100%;\n}\n<\/style>\n\t<\/div>\n\t\n\n\t<div class=\"img has-hover hide-for-medium x md-x lg-x y md-y lg-y\" id=\"image_518641167\">\n\t\t\t\t\t\t\t\t<div class=\"img-inner image-cover dark\" style=\"padding-top:200px;\">\n\t\t\t<img loading=\"lazy\" decoding=\"async\" width=\"300\" height=\"400\" src=\"https:\/\/abuelailichocolates.com\/wp-content\/uploads\/2021\/09\/chocolate-negro-bandera-grande-lateral-300x400.jpeg\" class=\"attachment-medium size-medium\" alt=\"\" srcset=\"https:\/\/abuelailichocolates.com\/wp-content\/uploads\/2021\/09\/chocolate-negro-bandera-grande-lateral-300x400.jpeg 300w, https:\/\/abuelailichocolates.com\/wp-content\/uploads\/2021\/09\/chocolate-negro-bandera-grande-lateral-150x200.jpeg 150w, https:\/\/abuelailichocolates.com\/wp-content\/uploads\/2021\/09\/chocolate-negro-bandera-grande-lateral-600x800.jpeg 600w, https:\/\/abuelailichocolates.com\/wp-content\/uploads\/2021\/09\/chocolate-negro-bandera-grande-lateral-768x1024.jpeg 768w, https:\/\/abuelailichocolates.com\/wp-content\/uploads\/2021\/09\/chocolate-negro-bandera-grande-lateral-9x12.jpeg 9w, https:\/\/abuelailichocolates.com\/wp-content\/uploads\/2021\/09\/chocolate-negro-bandera-grande-lateral-750x1000.jpeg 750w, https:\/\/abuelailichocolates.com\/wp-content\/uploads\/2021\/09\/chocolate-negro-bandera-grande-lateral.jpeg 960w\" sizes=\"auto, (max-width: 300px) 100vw, 300px\" \/>\t\t\t\t\t\t\n\t\t\t\t\t<\/div>\n\t\t\t\t\t\t\t\t\n<style>\n#image_518641167 {\n  width: 100%;\n}\n<\/style>\n\t<\/div>\n\t\n\n\n\t\t<\/div>\n\t\t\t\t\t<\/div>\n\n\t\n\n\t<div id=\"col-1517949781\" class=\"col medium-1 small-12 large-1\"  >\n\t\t\t\t<div class=\"col-inner text-center\"  >\n\t\t\t\n\t\t\t\n\n\n\t\t<\/div>\n\t\t\t\t\t<\/div>\n\n\t\n\n\t<div id=\"col-1224517746\" class=\"col medium-2 small-12 large-2\"  >\n\t\t\t\t<div class=\"col-inner text-center\"  >\n\t\t\t\n\t\t\t\n\n\n\t\t<\/div>\n\t\t\t\t\t<\/div>\n\n\t\n\n<\/div>\n\n","protected":false},"excerpt":{"rendered":"","protected":false},"author":5,"featured_media":11887,"parent":11870,"menu_order":0,"comment_status":"closed","ping_status":"closed","template":"page-blank.php","meta":{"footnotes":""},"class_list":["post-11886","page","type-page","status-publish","has-post-thumbnail","hentry"],"_links":{"self":[{"href":"https:\/\/abuelailichocolates.com\/en\/wp-json\/wp\/v2\/pages\/11886","targetHints":{"allow":["GET"]}}],"collection":[{"href":"https:\/\/abuelailichocolates.com\/en\/wp-json\/wp\/v2\/pages"}],"about":[{"href":"https:\/\/abuelailichocolates.com\/en\/wp-json\/wp\/v2\/types\/page"}],"author":[{"embeddable":true,"href":"https:\/\/abuelailichocolates.com\/en\/wp-json\/wp\/v2\/users\/5"}],"replies":[{"embeddable":true,"href":"https:\/\/abuelailichocolates.com\/en\/wp-json\/wp\/v2\/comments?post=11886"}],"version-history":[{"count":0,"href":"https:\/\/abuelailichocolates.com\/en\/wp-json\/wp\/v2\/pages\/11886\/revisions"}],"up":[{"embeddable":true,"href":"https:\/\/abuelailichocolates.com\/en\/wp-json\/wp\/v2\/pages\/11870"}],"wp:featuredmedia":[{"embeddable":true,"href":"https:\/\/abuelailichocolates.com\/en\/wp-json\/wp\/v2\/media\/11887"}],"wp:attachment":[{"href":"https:\/\/abuelailichocolates.com\/en\/wp-json\/wp\/v2\/media?parent=11886"}],"curies":[{"name":"wp","href":"https:\/\/api.w.org\/{rel}","templated":true}]}}