{"id":13439,"date":"2025-10-06T19:02:36","date_gmt":"2025-10-06T17:02:36","guid":{"rendered":"https:\/\/abuelailichocolates.com\/vends-du-chocolat-artisanal-deviens-partenaire-dabuela-ili-chocolates\/"},"modified":"2025-11-28T12:37:32","modified_gmt":"2025-11-28T11:37:32","slug":"vends-du-chocolat-artisanal-deviens-partenaire-dabuela-ili-chocolates","status":"publish","type":"page","link":"https:\/\/abuelailichocolates.com\/fr\/vends-du-chocolat-artisanal-deviens-partenaire-dabuela-ili-chocolates\/","title":{"rendered":"Vends du chocolat artisanal d&rsquo;Abuela ili"},"content":{"rendered":"\n<section id=\"b2b-distribuidores\">\n<div class=\"b2b-wrap\">\n<h2>Tu souhaites vendre notre chocolat artisanal ?<\/h2>\n<p><strong>Deviens distributeur d&rsquo;Abuela Ili Chocolates<\/strong> et propose dans ta boutique le go\u00fbt authentique du chocolat artisanal de l&rsquo;Alpujarra. Si tu as une <strong>boutique gourmet<\/strong>, un <strong>caf\u00e9<\/strong>, une <strong>p\u00e2tisserie<\/strong> ou tout autre lieu o\u00f9 le bon chocolat est roi, nous serons ravis de collaborer avec toi ! <\/p>\n<h3>Pourquoi choisir Abuela Ili Chocolates<\/h3>\n<ul>\n<li><strong>Chocolat artisanal<\/strong> \u00e9labor\u00e9 avec du cacao s\u00e9lectionn\u00e9 et sans pr\u00e9cipitation.<\/li>\n<li><strong>Fabriqu\u00e9 dans l\u2019Alpujarra<\/strong>, avec des ingr\u00e9dients naturels et une tradition locale.<\/li>\n<li><strong>Attention personnalis\u00e9e<\/strong> et contact direct : nous parlons avec toi, sans interm\u00e9diaires.<\/li>\n<li><strong>Commandes flexibles<\/strong> et <strong>livraisons rapides<\/strong> dans toute l\u2019Espagne.<\/li>\n<li><strong>Pr\u00e9sentation soign\u00e9e<\/strong>, id\u00e9ale pour les boutiques gourmandes et les commerces s\u00e9lects.<\/li>\n<\/ul>\n<h3>Comment commencer \u00e0 vendre notre chocolat<\/h3>\n<ol>\n<li>Envoie-nous les informations de ta boutique ou de ton entreprise.<\/li>\n<li>Re\u00e7ois notre catalogue professionnel avec les <strong>prix pour les distributeurs<\/strong>.<\/li>\n<li>Passe ta premi\u00e8re commande et commence \u00e0 vendre l\u2019authentique <strong>chocolat artisanal de l\u2019Alpujarra<\/strong>.<\/li>\n<\/ol>\n<h3>Avantages pour les boutiques et les distributeurs<\/h3>\n<p>Nous travaillons avec des <strong>boutiques gourmandes<\/strong>, des <strong>h\u00f4tels ruraux<\/strong>, des <strong>caf\u00e9s<\/strong> et des <strong>petits commerces<\/strong> qui valorisent la qualit\u00e9 et les produits locaux. Nos chocolats artisanaux sont un produit \u00e0 <strong>forte valeur ajout\u00e9e<\/strong>, parfaits pour mettre en valeur ta vitrine ou surprendre tes clients avec des saveurs authentiques. <\/p>\n<h3>Tu souhaites faire partie de notre famille de chocolatiers ?<\/h3>\n<p>Remplis le formulaire ou \u00e9cris-nous directement \u00e0 <a href=\"mailto:info@abuelailichocolates.com\">info@abuelailichocolates.com<\/a>. Nous te r\u00e9pondrons avec plaisir et te donnerons toutes les informations dont tu as besoin pour commencer \u00e0 travailler avec nous.<\/p>\n<\/div>\n<\/section>\n\n\n\n\n<div class=\"wpcf7 no-js\" id=\"wpcf7-f13629-o1\" lang=\"fr-FR\" dir=\"ltr\" data-wpcf7-id=\"13629\">\n<div class=\"screen-reader-response\"><p role=\"status\" aria-live=\"polite\" aria-atomic=\"true\"><\/p> <ul><\/ul><\/div>\n<form action=\"\/fr\/wp-json\/wp\/v2\/pages\/13439#wpcf7-f13629-o1\" method=\"post\" class=\"wpcf7-form init\" aria-label=\"Formulaire de contact\" novalidate=\"novalidate\" data-status=\"init\">\n<fieldset class=\"hidden-fields-container\"><input type=\"hidden\" name=\"_wpcf7\" value=\"13629\" \/><input type=\"hidden\" name=\"_wpcf7_version\" value=\"6.1.5\" \/><input type=\"hidden\" name=\"_wpcf7_locale\" value=\"fr_FR\" \/><input type=\"hidden\" name=\"_wpcf7_unit_tag\" value=\"wpcf7-f13629-o1\" \/><input type=\"hidden\" name=\"_wpcf7_container_post\" value=\"0\" \/><input type=\"hidden\" name=\"_wpcf7_posted_data_hash\" value=\"\" \/>\n<\/fieldset>\n<div class=\"wpcf7-turnstile cf-turnstile\" data-sitekey=\"0x4AAAAAAB5Z3xejCBwXnnxg\" data-response-field-name=\"_wpcf7_turnstile_response\"><\/div>\n\n<h3>Demande de collaboration B2B\n<\/h3>\n<p>Parle-nous bri\u00e8vement de ton entreprise et nous t\u2019enverrons notre catalogue professionnel.\n<\/p>\n<p><label> Nom de l'entreprise<br \/>\n<span class=\"wpcf7-form-control-wrap\" data-name=\"empresa\"><input size=\"40\" maxlength=\"400\" class=\"wpcf7-form-control wpcf7-text wpcf7-validates-as-required\" aria-required=\"true\" aria-invalid=\"false\" placeholder=\"Ex : Delicias Gourmet\" value=\"\" type=\"text\" name=\"empresa\" \/><\/span> <\/label>\n<\/p>\n<p><label> Personne de contact<br \/>\n<span class=\"wpcf7-form-control-wrap\" data-name=\"contacto\"><input size=\"40\" maxlength=\"400\" class=\"wpcf7-form-control wpcf7-text wpcf7-validates-as-required\" aria-required=\"true\" aria-invalid=\"false\" placeholder=\"Nom et pr\u00e9nom\" value=\"\" type=\"text\" name=\"contacto\" \/><\/span> <\/label>\n<\/p>\n<p><label> Email<br \/>\n<span class=\"wpcf7-form-control-wrap\" data-name=\"email\"><input size=\"40\" maxlength=\"400\" class=\"wpcf7-form-control wpcf7-email wpcf7-validates-as-required wpcf7-text wpcf7-validates-as-email\" aria-required=\"true\" aria-invalid=\"false\" placeholder=\"email@entreprise.com\" value=\"\" type=\"email\" name=\"email\" \/><\/span> <\/label>\n<\/p>\n<p><label> T\u00e9l\u00e9phone \/ WhatsApp<br \/>\n<span class=\"wpcf7-form-control-wrap\" data-name=\"telefono\"><input size=\"40\" maxlength=\"400\" class=\"wpcf7-form-control wpcf7-tel wpcf7-validates-as-required wpcf7-text wpcf7-validates-as-tel\" aria-required=\"true\" aria-invalid=\"false\" placeholder=\"+34 6XX XXX XXX\" value=\"\" type=\"tel\" name=\"telefono\" \/><\/span> <\/label>\n<\/p>\n<p><label> Type de commerce<br \/>\n<span class=\"wpcf7-form-control-wrap\" data-name=\"tipo-negocio\"><select class=\"wpcf7-form-control wpcf7-select wpcf7-validates-as-required\" aria-required=\"true\" aria-invalid=\"false\" name=\"tipo-negocio\"><option value=\"\">&#8212;Veuillez choisir une option&#8212;<\/option><option value=\"Boutique gourmet\">Boutique gourmet<\/option><option value=\"H\u00f4tel rural\">H\u00f4tel rural<\/option><option value=\"Caf\u00e9t\u00e9ria\">Caf\u00e9t\u00e9ria<\/option><option value=\"Restaurant\">Restaurant<\/option><option value=\"Distributeur\">Distributeur<\/option><option value=\"Autre\">Autre<\/option><\/select><\/span> <\/label>\n<\/p>\n<p><label> Ville \/ Province<br \/>\n<span class=\"wpcf7-form-control-wrap\" data-name=\"ubicacion\"><input size=\"40\" maxlength=\"400\" class=\"wpcf7-form-control wpcf7-text\" aria-invalid=\"false\" placeholder=\"Ex : M\u00e1laga, Andalousie\" value=\"\" type=\"text\" name=\"ubicacion\" \/><\/span> <\/label>\n<\/p>\n<p><label> Commentaire (facultatif)<br \/>\n<span class=\"wpcf7-form-control-wrap\" data-name=\"mensaje\"><textarea cols=\"40\" rows=\"10\" maxlength=\"2000\" class=\"wpcf7-form-control wpcf7-textarea\" aria-invalid=\"false\" placeholder=\"Parle-nous bri\u00e8vement de ton activit\u00e9 ou quels produits t\u2019int\u00e9ressent\" name=\"mensaje\"><\/textarea><\/span> <\/label>\n<\/p>\n<p><input class=\"wpcf7-form-control wpcf7-submit has-spinner\" type=\"submit\" value=\"Demander des informations et le catalogue\" \/>\n<\/p><div class=\"wpcf7-response-output\" aria-hidden=\"true\"><\/div>\n<\/form>\n<\/div>\n\n\n\n","protected":false},"excerpt":{"rendered":"","protected":false},"author":3643,"featured_media":13440,"parent":0,"menu_order":0,"comment_status":"closed","ping_status":"closed","template":"page-blank-title-center.php","meta":{"footnotes":""},"class_list":["post-13439","page","type-page","status-publish","has-post-thumbnail","hentry"],"_links":{"self":[{"href":"https:\/\/abuelailichocolates.com\/fr\/wp-json\/wp\/v2\/pages\/13439","targetHints":{"allow":["GET"]}}],"collection":[{"href":"https:\/\/abuelailichocolates.com\/fr\/wp-json\/wp\/v2\/pages"}],"about":[{"href":"https:\/\/abuelailichocolates.com\/fr\/wp-json\/wp\/v2\/types\/page"}],"author":[{"embeddable":true,"href":"https:\/\/abuelailichocolates.com\/fr\/wp-json\/wp\/v2\/users\/3643"}],"replies":[{"embeddable":true,"href":"https:\/\/abuelailichocolates.com\/fr\/wp-json\/wp\/v2\/comments?post=13439"}],"version-history":[{"count":0,"href":"https:\/\/abuelailichocolates.com\/fr\/wp-json\/wp\/v2\/pages\/13439\/revisions"}],"wp:featuredmedia":[{"embeddable":true,"href":"https:\/\/abuelailichocolates.com\/fr\/wp-json\/wp\/v2\/media\/13440"}],"wp:attachment":[{"href":"https:\/\/abuelailichocolates.com\/fr\/wp-json\/wp\/v2\/media?parent=13439"}],"curies":[{"name":"wp","href":"https:\/\/api.w.org\/{rel}","templated":true}]}}