{"id":14618,"date":"2025-12-15T13:44:15","date_gmt":"2025-12-15T12:44:15","guid":{"rendered":"https:\/\/abuelailichocolates.com\/frais-de-livraison\/"},"modified":"2025-12-15T15:27:36","modified_gmt":"2025-12-15T14:27:36","slug":"frais-de-livraison","status":"publish","type":"page","link":"https:\/\/abuelailichocolates.com\/fr\/frais-de-livraison\/","title":{"rendered":"Frais de livraison"},"content":{"rendered":"\n<p>Chez <strong>Abuela ili Chocolates<\/strong>, depuis notre fabrique \u00e0 <strong>Pampaneira (La Alpujarra, Grenade)<\/strong>, nous pr\u00e9parons chaque commande avec soin pour qu\u2019elle arrive en parfait \u00e9tat.<br>Avant de finaliser ton achat, tu pourras voir clairement le co\u00fbt de la livraison selon ta zone.<\/p>\n<p>Chaque fois que nous envoyons une commande, vous recevrez un e-mail vous informant du d\u00e9part de votre marchandise de l&rsquo;entrep\u00f4t.<\/p>\n<section aria-labelledby=\"zonas-envio\">\n<h2 id=\"zonas-envio\">Zones et tarifs de livraison<\/h2>\n<ul>\n<li><strong>Andalousie :<\/strong> 4,84 \u20ac<\/li>\n<li><strong>Espagne p\u00e9ninsulaire et Portugal :<\/strong> 7,26 \u20ac<\/li>\n<li><strong>Bal\u00e9ares :<\/strong> 10 \u20ac<\/li>\n<\/ul>\n<p>Les envois sont effectu\u00e9s par une agence de transport. Les frais de transport sont \u00e0 la charge de l&rsquo;acheteur et<br>sont calcul\u00e9s automatiquement pendant le processus d&rsquo;achat. <\/p>\n<\/section>\n<section aria-labelledby=\"envio-internacional\">\n<h2 id=\"envio-internacional\">Livraisons internationales<\/h2>\n<p>Chez <strong>Abuela ili Chocolates<\/strong>, nous livrons dans <strong>le monde entier<\/strong>.<br>Pour les commandes internationales, veuillez v\u00e9rifier la disponibilit\u00e9 et le budget en nous \u00e9crivant \u00e0 l&rsquo;adresse suivante :<br><a href=\"mailto:info@abuelailichocolates.com\">info@abuelailichocolates.com<\/a>.<\/p>\n<\/section>\n<section aria-labelledby=\"info-adicional\">\n<h2 id=\"info-adicional\">Informations compl\u00e9mentaires<\/h2>\n<p>La commande sera disponible une fois le paiement confirm\u00e9. Vous pourrez la visualiser et consulter son \u00e9tat depuis votre compte,<br>dans la section historique des commandes. Le prix final inclut la TVA.  <\/p>\n<p>Pour plus de d\u00e9tails sur les d\u00e9lais, les conditions de livraison, les \u00e9changes et les retours, veuillez consulter notre<br><a href=\"https:\/\/abuelailichocolates.com\/fr\/conditions-generales\/\" target=\"_blank\" rel=\"noopener\"><br>Politique d&rsquo;exp\u00e9dition et de retour<br><\/a>.<\/p>\n<\/section>\n\n\n{\n  \u00ab\u00a0@context\u00a0\u00bb: \u00ab\u00a0https:\/\/schema.org\u00a0\u00bb,\n  \u00ab\u00a0@graph\u00a0\u00bb: [\n    {\n      \u00ab\u00a0@type\u00a0\u00bb: \u00ab\u00a0WebPage\u00a0\u00bb,\n      \u00ab\u00a0@id\u00a0\u00bb: \u00ab\u00a0https:\/\/abuelailichocolates.com\/gastos-de-envio\/\u00a0\u00bb,\n      \u00ab\u00a0url\u00a0\u00bb: \u00ab\u00a0https:\/\/abuelailichocolates.com\/gastos-de-envio\/\u00a0\u00bb,\n      \u00ab\u00a0name\u00a0\u00bb: \u00ab\u00a0Gastos de env\u00edo | Abuela Ili Chocolates\u00a0\u00bb,\n      \u00ab\u00a0description\u00a0\u00bb: \u00ab\u00a0Gastos de env\u00edo de Abuela Ili Chocolates desde Pampaneira (Granada): Andaluc\u00eda 4,84\u20ac, Espa\u00f1a pen\u00ednsula y Portugal 7,26\u20ac, Baleares 10\u20ac. Env\u00edos internacionales bajo consulta.\u00a0\u00bb,\n      \u00ab\u00a0inLanguage\u00a0\u00bb: \u00ab\u00a0es-ES\u00a0\u00bb,\n      \u00ab\u00a0isPartOf\u00a0\u00bb: {\n        \u00ab\u00a0@id\u00a0\u00bb: \u00ab\u00a0https:\/\/abuelailichocolates.com\/#website\u00a0\u00bb\n      },\n      \u00ab\u00a0about\u00a0\u00bb: {\n        \u00ab\u00a0@id\u00a0\u00bb: \u00ab\u00a0https:\/\/abuelailichocolates.com\/#organization\u00a0\u00bb\n      }\n    },\n    {\n      \u00ab\u00a0@type\u00a0\u00bb: \u00ab\u00a0WebSite\u00a0\u00bb,\n      \u00ab\u00a0@id\u00a0\u00bb: \u00ab\u00a0https:\/\/abuelailichocolates.com\/#website\u00a0\u00bb,\n      \u00ab\u00a0url\u00a0\u00bb: \u00ab\u00a0https:\/\/abuelailichocolates.com\/\u00a0\u00bb,\n      \u00ab\u00a0name\u00a0\u00bb: \u00ab\u00a0Abuela Ili Chocolates\u00a0\u00bb,\n      \u00ab\u00a0inLanguage\u00a0\u00bb: \u00ab\u00a0es-ES\u00a0\u00bb\n    },\n    {\n      \u00ab\u00a0@type\u00a0\u00bb: \u00ab\u00a0Organization\u00a0\u00bb,\n      \u00ab\u00a0@id\u00a0\u00bb: \u00ab\u00a0https:\/\/abuelailichocolates.com\/#organization\u00a0\u00bb,\n      \u00ab\u00a0name\u00a0\u00bb: \u00ab\u00a0Abuela Ili Chocolates\u00a0\u00bb,\n      \u00ab\u00a0url\u00a0\u00bb: \u00ab\u00a0https:\/\/abuelailichocolates.com\/\u00a0\u00bb,\n      \u00ab\u00a0email\u00a0\u00bb: \u00ab\u00a0info@abuelailichocolates.com\u00a0\u00bb,\n      \u00ab\u00a0address\u00a0\u00bb: {\n        \u00ab\u00a0@type\u00a0\u00bb: \u00ab\u00a0PostalAddress\u00a0\u00bb,\n        \u00ab\u00a0addressLocality\u00a0\u00bb: \u00ab\u00a0Pampaneira\u00a0\u00bb,\n        \u00ab\u00a0addressRegion\u00a0\u00bb: \u00ab\u00a0Granada\u00a0\u00bb,\n        \u00ab\u00a0addressCountry\u00a0\u00bb: \u00ab\u00a0ES\u00a0\u00bb\n      }\n    },\n    {\n      \u00ab\u00a0@type\u00a0\u00bb: \u00ab\u00a0FAQPage\u00a0\u00bb,\n      \u00ab\u00a0@id\u00a0\u00bb: \u00ab\u00a0https:\/\/abuelailichocolates.com\/gastos-de-envio\/#faq\u00a0\u00bb,\n      \u00ab\u00a0mainEntity\u00a0\u00bb: [\n        {\n          \u00ab\u00a0@type\u00a0\u00bb: \u00ab\u00a0Question\u00a0\u00bb,\n          \u00ab\u00a0name\u00a0\u00bb: \u00ab\u00a0\u00bfCu\u00e1nto cuesta el env\u00edo en Andaluc\u00eda?\u00a0\u00bb,\n          \u00ab\u00a0acceptedAnswer\u00a0\u00bb: {\n            \u00ab\u00a0@type\u00a0\u00bb: \u00ab\u00a0Answer\u00a0\u00bb,\n            \u00ab\u00a0text\u00a0\u00bb: \u00ab\u00a0El env\u00edo en Andaluc\u00eda tiene un coste de 4,84 \u20ac.\u00a0\u00bb\n          }\n        },\n        {\n          \u00ab\u00a0@type\u00a0\u00bb: \u00ab\u00a0Question\u00a0\u00bb,\n          \u00ab\u00a0name\u00a0\u00bb: \u00ab\u00a0\u00bfCu\u00e1nto cuesta el env\u00edo a Espa\u00f1a pen\u00ednsula y Portugal?\u00a0\u00bb,\n          \u00ab\u00a0acceptedAnswer\u00a0\u00bb: {\n            \u00ab\u00a0@type\u00a0\u00bb: \u00ab\u00a0Answer\u00a0\u00bb,\n            \u00ab\u00a0text\u00a0\u00bb: \u00ab\u00a0El env\u00edo a Espa\u00f1a pen\u00ednsula y Portugal cuesta 7,26 \u20ac.\u00a0\u00bb\n          }\n        },\n        {\n          \u00ab\u00a0@type\u00a0\u00bb: \u00ab\u00a0Question\u00a0\u00bb,\n          \u00ab\u00a0name\u00a0\u00bb: \u00ab\u00a0\u00bfCu\u00e1nto cuesta el env\u00edo a Baleares?\u00a0\u00bb,\n          \u00ab\u00a0acceptedAnswer\u00a0\u00bb: {\n            \u00ab\u00a0@type\u00a0\u00bb: \u00ab\u00a0Answer\u00a0\u00bb,\n            \u00ab\u00a0text\u00a0\u00bb: \u00ab\u00a0El env\u00edo a Baleares cuesta 10 \u20ac.\u00a0\u00bb\n          }\n        },\n        {\n          \u00ab\u00a0@type\u00a0\u00bb: \u00ab\u00a0Question\u00a0\u00bb,\n          \u00ab\u00a0name\u00a0\u00bb: \u00ab\u00a0\u00bfHac\u00e9is env\u00edos internacionales?\u00a0\u00bb,\n          \u00ab\u00a0acceptedAnswer\u00a0\u00bb: {\n            \u00ab\u00a0@type\u00a0\u00bb: \u00ab\u00a0Answer\u00a0\u00bb,\n            \u00ab\u00a0text\u00a0\u00bb: \u00ab\u00a0S\u00ed, enviamos a todo el mundo. Para pedidos internacionales, consulta por email a info@abuelailichocolates.com.\u00a0\u00bb\n          }\n        },\n        {\n          \u00ab\u00a0@type\u00a0\u00bb: \u00ab\u00a0Question\u00a0\u00bb,\n          \u00ab\u00a0name\u00a0\u00bb: \u00ab\u00a0\u00bfD\u00f3nde puedo ver la pol\u00edtica de env\u00edos y devoluciones?\u00a0\u00bb,\n          \u00ab\u00a0acceptedAnswer\u00a0\u00bb: {\n            \u00ab\u00a0@type\u00a0\u00bb: \u00ab\u00a0Answer\u00a0\u00bb,\n            \u00ab\u00a0text\u00a0\u00bb: \u00ab\u00a0Puedes consultar la pol\u00edtica de env\u00edos y devoluciones aqu\u00ed: https:\/\/abuelailichocolates.com\/politica-de-envios-y-devoluciones\/.\u00a0\u00bb\n          }\n        }\n      ]\n    }\n  ]\n}\n\n\n\n","protected":false},"excerpt":{"rendered":"","protected":false},"author":3643,"featured_media":0,"parent":0,"menu_order":0,"comment_status":"closed","ping_status":"closed","template":"","meta":{"footnotes":""},"class_list":["post-14618","page","type-page","status-publish","hentry"],"_links":{"self":[{"href":"https:\/\/abuelailichocolates.com\/fr\/wp-json\/wp\/v2\/pages\/14618","targetHints":{"allow":["GET"]}}],"collection":[{"href":"https:\/\/abuelailichocolates.com\/fr\/wp-json\/wp\/v2\/pages"}],"about":[{"href":"https:\/\/abuelailichocolates.com\/fr\/wp-json\/wp\/v2\/types\/page"}],"author":[{"embeddable":true,"href":"https:\/\/abuelailichocolates.com\/fr\/wp-json\/wp\/v2\/users\/3643"}],"replies":[{"embeddable":true,"href":"https:\/\/abuelailichocolates.com\/fr\/wp-json\/wp\/v2\/comments?post=14618"}],"version-history":[{"count":5,"href":"https:\/\/abuelailichocolates.com\/fr\/wp-json\/wp\/v2\/pages\/14618\/revisions"}],"predecessor-version":[{"id":14644,"href":"https:\/\/abuelailichocolates.com\/fr\/wp-json\/wp\/v2\/pages\/14618\/revisions\/14644"}],"wp:attachment":[{"href":"https:\/\/abuelailichocolates.com\/fr\/wp-json\/wp\/v2\/media?parent=14618"}],"curies":[{"name":"wp","href":"https:\/\/api.w.org\/{rel}","templated":true}]}}