{"id":12452,"date":"2015-09-28T11:39:35","date_gmt":"2015-09-28T09:39:35","guid":{"rendered":"https:\/\/abuelailichocolates.com\/tienda\/cacao-en-poudre-100-naturel-sans-sucres-ajoutes-ni-melanges\/"},"modified":"2025-12-22T13:21:12","modified_gmt":"2025-12-22T12:21:12","slug":"cacao-en-poudre-100-naturel-sans-sucres-ajoutes-ni-melanges","status":"publish","type":"product","link":"https:\/\/abuelailichocolates.com\/fr\/producto\/cacao-en-poudre-100-naturel-sans-sucres-ajoutes-ni-melanges\/","title":{"rendered":"Cacao en poudre 100 % naturel, sans sucres ajout\u00e9s ni m\u00e9langes."},"content":{"rendered":"<h2>Cacao pur en poudre artisanal<\/h2>\n<p>Le <strong>cacao en poudre<\/strong> d&rsquo;Abuela Ili est 100 % naturel, sans sucres ajout\u00e9s ni m\u00e9langes. \u00c9labor\u00e9 avec du <em>cacao artisanal de l&rsquo;Alpujarra<\/em>, il conserve tout l&rsquo;ar\u00f4me et l&rsquo;intensit\u00e9 du v\u00e9ritable chocolat de qualit\u00e9. Chaque cuill\u00e8re est comme un voyage au c\u0153ur de l&rsquo;Alpujarra, avec l&rsquo;ar\u00f4me profond du cacao fra\u00eechement torr\u00e9fi\u00e9 qui s\u00e9duit d\u00e8s la premi\u00e8re gorg\u00e9e.  <\/p>\n<h2>Qu&rsquo;est-ce qui le rend si sp\u00e9cial&nbsp;?<\/h2>\n<ul>\n<li>Origine naturelle&nbsp;: sans additifs ni conservateurs.<\/li>\n<li>Polyvalent&nbsp;: parfait pour la p\u00e2tisserie, les milkshakes ou les chocolats chauds.<\/li>\n<li>Intensit\u00e9 unique&nbsp;: saveur profonde et authentique.<\/li>\n<li>Qualit\u00e9 artisanale de l&rsquo;Alpujarra grenadine.<\/li>\n<\/ul>\n<h2>Comment en profiter au mieux \u00e0 la maison<\/h2>\n<ul>\n<li>Biscuits faits maison pleins de saveur<\/li>\n<li>Cookies et brownies irr\u00e9sistibles<\/li>\n<li>Milkshakes et smoothies \u00e9nerg\u00e9tiques<\/li>\n<li>Chocolat chaud en hiver<\/li>\n<li>Cacao froid rafra\u00eechissant en \u00e9t\u00e9<\/li>\n<li>Glaces et pains de mie sucr\u00e9s<\/li>\n<\/ul>\n<h2>Un ingr\u00e9dient de confiance<\/h2>\n<p>Abuela Ili Chocolates soigne chaque d\u00e9tail pour que tu profites d&rsquo;un cacao d&rsquo;une puret\u00e9 maximale, directement de la terre \u00e0 ta cuisine. Une option saine et d\u00e9licieuse pour les amateurs de bon chocolat. <\/p>\n<h2>Fiche technique du cacao en poudre<\/h2>\n<p>Cacao en poudre d\u00e9graiss\u00e9 alcalinis\u00e9, avec 10\/12&nbsp;% de beurre de cacao, obtenu par la mouture de f\u00e8ves de cacao (<em>Theobroma Cocoa<\/em>) saines et m\u00fbres, pr\u00e9alablement nettoy\u00e9es, torr\u00e9fi\u00e9es et soumises \u00e0 un traitement d&rsquo;alcalinisation appropri\u00e9.<\/p>\n<h3>Ingr\u00e9dients<\/h3>\n<p>Cacao en poudre d\u00e9graiss\u00e9, correcteur d&rsquo;acidit\u00e9&nbsp;: carbonate de potassium.<\/p>\n<h3>Informations importantes<\/h3>\n<p>SANS GLUTEN.<\/p>\n","protected":false},"excerpt":{"rendered":"<p>Cacao en poudre. Pur, naturel et sans gluten. Id\u00e9al pour les desserts, les boissons et la p\u00e2tisserie. Emm\u00e8ne-le dans ta cuisine&nbsp;!   <\/p>\n<p>200&nbsp;g<\/p>\n","protected":false},"featured_media":12453,"comment_status":"closed","ping_status":"closed","template":"","meta":[],"product_brand":[194],"product_cat":[267,399,268],"product_tag":[269,270,400],"class_list":{"0":"post-12452","1":"product","2":"type-product","3":"status-publish","4":"has-post-thumbnail","6":"product_brand-abuela-ili-chocolate","7":"product_cat-selection","8":"product_cat-sans-sucre","9":"product_cat-tous-les-produits","10":"product_tag-assortiments","11":"product_tag-cacao","12":"product_tag-sans-sucre","14":"first","15":"instock","16":"taxable","17":"shipping-taxable","18":"purchasable","19":"product-type-simple"},"_links":{"self":[{"href":"https:\/\/abuelailichocolates.com\/fr\/wp-json\/wp\/v2\/product\/12452","targetHints":{"allow":["GET"]}}],"collection":[{"href":"https:\/\/abuelailichocolates.com\/fr\/wp-json\/wp\/v2\/product"}],"about":[{"href":"https:\/\/abuelailichocolates.com\/fr\/wp-json\/wp\/v2\/types\/product"}],"replies":[{"embeddable":true,"href":"https:\/\/abuelailichocolates.com\/fr\/wp-json\/wp\/v2\/comments?post=12452"}],"wp:featuredmedia":[{"embeddable":true,"href":"https:\/\/abuelailichocolates.com\/fr\/wp-json\/wp\/v2\/media\/12453"}],"wp:attachment":[{"href":"https:\/\/abuelailichocolates.com\/fr\/wp-json\/wp\/v2\/media?parent=12452"}],"wp:term":[{"taxonomy":"product_brand","embeddable":true,"href":"https:\/\/abuelailichocolates.com\/fr\/wp-json\/wp\/v2\/product_brand?post=12452"},{"taxonomy":"product_cat","embeddable":true,"href":"https:\/\/abuelailichocolates.com\/fr\/wp-json\/wp\/v2\/product_cat?post=12452"},{"taxonomy":"product_tag","embeddable":true,"href":"https:\/\/abuelailichocolates.com\/fr\/wp-json\/wp\/v2\/product_tag?post=12452"}],"curies":[{"name":"wp","href":"https:\/\/api.w.org\/{rel}","templated":true}]}}