{"id":12632,"date":"2015-09-28T11:37:18","date_gmt":"2015-09-28T09:37:18","guid":{"rendered":"https:\/\/abuelailichocolates.com\/tienda\/chocolat-noir-90\/"},"modified":"2015-09-28T11:37:18","modified_gmt":"2015-09-28T09:37:18","slug":"chocolat-noir-90","status":"publish","type":"product","link":"https:\/\/abuelailichocolates.com\/fr\/producto\/chocolat-noir-90\/","title":{"rendered":"Chocolat noir 90 %"},"content":{"rendered":"<p><strong>INGR\u00c9DIENTS :<\/strong><\/p>\n<p><strong>*P\u00e2te de cacao pure (80 %).<\/strong><\/p>\n<p><strong>*Couverture de chocolat noir (20 %) :<\/strong> sucre, p\u00e2te de cacao, beurre de cacao ; \u00e9mulsifiant : l\u00e9cithines (<strong>soja<\/strong>), ar\u00f4me naturel de vanille.<\/p>\n","protected":false},"excerpt":{"rendered":"<p>Tablette de<span style=\"font-size: 14.4px;\"> 50grs. et 110grs. <\/span><\/p>\n","protected":false},"featured_media":10758,"comment_status":"closed","ping_status":"closed","template":"","meta":[],"product_brand":[194],"product_cat":[266,268],"product_tag":[283,282,281],"class_list":{"0":"post-12632","1":"product","2":"type-product","3":"status-publish","4":"has-post-thumbnail","6":"product_brand-abuela-ili-chocolate","7":"product_cat-chocolat-noir","8":"product_cat-tous-les-produits","9":"product_tag-110-grammes","10":"product_tag-50-grammes","11":"product_tag-tablettes","12":"pa_alergenos-peut-contenir-du-gluten","13":"pa_alergenos-soja","14":"pa_alergenos-traces-de-fruits-a-coque","15":"pa_alergenos-traces-de-lait","17":"first","18":"instock","19":"featured","20":"taxable","21":"shipping-taxable","22":"purchasable","23":"product-type-variable"},"_links":{"self":[{"href":"https:\/\/abuelailichocolates.com\/fr\/wp-json\/wp\/v2\/product\/12632","targetHints":{"allow":["GET"]}}],"collection":[{"href":"https:\/\/abuelailichocolates.com\/fr\/wp-json\/wp\/v2\/product"}],"about":[{"href":"https:\/\/abuelailichocolates.com\/fr\/wp-json\/wp\/v2\/types\/product"}],"replies":[{"embeddable":true,"href":"https:\/\/abuelailichocolates.com\/fr\/wp-json\/wp\/v2\/comments?post=12632"}],"wp:featuredmedia":[{"embeddable":true,"href":"https:\/\/abuelailichocolates.com\/fr\/wp-json\/wp\/v2\/media\/10758"}],"wp:attachment":[{"href":"https:\/\/abuelailichocolates.com\/fr\/wp-json\/wp\/v2\/media?parent=12632"}],"wp:term":[{"taxonomy":"product_brand","embeddable":true,"href":"https:\/\/abuelailichocolates.com\/fr\/wp-json\/wp\/v2\/product_brand?post=12632"},{"taxonomy":"product_cat","embeddable":true,"href":"https:\/\/abuelailichocolates.com\/fr\/wp-json\/wp\/v2\/product_cat?post=12632"},{"taxonomy":"product_tag","embeddable":true,"href":"https:\/\/abuelailichocolates.com\/fr\/wp-json\/wp\/v2\/product_tag?post=12632"}],"curies":[{"name":"wp","href":"https:\/\/api.w.org\/{rel}","templated":true}]}}