{"id":12633,"date":"2018-10-20T14:03:09","date_gmt":"2018-10-20T12:03:09","guid":{"rendered":"https:\/\/abuelailichocolates.com\/tienda\/tablette-noir-100-cacao\/"},"modified":"2025-12-05T20:15:36","modified_gmt":"2025-12-05T19:15:36","slug":"tablette-noir-100-cacao","status":"publish","type":"product","link":"https:\/\/abuelailichocolates.com\/fr\/producto\/tablette-noir-100-cacao\/","title":{"rendered":"Tablette noir 100 % cacao"},"content":{"rendered":"<h2>Chocolat noir 100 % cacao artisanal<\/h2>\n<p>Ce <strong>chocolat noir 100 %<\/strong> d&rsquo;Abuela Ili est la d\u00e9finition de l&rsquo;intensit\u00e9&nbsp;: du cacao pur, sans sucre ajout\u00e9 et avec tout le caract\u00e8re de l&rsquo;Alpujarra. Parfait pour ceux qui aiment le go\u00fbt authentique et profond du chocolat artisanal. <\/p>\n<h2>Oserez-vous go\u00fbter le c\u00f4t\u00e9 le plus intense du cacao&nbsp;?<\/h2>\n<p>Ce n&rsquo;est pas un chocolat comme les autres. Il est fort, direct et sans filtre. Une exp\u00e9rience qui surprend m\u00eame les plus grands amateurs de cacao.  <\/p>\n<h2>Qu&rsquo;est-ce qui le rend si sp\u00e9cial&nbsp;?<\/h2>\n<ul>\n<li>&#x2714;&#xfe0f; \u00c9labor\u00e9 de mani\u00e8re artisanale dans l&rsquo;Alpujarra de Grenade.<\/li>\n<li>&#x2714;&#xfe0f; Sans sucre ajout\u00e9, uniquement du cacao de qualit\u00e9 sup\u00e9rieure.<\/li>\n<li>&#x2714;&#xfe0f; Go\u00fbt puissant, id\u00e9al pour les palais les plus audacieux.<\/li>\n<li>&#x2714;&#xfe0f; Texture fine qui fond lentement en bouche.<\/li>\n<\/ul>\n<h2>Comment en profiter au mieux \u00e0 la maison<\/h2>\n<p>Si tu recherches une vraie dose de cacao, ce chocolat est fait pour toi. Go\u00fbte-le avec un caf\u00e9 expresso, un bon rhum ou utilise-le pour r\u00e2per sur des fruits et des yaourts. Explosion de saveur garantie&nbsp;!  <\/p>\n<h2>Un d\u00e9tail unique et authentique<\/h2>\n<p>Ce chocolat 100 % est pour ceux qui veulent aller au plus naturel et r\u00e9el. Id\u00e9al pour offrir \u00e0 cette personne amoureuse du cacao sans fioritures ni artifices. <\/p>\n<h2>Ingr\u00e9dients<\/h2>\n<p>P\u00e2te de cacao (100 %).<\/p>\n<h2>Approprie-toi-le<\/h2>\n<p>Procure-toi ta tablette et d\u00e9couvre le cacao dans sa plus grande expression. Une exp\u00e9rience irrempla\u00e7able pour les vrais passionn\u00e9s de chocolat. <\/p>\n","protected":false},"excerpt":{"rendered":"<p>Intensit\u00e9, puret\u00e9 et tradition \u00e0 chaque bouch\u00e9e. Notre chocolat noir 100 % est une exp\u00e9rience gourmande \u00e9labor\u00e9e avec le meilleur cacao, sans additifs ni sucres, suivant l&rsquo;artisanat qui caract\u00e9rise Abuela Ili dans l&rsquo;Alpujarra.<br \/>\nTABLETTE 50grs <\/p>\n","protected":false},"featured_media":12640,"comment_status":"closed","ping_status":"closed","template":"","meta":[],"product_brand":[194],"product_cat":[266,268],"product_tag":[282,281],"class_list":{"0":"post-12633","1":"product","2":"type-product","3":"status-publish","4":"has-post-thumbnail","6":"product_brand-abuela-ili-chocolate","7":"product_cat-chocolat-noir","8":"product_cat-tous-les-produits","9":"product_tag-50-grammes","10":"product_tag-tablettes","11":"pa_alergenos-peut-contenir-du-gluten","12":"pa_alergenos-traces-de-fruits-a-coque","13":"pa_alergenos-traces-de-lait","15":"first","16":"instock","17":"featured","18":"taxable","19":"shipping-taxable","20":"purchasable","21":"product-type-simple"},"_links":{"self":[{"href":"https:\/\/abuelailichocolates.com\/fr\/wp-json\/wp\/v2\/product\/12633","targetHints":{"allow":["GET"]}}],"collection":[{"href":"https:\/\/abuelailichocolates.com\/fr\/wp-json\/wp\/v2\/product"}],"about":[{"href":"https:\/\/abuelailichocolates.com\/fr\/wp-json\/wp\/v2\/types\/product"}],"replies":[{"embeddable":true,"href":"https:\/\/abuelailichocolates.com\/fr\/wp-json\/wp\/v2\/comments?post=12633"}],"wp:featuredmedia":[{"embeddable":true,"href":"https:\/\/abuelailichocolates.com\/fr\/wp-json\/wp\/v2\/media\/12640"}],"wp:attachment":[{"href":"https:\/\/abuelailichocolates.com\/fr\/wp-json\/wp\/v2\/media?parent=12633"}],"wp:term":[{"taxonomy":"product_brand","embeddable":true,"href":"https:\/\/abuelailichocolates.com\/fr\/wp-json\/wp\/v2\/product_brand?post=12633"},{"taxonomy":"product_cat","embeddable":true,"href":"https:\/\/abuelailichocolates.com\/fr\/wp-json\/wp\/v2\/product_cat?post=12633"},{"taxonomy":"product_tag","embeddable":true,"href":"https:\/\/abuelailichocolates.com\/fr\/wp-json\/wp\/v2\/product_tag?post=12633"}],"curies":[{"name":"wp","href":"https:\/\/api.w.org\/{rel}","templated":true}]}}