{"id":12642,"date":"2015-09-28T11:38:24","date_gmt":"2015-09-28T09:38:24","guid":{"rendered":"https:\/\/abuelailichocolates.com\/tienda\/chocolat-blanc-sans-sucre-edulcore\/"},"modified":"2025-12-03T12:53:43","modified_gmt":"2025-12-03T11:53:43","slug":"chocolat-blanc-sans-sucre-edulcore","status":"publish","type":"product","link":"https:\/\/abuelailichocolates.com\/fr\/producto\/chocolat-blanc-sans-sucre-edulcore\/","title":{"rendered":"Chocolat blanc sans sucre fabriqu\u00e9 \u00e0 la main par Abuela Ili"},"content":{"rendered":"<h2>Chocolat blanc sans sucre artisanal<\/h2>\n<p>Notre <strong>chocolat blanc sans sucre<\/strong> est fabriqu\u00e9 \u00e0 la main par Abuela Ili en pleine Alpujarra. Une recette douce et cr\u00e9meuse, con\u00e7ue pour ceux qui veulent profiter du go\u00fbt authentique du chocolat blanc, mais sans sucre ajout\u00e9. <\/p>\n<h3>\u00c9laboration traditionnelle<\/h3>\n<p>Nous travaillons comme toujours : <strong>temp\u00e9rer, enrober, couper et emballer<\/strong> chaque pi\u00e8ce sans processus industriels ni productions massives. Seulement du chocolat blanc artisanal fait avec soin. <\/p>\n<h3>Parfait pour prendre soin de soi sans renoncer au go\u00fbt<\/h3>\n<p>Ce chocolat est id\u00e9al pour ceux qui recherchent des options plus l\u00e9g\u00e8res, pour les diab\u00e9tiques ou pour ceux qui pr\u00e9f\u00e8rent r\u00e9duire le sucre sans renoncer au plaisir du chocolat.<\/p>\n<h3>Ingr\u00e9dients<\/h3>\n<p><strong>Chocolat blanc sans sucre (100 %) :<\/strong> beurre de cacao, lait \u00e9cr\u00e9m\u00e9 en poudre, mati\u00e8re grasse laiti\u00e8re, \u00e9dulcorant (maltitol), \u00e9mulsifiant : l\u00e9cithine de soja, ar\u00f4me naturel de vanille.<\/p>\n<h3>Fait \u00e0 la main dans l&rsquo;Alpujarra<\/h3>\n<p>Chaque tablette est fabriqu\u00e9e dans notre atelier de Pampaneira, o\u00f9 nous maintenons la tradition chocolati\u00e8re qui a fait d&rsquo;Abuela Ili une r\u00e9f\u00e9rence depuis plus de 25 ans.<\/p>\n","protected":false},"excerpt":{"rendered":"<p> <strong>Chocolat blanc<\/strong> sans sucre fabriqu\u00e9 \u00e0 la main par Abuela Ili dans l&rsquo;Alpujarra. Doux, cr\u00e9meux et parfait pour ceux qui recherchent une gourmandise artisanale sans ajouter de sucre. <\/p>\n","protected":false},"featured_media":12643,"comment_status":"closed","ping_status":"closed","template":"","meta":[],"product_brand":[194],"product_cat":[284,399,268],"product_tag":[282,400,281],"class_list":{"0":"post-12642","1":"product","2":"type-product","3":"status-publish","4":"has-post-thumbnail","6":"product_brand-abuela-ili-chocolate","7":"product_cat-chocolat-blanc","8":"product_cat-sans-sucre","9":"product_cat-tous-les-produits","10":"product_tag-50-grammes","11":"product_tag-sans-sucre","12":"product_tag-tablettes","13":"pa_alergenos-peut-contenir-du-gluten","14":"pa_alergenos-produits-laitiers","15":"pa_alergenos-soja","16":"pa_alergenos-traces-de-fruits-a-coque","18":"first","19":"instock","20":"featured","21":"taxable","22":"shipping-taxable","23":"purchasable","24":"product-type-simple"},"_links":{"self":[{"href":"https:\/\/abuelailichocolates.com\/fr\/wp-json\/wp\/v2\/product\/12642","targetHints":{"allow":["GET"]}}],"collection":[{"href":"https:\/\/abuelailichocolates.com\/fr\/wp-json\/wp\/v2\/product"}],"about":[{"href":"https:\/\/abuelailichocolates.com\/fr\/wp-json\/wp\/v2\/types\/product"}],"replies":[{"embeddable":true,"href":"https:\/\/abuelailichocolates.com\/fr\/wp-json\/wp\/v2\/comments?post=12642"}],"wp:featuredmedia":[{"embeddable":true,"href":"https:\/\/abuelailichocolates.com\/fr\/wp-json\/wp\/v2\/media\/12643"}],"wp:attachment":[{"href":"https:\/\/abuelailichocolates.com\/fr\/wp-json\/wp\/v2\/media?parent=12642"}],"wp:term":[{"taxonomy":"product_brand","embeddable":true,"href":"https:\/\/abuelailichocolates.com\/fr\/wp-json\/wp\/v2\/product_brand?post=12642"},{"taxonomy":"product_cat","embeddable":true,"href":"https:\/\/abuelailichocolates.com\/fr\/wp-json\/wp\/v2\/product_cat?post=12642"},{"taxonomy":"product_tag","embeddable":true,"href":"https:\/\/abuelailichocolates.com\/fr\/wp-json\/wp\/v2\/product_tag?post=12642"}],"curies":[{"name":"wp","href":"https:\/\/api.w.org\/{rel}","templated":true}]}}