{"id":12645,"date":"2015-09-28T11:39:02","date_gmt":"2015-09-28T09:39:02","guid":{"rendered":"https:\/\/abuelailichocolates.com\/tienda\/chocolat-au-lait-sans-sucre-edulcore\/"},"modified":"2025-10-14T17:41:34","modified_gmt":"2025-10-14T15:41:34","slug":"chocolat-au-lait-sans-sucre-edulcore","status":"publish","type":"product","link":"https:\/\/abuelailichocolates.com\/fr\/producto\/chocolat-au-lait-sans-sucre-edulcore\/","title":{"rendered":"Chocolat au lait sans sucre (\u00e9dulcor\u00e9)"},"content":{"rendered":"<p>La saveur la plus cr\u00e9meuse du <strong>chocolat au lait artisanal<\/strong>, mais sans sucre. Fabriqu\u00e9 \u00e0 la main \u00e0 <strong>La Alpujarra (Grenade)<\/strong> par <strong>Abuela Ili Chocolats<\/strong>, ce chocolat allie douceur, \u00e9quilibre et tout le plaisir du cacao, \u00e9dulcor\u00e9 au <strong>maltitol<\/strong>. <\/p>\n<h3>Un classique sans sucre ajout\u00e9<\/h3>\n<p>Profite d&rsquo;une tablette douce et d\u00e9licieuse, parfaite pour ceux qui cherchent \u00e0 contr\u00f4ler leur consommation de sucre sans renoncer au go\u00fbt authentique du chocolat au lait. \u00c9labor\u00e9e artisanalement, pi\u00e8ce par pi\u00e8ce, selon nos recettes traditionnelles. <\/p>\n<h3>Ingr\u00e9dients<\/h3>\n<p><strong>Chocolat au lait sans sucre (\u00e9dulcor\u00e9) (100 %) :<\/strong> \u00e9dulcorant (maltitol), beurre de cacao, lait entier en poudre (17 %), p\u00e2te de cacao, \u00e9mulsifiant (l\u00e9cithine de tournesol), ar\u00f4me naturel de vanille.<\/p>\n<h3>Informations compl\u00e9mentaires<\/h3>\n<ul>\n<li>Sans sucres ajout\u00e9s (\u00e9dulcor\u00e9 avec du maltitol).<\/li>\n<li>Fabriqu\u00e9 artisanalement \u00e0 La Alpujarra (Grenade).<\/li>\n<li>Peut contenir des traces de fruits \u00e0 coque ou de gluten.<\/li>\n<\/ul>\n<p><strong>Chocolat au lait sans sucre, cr\u00e9meux, doux et fait \u00e0 la main avec l&rsquo;affection de toujours. &#x1f36b;&#x2728; <\/strong><\/p>\n","protected":false},"excerpt":{"rendered":"<p>TABLETTE 50grs.<\/p>\n","protected":false},"featured_media":12646,"comment_status":"closed","ping_status":"closed","template":"","meta":[],"product_brand":[194],"product_cat":[399,285,268],"product_tag":[282,400,281],"class_list":{"0":"post-12645","1":"product","2":"type-product","3":"status-publish","4":"has-post-thumbnail","6":"product_brand-abuela-ili-chocolate","7":"product_cat-sans-sucre","8":"product_cat-chocolat-au-lait","9":"product_cat-tous-les-produits","10":"product_tag-50-grammes","11":"product_tag-sans-sucre","12":"product_tag-tablettes","13":"pa_alergenos-peut-contenir-du-gluten","14":"pa_alergenos-produits-laitiers","15":"pa_alergenos-traces-de-fruits-a-coque","17":"first","18":"instock","19":"featured","20":"taxable","21":"shipping-taxable","22":"purchasable","23":"product-type-simple"},"_links":{"self":[{"href":"https:\/\/abuelailichocolates.com\/fr\/wp-json\/wp\/v2\/product\/12645","targetHints":{"allow":["GET"]}}],"collection":[{"href":"https:\/\/abuelailichocolates.com\/fr\/wp-json\/wp\/v2\/product"}],"about":[{"href":"https:\/\/abuelailichocolates.com\/fr\/wp-json\/wp\/v2\/types\/product"}],"replies":[{"embeddable":true,"href":"https:\/\/abuelailichocolates.com\/fr\/wp-json\/wp\/v2\/comments?post=12645"}],"wp:featuredmedia":[{"embeddable":true,"href":"https:\/\/abuelailichocolates.com\/fr\/wp-json\/wp\/v2\/media\/12646"}],"wp:attachment":[{"href":"https:\/\/abuelailichocolates.com\/fr\/wp-json\/wp\/v2\/media?parent=12645"}],"wp:term":[{"taxonomy":"product_brand","embeddable":true,"href":"https:\/\/abuelailichocolates.com\/fr\/wp-json\/wp\/v2\/product_brand?post=12645"},{"taxonomy":"product_cat","embeddable":true,"href":"https:\/\/abuelailichocolates.com\/fr\/wp-json\/wp\/v2\/product_cat?post=12645"},{"taxonomy":"product_tag","embeddable":true,"href":"https:\/\/abuelailichocolates.com\/fr\/wp-json\/wp\/v2\/product_tag?post=12645"}],"curies":[{"name":"wp","href":"https:\/\/api.w.org\/{rel}","templated":true}]}}