{"id":12648,"date":"2017-01-02T15:36:13","date_gmt":"2017-01-02T14:36:13","guid":{"rendered":"https:\/\/abuelailichocolates.com\/tienda\/assortiment-de-3-saveurs-de-base\/"},"modified":"2026-01-02T11:12:38","modified_gmt":"2026-01-02T10:12:38","slug":"assortiment-de-3-saveurs-de-base","status":"publish","type":"product","link":"https:\/\/abuelailichocolates.com\/fr\/producto\/assortiment-de-3-saveurs-de-base\/","title":{"rendered":"Assortiment de 3 saveurs de base"},"content":{"rendered":"<p><span style=\"font-weight: bold;\">Chocolat blanc (100 %)&nbsp;:<\/span> sucre, beurre de cacao, <strong>lait<\/strong> \u00e9cr\u00e9m\u00e9 en poudre, mati\u00e8re grasse <strong>laiti\u00e8re<\/strong>, \u00e9mulsifiant&nbsp;: l\u00e9cithines (<strong>soja<\/strong>), ar\u00f4me naturel de vanille, ar\u00f4me.<\/p>\n<p><span style=\"font-weight: bold;\">Chocolat au lait (100 %)&nbsp;:<\/span> sucre, beurre de cacao, <strong>lait<\/strong> \u00e9cr\u00e9m\u00e9 en poudre, p\u00e2te de cacao, <strong>lactos\u00e9rum<\/strong> en poudre (<strong>lait<\/strong>), mati\u00e8re grasse <strong>laiti\u00e8re<\/strong> anhydre, <strong>lait<\/strong> entier en poudre, \u00e9mulsifiant (l\u00e9cithine de <strong>soja<\/strong>), ar\u00f4me, ar\u00f4me naturel de vanille.<\/p>\n<p><strong> <\/strong><strong>Chocolat noir (100 %)&nbsp;:<\/strong> p\u00e2te de cacao, sucre, beurre de cacao, \u00e9mulsifiant&nbsp;: l\u00e9cithines (<strong>soja<\/strong>), ar\u00f4me naturel de vanille.<\/p>\n","protected":false},"excerpt":{"rendered":"<p>Excellent assortiment des 3 saveurs de base du chocolat&nbsp;: noir, au lait et blanc. 3&nbsp;TABLETTES (150&nbsp;g) <\/p>\n","protected":false},"featured_media":12649,"comment_status":"closed","ping_status":"closed","template":"","meta":[],"product_brand":[194],"product_cat":[277,268],"product_tag":[269],"class_list":{"0":"post-12648","1":"product","2":"type-product","3":"status-publish","4":"has-post-thumbnail","6":"product_brand-abuela-ili-chocolate","7":"product_cat-assortiments-de-chocolats","8":"product_cat-tous-les-produits","9":"product_tag-assortiments","10":"pa_alergenos-peut-contenir-du-gluten","11":"pa_alergenos-produits-laitiers","12":"pa_alergenos-soja","13":"pa_alergenos-traces-de-fruits-a-coque","15":"first","16":"instock","17":"featured","18":"taxable","19":"shipping-taxable","20":"purchasable","21":"product-type-simple"},"_links":{"self":[{"href":"https:\/\/abuelailichocolates.com\/fr\/wp-json\/wp\/v2\/product\/12648","targetHints":{"allow":["GET"]}}],"collection":[{"href":"https:\/\/abuelailichocolates.com\/fr\/wp-json\/wp\/v2\/product"}],"about":[{"href":"https:\/\/abuelailichocolates.com\/fr\/wp-json\/wp\/v2\/types\/product"}],"replies":[{"embeddable":true,"href":"https:\/\/abuelailichocolates.com\/fr\/wp-json\/wp\/v2\/comments?post=12648"}],"wp:featuredmedia":[{"embeddable":true,"href":"https:\/\/abuelailichocolates.com\/fr\/wp-json\/wp\/v2\/media\/12649"}],"wp:attachment":[{"href":"https:\/\/abuelailichocolates.com\/fr\/wp-json\/wp\/v2\/media?parent=12648"}],"wp:term":[{"taxonomy":"product_brand","embeddable":true,"href":"https:\/\/abuelailichocolates.com\/fr\/wp-json\/wp\/v2\/product_brand?post=12648"},{"taxonomy":"product_cat","embeddable":true,"href":"https:\/\/abuelailichocolates.com\/fr\/wp-json\/wp\/v2\/product_cat?post=12648"},{"taxonomy":"product_tag","embeddable":true,"href":"https:\/\/abuelailichocolates.com\/fr\/wp-json\/wp\/v2\/product_tag?post=12648"}],"curies":[{"name":"wp","href":"https:\/\/api.w.org\/{rel}","templated":true}]}}