{"id":12650,"date":"2017-01-02T15:46:57","date_gmt":"2017-01-02T14:46:57","guid":{"rendered":"https:\/\/abuelailichocolates.com\/tienda\/assortiment-de-3-saveurs-de-base-sans-sucre\/"},"modified":"2025-12-22T13:17:34","modified_gmt":"2025-12-22T12:17:34","slug":"assortiment-de-3-saveurs-de-base-sans-sucre","status":"publish","type":"product","link":"https:\/\/abuelailichocolates.com\/fr\/producto\/assortiment-de-3-saveurs-de-base-sans-sucre\/","title":{"rendered":"Assortiment de 3 saveurs de base sans sucre"},"content":{"rendered":"<h2>Assortiment de 3 saveurs de base sans sucre<\/h2>\n<p>Une s\u00e9lection id\u00e9ale pour les amateurs de <strong>chocolat artisanal sans sucre<\/strong>. Cet assortiment comprend trois tablettes aux saveurs les plus classiques : chocolat blanc, au lait et noir, toutes fabriqu\u00e9es \u00e0 la main \u00e0 <strong>La Alpujarra (Grenade)<\/strong> par <strong>Abuela Ili Chocolates<\/strong>. <\/p>\n<h3>Un trio irr\u00e9sistible<\/h3>\n<ul>\n<li>&#x1f36b; <strong>Chocolat noir sans sucre :<\/strong> intense et \u00e9quilibr\u00e9, avec le go\u00fbt pur du cacao \u00e0 70 %.<\/li>\n<li>&#x1f95b; <strong>Chocolat au lait sans sucre :<\/strong> cr\u00e9meux, doux et avec une touche sucr\u00e9e naturelle gr\u00e2ce au maltitol.<\/li>\n<li>&#x1f90d; <strong>Chocolat blanc sans sucre :<\/strong> d\u00e9licat et velout\u00e9, avec une texture l\u00e9g\u00e8re et un ar\u00f4me de vanille.<\/li>\n<\/ul>\n<h3>Ingr\u00e9dients<\/h3>\n<p><strong>Chocolat blanc sans sucre (\u00e9dulcor\u00e9) :<\/strong><br \/>\n\u00c9dulcorant (maltitol), beurre de cacao, lait entier en poudre (19 %), inuline, \u00e9mulsifiant (l\u00e9cithines), ar\u00f4me naturel de vanille.<\/p>\n<p><strong>Chocolat au lait sans sucre (\u00e9dulcor\u00e9) :<\/strong><br \/>\n\u00c9dulcorant (maltitol), beurre de cacao, lait entier en poudre (17 %), p\u00e2te de cacao, \u00e9mulsifiant (l\u00e9cithine de tournesol), ar\u00f4me naturel de vanille.<\/p>\n<p><strong>Chocolat noir sans sucre (\u00e9dulcor\u00e9) :<\/strong><br \/>\nP\u00e2te de cacao, \u00e9dulcorant (maltitol), beurre de cacao, cacao d\u00e9graiss\u00e9 en poudre, inuline, \u00e9mulsifiant (l\u00e9cithine de tournesol), ar\u00f4me naturel de vanille.<\/p>\n<h3>Informations compl\u00e9mentaires<\/h3>\n<ul>\n<li>3 tablettes individuelles de 50 g chacune (150 g environ au total).<\/li>\n<li>Sans sucres ajout\u00e9s (\u00e9dulcor\u00e9 avec du maltitol).<\/li>\n<li>Fabriqu\u00e9 artisanalement \u00e0 La Alpujarra (Grenade).<\/li>\n<li>Peut contenir des traces de fruits \u00e0 coque ou de gluten.<\/li>\n<\/ul>\n","protected":false},"excerpt":{"rendered":"<p>3 saveurs de base de chocolat : noir, au lait et blanc.<\/p>\n<p>3 TABLETTES (150 grs.)<\/p>\n","protected":false},"featured_media":12651,"comment_status":"closed","ping_status":"closed","template":"","meta":[],"product_brand":[194],"product_cat":[277,284,266,399,268],"product_tag":[282,269,346,387,400],"class_list":{"0":"post-12650","1":"product","2":"type-product","3":"status-publish","4":"has-post-thumbnail","6":"product_brand-abuela-ili-chocolate","7":"product_cat-assortiments-de-chocolats","8":"product_cat-chocolat-blanc","9":"product_cat-chocolat-noir","10":"product_cat-sans-sucre","11":"product_cat-tous-les-produits","12":"product_tag-50-grammes","13":"product_tag-assortiments","14":"product_tag-blanc","15":"product_tag-noir","16":"product_tag-sans-sucre","17":"pa_alergenos-peut-contenir-du-gluten","18":"pa_alergenos-produits-laitiers","19":"pa_alergenos-soja","20":"pa_alergenos-traces-de-fruits-a-coque","22":"first","23":"outofstock","24":"featured","25":"taxable","26":"shipping-taxable","27":"purchasable","28":"product-type-simple"},"_links":{"self":[{"href":"https:\/\/abuelailichocolates.com\/fr\/wp-json\/wp\/v2\/product\/12650","targetHints":{"allow":["GET"]}}],"collection":[{"href":"https:\/\/abuelailichocolates.com\/fr\/wp-json\/wp\/v2\/product"}],"about":[{"href":"https:\/\/abuelailichocolates.com\/fr\/wp-json\/wp\/v2\/types\/product"}],"replies":[{"embeddable":true,"href":"https:\/\/abuelailichocolates.com\/fr\/wp-json\/wp\/v2\/comments?post=12650"}],"wp:featuredmedia":[{"embeddable":true,"href":"https:\/\/abuelailichocolates.com\/fr\/wp-json\/wp\/v2\/media\/12651"}],"wp:attachment":[{"href":"https:\/\/abuelailichocolates.com\/fr\/wp-json\/wp\/v2\/media?parent=12650"}],"wp:term":[{"taxonomy":"product_brand","embeddable":true,"href":"https:\/\/abuelailichocolates.com\/fr\/wp-json\/wp\/v2\/product_brand?post=12650"},{"taxonomy":"product_cat","embeddable":true,"href":"https:\/\/abuelailichocolates.com\/fr\/wp-json\/wp\/v2\/product_cat?post=12650"},{"taxonomy":"product_tag","embeddable":true,"href":"https:\/\/abuelailichocolates.com\/fr\/wp-json\/wp\/v2\/product_tag?post=12650"}],"curies":[{"name":"wp","href":"https:\/\/api.w.org\/{rel}","templated":true}]}}