{"id":12652,"date":"2018-05-26T15:22:43","date_gmt":"2018-05-26T13:22:43","guid":{"rendered":"https:\/\/abuelailichocolates.com\/tienda\/assortiment-de-chocolats-de-mamie\/"},"modified":"2026-01-02T11:25:39","modified_gmt":"2026-01-02T10:25:39","slug":"assortiment-de-chocolats-de-mamie","status":"publish","type":"product","link":"https:\/\/abuelailichocolates.com\/fr\/producto\/assortiment-de-chocolats-de-mamie\/","title":{"rendered":"Assortiment de chocolats de Mamie"},"content":{"rendered":"<h2>Vari\u00e9t\u00e9 de l&rsquo;assortiment<\/h2>\n<p>L&rsquo;assortiment peut contenir les types de <strong>chocolats artisanaux<\/strong> suivants : <\/p>\n<ul>\n<li>Chocolat au Dulce de Leche et \u00e0 la Noix de Coco enrob\u00e9 de Chocolat au Lait.<\/li>\n<li>Chocolat au Dulce de Leche et \u00e0 la Noix de Coco enrob\u00e9 de Chocolat Blanc.<\/li>\n<li>Chocolat au Pralin\u00e9 d&rsquo;Amandes enrob\u00e9 de Chocolat Noir.<\/li>\n<li>Chocolat au Pralin\u00e9 d&rsquo;Amandes enrob\u00e9 de Chocolat au Lait.<\/li>\n<li>Chocolat au Pralin\u00e9 de Noisettes enrob\u00e9 de Chocolat Noir.<\/li>\n<li>Chocolat au Pralin\u00e9 de Noisettes enrob\u00e9 de Chocolat au Lait.<\/li>\n<\/ul>\n<p><em>Poids net approximatif : 150 g.<br \/>\n*L&rsquo;assortiment peut varier selon la disponibilit\u00e9.<\/em><\/p>\n<hr>\n<h2>Ingr\u00e9dients<\/h2>\n<h3 style=\"text-align: center;\">Chocolats au pralin\u00e9 d&rsquo;amandes ou de noisettes<\/h3>\n<h4 style=\"text-align: center;\">Au chocolat au lait ou noir<\/h4>\n<p><strong>Pralin\u00e9 d&rsquo;amande (28,63 %) :<\/strong> sucre, <strong>amandes<\/strong> (46,5 %), graisse v\u00e9g\u00e9tale (tournesol, colza) en proportions variables, \u00e9mulsifiant : l\u00e9cithines (<strong>soja<\/strong>).<\/p>\n<p><strong>Ou bien<\/strong><br \/>\n<strong>Pralin\u00e9 de noisette (28,63 %) :<\/strong> <strong>noisettes<\/strong> (50,0 %), sucre, \u00e9mulsifiant : l\u00e9cithines (<strong>soja<\/strong>).<\/p>\n<p><strong>Biscuits Mar\u00eda Dorada (25,76 %) :<\/strong> farine de <strong>bl\u00e9<\/strong> (<strong>gluten<\/strong>), sucre, huile de tournesol \u00e0 haute teneur ol\u00e9ique (13 %), sirop de glucose, poudres \u00e0 lever (carbonates de sodium et d&rsquo;ammonium), sel, lactos\u00e9rum en poudre (<strong>lait<\/strong>), ar\u00f4me, antioxydant (m\u00e9tabisulfite de sodium), \u00e9mulsifiant (l\u00e9cithine de tournesol).<\/p>\n<p><strong>Chocolat au lait de couverture (25 %) :<\/strong> sucre, beurre de cacao, <strong>lait<\/strong> \u00e9cr\u00e9m\u00e9 en poudre, p\u00e2te de cacao, <strong>lactos\u00e9rum<\/strong> en poudre (<strong>lait<\/strong>), mati\u00e8re grasse <strong>laiti\u00e8re<\/strong>, <strong>lait<\/strong> entier en poudre, \u00e9mulsifiant : l\u00e9cithines (<strong>soja<\/strong>), ar\u00f4me naturel de vanille.<\/p>\n<p><strong>Chocolat noir de couverture (25 %) :<\/strong> p\u00e2te de cacao, sucre, beurre de cacao, \u00e9mulsifiant : l\u00e9cithines (<strong>soja<\/strong>), ar\u00f4me naturel de vanille.<\/p>\n<p><strong>Chocolat blanc (20 %) :<\/strong> sucre, beurre de cacao, <strong>lait<\/strong> \u00e9cr\u00e9m\u00e9 en poudre, mati\u00e8re grasse <strong>laiti\u00e8re<\/strong>, \u00e9mulsifiant : l\u00e9cithines (<strong>soja<\/strong>), ar\u00f4me naturel de vanille.<\/p>\n<p><strong>Amande naturelle hach\u00e9e (0,61 %).<br \/>\nRiz souffl\u00e9 au chocolat en poudre (0,61 %) :<\/strong> farine de riz (64 %), sucre, cacao en poudre (11 %), sirop de glucose, sel.<\/p>\n<hr>\n<h3 style=\"text-align: center;\">Chocolats au Dulce de Leche et \u00e0 la noix de coco<\/h3>\n<h4 style=\"text-align: center;\">Au chocolat blanc ou au lait<\/h4>\n<p><strong>Chocolat blanc (41,85 % ou 17,45 %) :<\/strong> sucre, beurre de cacao, <strong>lait<\/strong> \u00e9cr\u00e9m\u00e9 en poudre, mati\u00e8re grasse <strong>laiti\u00e8re<\/strong>, \u00e9mulsifiant : l\u00e9cithines (<strong>soja<\/strong>), ar\u00f4me naturel de vanille.<\/p>\n<p><strong>Dulce de leche (36,35 %) :<\/strong> eau, sirop de glucose, <strong>lait<\/strong> entier en poudre, sucre, <strong>lait<\/strong> \u00e9cr\u00e9m\u00e9 en poudre, conservateur (vanille), sorbate de potassium. Adjuvants : bicarbonate de sodium, enzyme lactase (\u03b2-galactosidase). <\/p>\n<p><strong>Chocolat au lait de couverture (24,4 %) :<\/strong> sucre, beurre de cacao, <strong>lait<\/strong> \u00e9cr\u00e9m\u00e9 en poudre, p\u00e2te de cacao, <strong>lactos\u00e9rum<\/strong> en poudre (<strong>lait<\/strong>), mati\u00e8re grasse <strong>laiti\u00e8re<\/strong>, <strong>lait<\/strong> entier en poudre, \u00e9mulsifiant : l\u00e9cithines (<strong>soja<\/strong>), ar\u00f4me naturel de vanille.<\/p>\n<p><strong>Biscuits Mar\u00eda Dorada (16,96 %) :<\/strong> farine de <strong>bl\u00e9<\/strong> (<strong>gluten<\/strong>), sucre, huile de tournesol \u00e0 haute teneur ol\u00e9ique (13 %), sirop de glucose, poudres \u00e0 lever (carbonates de sodium et d&rsquo;ammonium), sel, lactos\u00e9rum en poudre (<strong>lait<\/strong>), ar\u00f4me, antioxydant (m\u00e9tabisulfite de sodium), \u00e9mulsifiant (l\u00e9cithine de tournesol).<\/p>\n<p><strong>Noix de coco r\u00e2p\u00e9e fine d\u00e9shydrat\u00e9e (4,85 %).<\/strong><\/p>\n<hr>\n<p><em>Fabriqu\u00e9 artisanalement par <strong>Chocolaterie Abuela Ili<\/strong> dans l&rsquo;Alpujarra (Grenade). Peut contenir des traces d&rsquo;autres fruits \u00e0 coque. <\/em><\/p>\n","protected":false},"excerpt":{"rendered":"<p>Le cadeau parfait pour les amateurs de chocolat : assortiment de chocolats artisanaux au pralin\u00e9, \u00e0 la noix de coco et au dulce de leche. 150 g environ <\/p>\n","protected":false},"featured_media":12653,"comment_status":"closed","ping_status":"closed","template":"","meta":[],"product_brand":[194],"product_cat":[277,267,268],"product_tag":[288,342,269,389,346,390,386,387,388],"class_list":{"0":"post-12652","1":"product","2":"type-product","3":"status-publish","4":"has-post-thumbnail","6":"product_brand-abuela-ili-chocolate","7":"product_cat-assortiments-de-chocolats","8":"product_cat-selection","9":"product_cat-tous-les-produits","10":"product_tag-150-grammes","11":"product_tag-amandes","12":"product_tag-assortiments","13":"product_tag-biscuits-maria-dorada","14":"product_tag-blanc","15":"product_tag-chocolats","16":"product_tag-dulce-de-leche","17":"product_tag-noir","18":"product_tag-riz","19":"pa_alergenos-fruits-secs","20":"pa_alergenos-gluten","21":"pa_alergenos-produits-laitiers","22":"pa_alergenos-traces-de-moutarde","24":"first","25":"instock","26":"featured","27":"taxable","28":"shipping-taxable","29":"purchasable","30":"product-type-simple"},"_links":{"self":[{"href":"https:\/\/abuelailichocolates.com\/fr\/wp-json\/wp\/v2\/product\/12652","targetHints":{"allow":["GET"]}}],"collection":[{"href":"https:\/\/abuelailichocolates.com\/fr\/wp-json\/wp\/v2\/product"}],"about":[{"href":"https:\/\/abuelailichocolates.com\/fr\/wp-json\/wp\/v2\/types\/product"}],"replies":[{"embeddable":true,"href":"https:\/\/abuelailichocolates.com\/fr\/wp-json\/wp\/v2\/comments?post=12652"}],"wp:featuredmedia":[{"embeddable":true,"href":"https:\/\/abuelailichocolates.com\/fr\/wp-json\/wp\/v2\/media\/12653"}],"wp:attachment":[{"href":"https:\/\/abuelailichocolates.com\/fr\/wp-json\/wp\/v2\/media?parent=12652"}],"wp:term":[{"taxonomy":"product_brand","embeddable":true,"href":"https:\/\/abuelailichocolates.com\/fr\/wp-json\/wp\/v2\/product_brand?post=12652"},{"taxonomy":"product_cat","embeddable":true,"href":"https:\/\/abuelailichocolates.com\/fr\/wp-json\/wp\/v2\/product_cat?post=12652"},{"taxonomy":"product_tag","embeddable":true,"href":"https:\/\/abuelailichocolates.com\/fr\/wp-json\/wp\/v2\/product_tag?post=12652"}],"curies":[{"name":"wp","href":"https:\/\/api.w.org\/{rel}","templated":true}]}}