{"id":12719,"date":"2025-06-18T10:46:54","date_gmt":"2025-06-18T08:46:54","guid":{"rendered":"https:\/\/abuelailichocolates.com\/tienda\/boite-assortie-de-12-mini-tablettes-de-chocolat-artisanal-saveurs-noir-coco-framboise\/"},"modified":"2025-11-30T11:02:31","modified_gmt":"2025-11-30T10:02:31","slug":"boite-assortie-de-12-mini-tablettes-de-chocolat-artisanal-saveurs-noir-coco-framboise","status":"publish","type":"product","link":"https:\/\/abuelailichocolates.com\/fr\/producto\/boite-assortie-de-12-mini-tablettes-de-chocolat-artisanal-saveurs-noir-coco-framboise\/","title":{"rendered":"Bo\u00eete assortie de 12 mini tablettes de chocolat artisanal \u2013 saveurs noir, coco, framboise"},"content":{"rendered":"<p>12 TABLETTES (180grs.)<\/p>\n<p>Saveurs contenues :<\/p>\n<p>\u2022 <a href=\"https:\/\/abuelailichocolates.com\/fr\/producto\/chocolat-noir-a-la-cannelle\/\">Noir Cannelle<\/a> \u2022 <a href=\"https:\/\/abuelailichocolates.com\/fr\/producto\/chocolat-au-lait-et-noix-de-coco\/\">Lait Coco<\/a> \u2022 <a href=\"https:\/\/abuelailichocolates.com\/producto\/chocolate-blanco-con-frambuesa\/\">Blanc Framboise<\/a><\/p>\n<p>\u2022 <a href=\"https:\/\/abuelailichocolates.com\/producto\/chocolate-negro-con-mora\/\">Noir M\u00fbre<\/a> \u2022 <a href=\"https:\/\/abuelailichocolates.com\/fr\/producto\/chocolat-au-lait-et-banane\/\">Lait Banane<\/a> \u2022 <a href=\"https:\/\/abuelailichocolates.com\/producto\/chocolate-blanco-con-menta\/\">Blanc Menthe<\/a><\/p>\n<ul>\n<li>Pour consulter les ingr\u00e9dients et les valeurs nutritionnelles correspondantes, clique sur le produit, s\u2019il te pla\u00eet. Merci. <\/li>\n<\/ul>\n","protected":false},"excerpt":{"rendered":"<p>Bo\u00eete assortie de mini tablettes de chocolat artisanal (180 g) \u2014 Des saveurs uniques comme noir\u2011cannelle, lait\u2011coco et framboise\u2011blanc. Savoure chaque bouch\u00e9e pleine de saveur et partage un moment de douceur. Parfait pour offrir ou d\u00e9guster seul(e). Choisis ta saveur pr\u00e9f\u00e9r\u00e9e maintenant !   <\/p>\n","protected":false},"featured_media":12714,"comment_status":"closed","ping_status":"closed","template":"","meta":[],"product_brand":[194],"product_cat":[277,266,268],"product_tag":[269,410,521,520,281],"class_list":{"0":"post-12719","1":"product","2":"type-product","3":"status-publish","4":"has-post-thumbnail","6":"product_brand-abuela-ili-chocolate","7":"product_cat-assortiments-de-chocolats","8":"product_cat-chocolat-noir","9":"product_cat-tous-les-produits","10":"product_tag-assortiments","11":"product_tag-coco","12":"product_tag-framboise","13":"product_tag-mini","14":"product_tag-tablettes","15":"pa_alergenos-fruits-secs","16":"pa_alergenos-produits-laitiers","17":"pa_alergenos-soja","19":"first","20":"instock","21":"taxable","22":"shipping-taxable","23":"purchasable","24":"product-type-simple"},"_links":{"self":[{"href":"https:\/\/abuelailichocolates.com\/fr\/wp-json\/wp\/v2\/product\/12719","targetHints":{"allow":["GET"]}}],"collection":[{"href":"https:\/\/abuelailichocolates.com\/fr\/wp-json\/wp\/v2\/product"}],"about":[{"href":"https:\/\/abuelailichocolates.com\/fr\/wp-json\/wp\/v2\/types\/product"}],"replies":[{"embeddable":true,"href":"https:\/\/abuelailichocolates.com\/fr\/wp-json\/wp\/v2\/comments?post=12719"}],"wp:featuredmedia":[{"embeddable":true,"href":"https:\/\/abuelailichocolates.com\/fr\/wp-json\/wp\/v2\/media\/12714"}],"wp:attachment":[{"href":"https:\/\/abuelailichocolates.com\/fr\/wp-json\/wp\/v2\/media?parent=12719"}],"wp:term":[{"taxonomy":"product_brand","embeddable":true,"href":"https:\/\/abuelailichocolates.com\/fr\/wp-json\/wp\/v2\/product_brand?post=12719"},{"taxonomy":"product_cat","embeddable":true,"href":"https:\/\/abuelailichocolates.com\/fr\/wp-json\/wp\/v2\/product_cat?post=12719"},{"taxonomy":"product_tag","embeddable":true,"href":"https:\/\/abuelailichocolates.com\/fr\/wp-json\/wp\/v2\/product_tag?post=12719"}],"curies":[{"name":"wp","href":"https:\/\/api.w.org\/{rel}","templated":true}]}}