{"id":12722,"date":"2024-10-22T13:48:09","date_gmt":"2024-10-22T11:48:09","guid":{"rendered":"https:\/\/abuelailichocolates.com\/tienda\/chocolat-noir-a-la-cannelle\/"},"modified":"2024-10-22T13:48:09","modified_gmt":"2024-10-22T11:48:09","slug":"chocolat-noir-a-la-cannelle","status":"publish","type":"product","link":"https:\/\/abuelailichocolates.com\/fr\/producto\/chocolat-noir-a-la-cannelle\/","title":{"rendered":"Chocolat noir \u00e0 la cannelle"},"content":{"rendered":"<h2>Chocolat noir \u00e0 la cannelle artisanal<\/h2>\n<p>Notre <strong>chocolat noir \u00e0 la cannelle<\/strong> est un joyau de l&rsquo;Alpujarra : cacao de qualit\u00e9, recette artisanale et cette touche \u00e9pic\u00e9e qui le rend irr\u00e9sistible. Le contraste entre l&rsquo;intensit\u00e9 du cacao et la chaleur de la cannelle va te conqu\u00e9rir\u2026 je te le promets ! <\/p>\n<h2>Qu&rsquo;est-ce qui le rend si sp\u00e9cial&nbsp;?<\/h2>\n<ul>\n<li>&#x2714;&#xfe0f; \u00c9labor\u00e9 de mani\u00e8re artisanale dans l&rsquo;Alpujarra.<\/li>\n<li>&#x2714;&#xfe0f; Cacao intense combin\u00e9 \u00e0 des \u00e9pices authentiques.<\/li>\n<li>&#x2714;&#xfe0f; Texture fine et saveur enveloppante.<\/li>\n<li>&#x2714;&#xfe0f; Parfait pour les amateurs de choses diff\u00e9rentes et surprenantes.<\/li>\n<\/ul>\n<h2>Ingr\u00e9dients<\/h2>\n<p>Couverture de chocolat noir (92 %) : p\u00e2te de cacao, sucre, beurre de cacao, \u00e9mulsifiant : l\u00e9cithines (soja), ar\u00f4me naturel de vanille.<br \/>\nCannelle moulue (8 %).<\/p>\n<h2>Comment en profiter au mieux \u00e0 la maison<\/h2>\n<p>Donne une touche sp\u00e9ciale \u00e0 tes moments : accompagne-le d&rsquo;un caf\u00e9 noir pour renforcer l&rsquo;intensit\u00e9 ou d&rsquo;un th\u00e9 cha\u00ef pour jouer avec les \u00e9pices. Tu peux aussi l&rsquo;utiliser en p\u00e2tisserie maison pour donner une tournure inattendue \u00e0 tes desserts. \u00c7a va te faire exploser la t\u00eate tellement c&rsquo;est bon !  <\/p>\n<h2>Un cadeau avec une \u00e2me<\/h2>\n<p>Si tu cherches un d\u00e9tail original et avec une saveur authentique, cette tablette de <strong>chocolat noir \u00e0 la cannelle<\/strong> est un succ\u00e8s garanti. Ce n&rsquo;est pas un chocolat quelconque : c&rsquo;est une exp\u00e9rience qui voyage de l&rsquo;Alpujarra jusqu&rsquo;\u00e0 ton palais. <\/p>\n","protected":false},"excerpt":{"rendered":"<p>Chocolat noir \u00e0 la cannelle qui \u00e9veille tes sens : intense, aromatique et avec une touche \u00e9pic\u00e9e qui te s\u00e9duit d\u00e8s la premi\u00e8re bouch\u00e9e.<br \/>\nTABLETTE 50grs.<\/p>\n","protected":false},"featured_media":12720,"comment_status":"closed","ping_status":"closed","template":"","meta":[],"product_brand":[194],"product_cat":[266,268],"product_tag":[282,281],"class_list":{"0":"post-12722","1":"product","2":"type-product","3":"status-publish","4":"has-post-thumbnail","6":"product_brand-abuela-ili-chocolate","7":"product_cat-chocolat-noir","8":"product_cat-tous-les-produits","9":"product_tag-50-grammes","10":"product_tag-tablettes","11":"pa_alergenos-peut-contenir-du-gluten","12":"pa_alergenos-soja","13":"pa_alergenos-traces-de-fruits-a-coque","14":"pa_alergenos-traces-de-lait","16":"first","17":"instock","18":"taxable","19":"shipping-taxable","20":"purchasable","21":"product-type-simple"},"_links":{"self":[{"href":"https:\/\/abuelailichocolates.com\/fr\/wp-json\/wp\/v2\/product\/12722","targetHints":{"allow":["GET"]}}],"collection":[{"href":"https:\/\/abuelailichocolates.com\/fr\/wp-json\/wp\/v2\/product"}],"about":[{"href":"https:\/\/abuelailichocolates.com\/fr\/wp-json\/wp\/v2\/types\/product"}],"replies":[{"embeddable":true,"href":"https:\/\/abuelailichocolates.com\/fr\/wp-json\/wp\/v2\/comments?post=12722"}],"wp:featuredmedia":[{"embeddable":true,"href":"https:\/\/abuelailichocolates.com\/fr\/wp-json\/wp\/v2\/media\/12720"}],"wp:attachment":[{"href":"https:\/\/abuelailichocolates.com\/fr\/wp-json\/wp\/v2\/media?parent=12722"}],"wp:term":[{"taxonomy":"product_brand","embeddable":true,"href":"https:\/\/abuelailichocolates.com\/fr\/wp-json\/wp\/v2\/product_brand?post=12722"},{"taxonomy":"product_cat","embeddable":true,"href":"https:\/\/abuelailichocolates.com\/fr\/wp-json\/wp\/v2\/product_cat?post=12722"},{"taxonomy":"product_tag","embeddable":true,"href":"https:\/\/abuelailichocolates.com\/fr\/wp-json\/wp\/v2\/product_tag?post=12722"}],"curies":[{"name":"wp","href":"https:\/\/api.w.org\/{rel}","templated":true}]}}