{"id":12751,"date":"2024-10-22T12:58:31","date_gmt":"2024-10-22T10:58:31","guid":{"rendered":"https:\/\/abuelailichocolates.com\/tienda\/chocolat-noir-a-la-noix-de-coco\/"},"modified":"2025-12-23T10:19:28","modified_gmt":"2025-12-23T09:19:28","slug":"chocolat-noir-a-la-noix-de-coco","status":"publish","type":"product","link":"https:\/\/abuelailichocolates.com\/fr\/producto\/chocolat-noir-a-la-noix-de-coco\/","title":{"rendered":"Chocolat noir \u00e0 la noix de coco"},"content":{"rendered":"<p><strong>Ingr\u00e9dients&nbsp;:<\/strong><\/p>\n<p><strong>Chocolat noir de couverture (90 %) : p\u00e2te de cacao, sucre, beurre de cacao, \u00e9mulsifiant&nbsp;: l\u00e9cithines (soja), ar\u00f4me naturel de vanille.<\/strong><\/p>\n<p><strong>Noix de coco r\u00e2p\u00e9e d\u00e9shydrat\u00e9e (10 %).<\/strong><\/p>\n","protected":false},"excerpt":{"rendered":"<p>Chocolat noir \u00e0 la noix de coco r\u00e2p\u00e9e.<\/p>\n<p>TABLETTE 50&nbsp;grs.<\/p>\n","protected":false},"featured_media":12750,"comment_status":"closed","ping_status":"closed","template":"","meta":[],"product_brand":[194],"product_cat":[268,266],"product_tag":[282,281],"class_list":{"0":"post-12751","1":"product","2":"type-product","3":"status-publish","4":"has-post-thumbnail","6":"product_brand-abuela-ili-chocolate","7":"product_cat-tous-les-produits","8":"product_cat-chocolat-noir","9":"product_tag-50-grammes","10":"product_tag-tablettes","11":"pa_alergenos-peut-contenir-du-gluten","12":"pa_alergenos-produits-laitiers","13":"pa_alergenos-soja","14":"pa_alergenos-traces-de-fruits-a-coque","16":"first","17":"outofstock","18":"taxable","19":"shipping-taxable","20":"purchasable","21":"product-type-simple"},"_links":{"self":[{"href":"https:\/\/abuelailichocolates.com\/fr\/wp-json\/wp\/v2\/product\/12751","targetHints":{"allow":["GET"]}}],"collection":[{"href":"https:\/\/abuelailichocolates.com\/fr\/wp-json\/wp\/v2\/product"}],"about":[{"href":"https:\/\/abuelailichocolates.com\/fr\/wp-json\/wp\/v2\/types\/product"}],"replies":[{"embeddable":true,"href":"https:\/\/abuelailichocolates.com\/fr\/wp-json\/wp\/v2\/comments?post=12751"}],"wp:featuredmedia":[{"embeddable":true,"href":"https:\/\/abuelailichocolates.com\/fr\/wp-json\/wp\/v2\/media\/12750"}],"wp:attachment":[{"href":"https:\/\/abuelailichocolates.com\/fr\/wp-json\/wp\/v2\/media?parent=12751"}],"wp:term":[{"taxonomy":"product_brand","embeddable":true,"href":"https:\/\/abuelailichocolates.com\/fr\/wp-json\/wp\/v2\/product_brand?post=12751"},{"taxonomy":"product_cat","embeddable":true,"href":"https:\/\/abuelailichocolates.com\/fr\/wp-json\/wp\/v2\/product_cat?post=12751"},{"taxonomy":"product_tag","embeddable":true,"href":"https:\/\/abuelailichocolates.com\/fr\/wp-json\/wp\/v2\/product_tag?post=12751"}],"curies":[{"name":"wp","href":"https:\/\/api.w.org\/{rel}","templated":true}]}}