{"id":12756,"date":"2021-12-04T11:57:31","date_gmt":"2021-12-04T10:57:31","guid":{"rendered":"https:\/\/abuelailichocolates.com\/tienda\/chocolat-noir-au-riz\/"},"modified":"2025-11-30T11:22:14","modified_gmt":"2025-11-30T10:22:14","slug":"chocolat-noir-au-riz","status":"publish","type":"product","link":"https:\/\/abuelailichocolates.com\/fr\/producto\/chocolat-noir-au-riz\/","title":{"rendered":"Chocolat noir au riz"},"content":{"rendered":"<p>Ingr\u00e9dients :<\/p>\n<p>*Chocolat noir (92 %) : sucre, p\u00e2te de cacao, beurre de cacao, cacao d\u00e9graiss\u00e9 en poudre, \u00e9mulsifiant : l\u00e9cithine de soja (e-322) et ar\u00f4me.<\/p>\n<p>*Riz souffl\u00e9 (8 %) : riz (65 %), sucre, chocolat (4,8 %) : [p\u00e2te de cacao, sucre, cacao maigre en poudre], cacao en poudre, sucre caram\u00e9lis\u00e9 en poudre, extrait de malt d&rsquo;orge (gluten), sel, ar\u00f4mes, \u00e9mulsifiant : mono- et diglyc\u00e9rides d&rsquo;acides gras, vitamines : niacine (pp), acide pantoth\u00e9nique (b5), b6, riboflavine (b2), thiamine (b1), acide folique (b9), biotine (h), b12, fer.<\/p>\n","protected":false},"excerpt":{"rendered":"<p>TABLETTE 50grs.<\/p>\n","protected":false},"featured_media":12754,"comment_status":"closed","ping_status":"closed","template":"","meta":[],"product_brand":[194],"product_cat":[266,268],"product_tag":[282,596,388,281],"class_list":{"0":"post-12756","1":"product","2":"type-product","3":"status-publish","4":"has-post-thumbnail","6":"product_brand-abuela-ili-chocolate","7":"product_cat-chocolat-noir","8":"product_cat-tous-les-produits","9":"product_tag-50-grammes","10":"product_tag-chocolat-noel","11":"product_tag-riz","12":"product_tag-tablettes","13":"pa_alergenos-gluten","14":"pa_alergenos-soja","15":"pa_alergenos-traces-de-fruits-a-coque","16":"pa_alergenos-traces-de-lait","18":"first","19":"instock","20":"taxable","21":"shipping-taxable","22":"purchasable","23":"product-type-simple"},"_links":{"self":[{"href":"https:\/\/abuelailichocolates.com\/fr\/wp-json\/wp\/v2\/product\/12756","targetHints":{"allow":["GET"]}}],"collection":[{"href":"https:\/\/abuelailichocolates.com\/fr\/wp-json\/wp\/v2\/product"}],"about":[{"href":"https:\/\/abuelailichocolates.com\/fr\/wp-json\/wp\/v2\/types\/product"}],"replies":[{"embeddable":true,"href":"https:\/\/abuelailichocolates.com\/fr\/wp-json\/wp\/v2\/comments?post=12756"}],"wp:featuredmedia":[{"embeddable":true,"href":"https:\/\/abuelailichocolates.com\/fr\/wp-json\/wp\/v2\/media\/12754"}],"wp:attachment":[{"href":"https:\/\/abuelailichocolates.com\/fr\/wp-json\/wp\/v2\/media?parent=12756"}],"wp:term":[{"taxonomy":"product_brand","embeddable":true,"href":"https:\/\/abuelailichocolates.com\/fr\/wp-json\/wp\/v2\/product_brand?post=12756"},{"taxonomy":"product_cat","embeddable":true,"href":"https:\/\/abuelailichocolates.com\/fr\/wp-json\/wp\/v2\/product_cat?post=12756"},{"taxonomy":"product_tag","embeddable":true,"href":"https:\/\/abuelailichocolates.com\/fr\/wp-json\/wp\/v2\/product_tag?post=12756"}],"curies":[{"name":"wp","href":"https:\/\/api.w.org\/{rel}","templated":true}]}}