{"id":12762,"date":"2021-12-04T10:43:09","date_gmt":"2021-12-04T09:43:09","guid":{"rendered":"https:\/\/abuelailichocolates.com\/tienda\/chocolat-noir-avec-biscuit\/"},"modified":"2025-11-30T11:23:01","modified_gmt":"2025-11-30T10:23:01","slug":"chocolat-noir-avec-biscuit","status":"publish","type":"product","link":"https:\/\/abuelailichocolates.com\/fr\/producto\/chocolat-noir-avec-biscuit\/","title":{"rendered":"Chocolat noir avec biscuit"},"content":{"rendered":"<p><strong>Ingr\u00e9dients&nbsp;:<\/strong><\/p>\n<p><strong>Chocolat noir (85 %) :<\/strong> sucre, p\u00e2te de cacao, beurre de cacao, cacao d\u00e9graiss\u00e9 en poudre, \u00e9mulsifiant&nbsp;: l\u00e9cithine de soja (E-322) et ar\u00f4me.<\/p>\n<p><strong>Biscuits (12,5 %) :<\/strong> farine de bl\u00e9 (gluten), sucre, huile de tournesol \u00e0 haute teneur ol\u00e9ique (13 %), sirop de glucose, poudres \u00e0 lever (carbonates de sodium, carbonates d\u2019ammonium), sel, lactos\u00e9rum en poudre, ar\u00f4me, antioxydant (m\u00e9tabisulfite de sodium), \u00e9mulsifiant (l\u00e9cithine de tournesol).<\/p>\n<p><strong>P\u00e2te \u00e0 tartiner saveur biscuit (2,5 %) :<\/strong> sirop de glucose, lait concentr\u00e9 (lait entier, sucre, lactose), jaune d\u2019\u0153uf, ar\u00f4mes, eau, sucre caram\u00e9lis\u00e9, colorants (carot\u00e9no\u00efdes, E150d).<\/p>\n","protected":false},"excerpt":{"rendered":"<p>Tablette de 50&nbsp;g<\/p>\n","protected":false},"featured_media":12760,"comment_status":"closed","ping_status":"closed","template":"","meta":[],"product_brand":[194],"product_cat":[266,268],"product_tag":[596,281],"class_list":{"0":"post-12762","1":"product","2":"type-product","3":"status-publish","4":"has-post-thumbnail","6":"product_brand-abuela-ili-chocolate","7":"product_cat-chocolat-noir","8":"product_cat-tous-les-produits","9":"product_tag-chocolat-noel","10":"product_tag-tablettes","11":"pa_alergenos-gluten","12":"pa_alergenos-soja","13":"pa_alergenos-traces-de-fruits-a-coque","14":"pa_alergenos-traces-de-lait","16":"first","17":"instock","18":"taxable","19":"shipping-taxable","20":"purchasable","21":"product-type-simple"},"_links":{"self":[{"href":"https:\/\/abuelailichocolates.com\/fr\/wp-json\/wp\/v2\/product\/12762","targetHints":{"allow":["GET"]}}],"collection":[{"href":"https:\/\/abuelailichocolates.com\/fr\/wp-json\/wp\/v2\/product"}],"about":[{"href":"https:\/\/abuelailichocolates.com\/fr\/wp-json\/wp\/v2\/types\/product"}],"replies":[{"embeddable":true,"href":"https:\/\/abuelailichocolates.com\/fr\/wp-json\/wp\/v2\/comments?post=12762"}],"wp:featuredmedia":[{"embeddable":true,"href":"https:\/\/abuelailichocolates.com\/fr\/wp-json\/wp\/v2\/media\/12760"}],"wp:attachment":[{"href":"https:\/\/abuelailichocolates.com\/fr\/wp-json\/wp\/v2\/media?parent=12762"}],"wp:term":[{"taxonomy":"product_brand","embeddable":true,"href":"https:\/\/abuelailichocolates.com\/fr\/wp-json\/wp\/v2\/product_brand?post=12762"},{"taxonomy":"product_cat","embeddable":true,"href":"https:\/\/abuelailichocolates.com\/fr\/wp-json\/wp\/v2\/product_cat?post=12762"},{"taxonomy":"product_tag","embeddable":true,"href":"https:\/\/abuelailichocolates.com\/fr\/wp-json\/wp\/v2\/product_tag?post=12762"}],"curies":[{"name":"wp","href":"https:\/\/api.w.org\/{rel}","templated":true}]}}