{"id":12765,"date":"2021-11-13T19:59:31","date_gmt":"2021-11-13T18:59:31","guid":{"rendered":"https:\/\/abuelailichocolates.com\/tienda\/chocolat-noir-au-caramel-et-sel\/"},"modified":"2025-11-30T11:23:37","modified_gmt":"2025-11-30T10:23:37","slug":"chocolat-noir-au-caramel-et-sel","status":"publish","type":"product","link":"https:\/\/abuelailichocolates.com\/fr\/producto\/chocolat-noir-au-caramel-et-sel\/","title":{"rendered":"Chocolat noir au caramel et sel"},"content":{"rendered":"<p><strong>Ingr\u00e9dients&nbsp;:<\/strong><\/p>\n<p><strong>*Chocolat noir de couverture (94 %) :<\/strong> p\u00e2te de cacao, sucre, beurre de cacao, \u00e9mulsifiant&nbsp;: l\u00e9cithines (<strong>soja<\/strong>), ar\u00f4me naturel de vanille.<\/p>\n<p><strong>*P\u00e2te de cr\u00e8me au caramel (4 %) :<\/strong> sucre caram\u00e9lis\u00e9, colorant&nbsp;: E150d, ar\u00f4me.<\/p>\n<p><strong>*Sel en flocons (1 %) et en poudre (1 %).<\/strong><\/p>\n","protected":false},"excerpt":{"rendered":"<p>TABLETTE 50grs.<\/p>\n","protected":false},"featured_media":12763,"comment_status":"closed","ping_status":"closed","template":"","meta":[],"product_brand":[194],"product_cat":[266,268],"product_tag":[560,600,281],"class_list":{"0":"post-12765","1":"product","2":"type-product","3":"status-publish","4":"has-post-thumbnail","6":"product_brand-abuela-ili-chocolate","7":"product_cat-chocolat-noir","8":"product_cat-tous-les-produits","9":"product_tag-cadeau-gourmand","10":"product_tag-caramel","11":"product_tag-tablettes","12":"pa_alergenos-peut-contenir-du-gluten","13":"pa_alergenos-soja","14":"pa_alergenos-traces-de-fruits-a-coque","15":"pa_alergenos-traces-de-lait","17":"first","18":"instock","19":"taxable","20":"shipping-taxable","21":"purchasable","22":"product-type-simple"},"_links":{"self":[{"href":"https:\/\/abuelailichocolates.com\/fr\/wp-json\/wp\/v2\/product\/12765","targetHints":{"allow":["GET"]}}],"collection":[{"href":"https:\/\/abuelailichocolates.com\/fr\/wp-json\/wp\/v2\/product"}],"about":[{"href":"https:\/\/abuelailichocolates.com\/fr\/wp-json\/wp\/v2\/types\/product"}],"replies":[{"embeddable":true,"href":"https:\/\/abuelailichocolates.com\/fr\/wp-json\/wp\/v2\/comments?post=12765"}],"wp:featuredmedia":[{"embeddable":true,"href":"https:\/\/abuelailichocolates.com\/fr\/wp-json\/wp\/v2\/media\/12763"}],"wp:attachment":[{"href":"https:\/\/abuelailichocolates.com\/fr\/wp-json\/wp\/v2\/media?parent=12765"}],"wp:term":[{"taxonomy":"product_brand","embeddable":true,"href":"https:\/\/abuelailichocolates.com\/fr\/wp-json\/wp\/v2\/product_brand?post=12765"},{"taxonomy":"product_cat","embeddable":true,"href":"https:\/\/abuelailichocolates.com\/fr\/wp-json\/wp\/v2\/product_cat?post=12765"},{"taxonomy":"product_tag","embeddable":true,"href":"https:\/\/abuelailichocolates.com\/fr\/wp-json\/wp\/v2\/product_tag?post=12765"}],"curies":[{"name":"wp","href":"https:\/\/api.w.org\/{rel}","templated":true}]}}