{"id":12768,"date":"2021-08-13T17:40:54","date_gmt":"2021-08-13T15:40:54","guid":{"rendered":"https:\/\/abuelailichocolates.com\/tienda\/chocolat-au-lait-et-oreo\/"},"modified":"2025-11-30T11:25:01","modified_gmt":"2025-11-30T10:25:01","slug":"chocolat-au-lait-et-oreo","status":"publish","type":"product","link":"https:\/\/abuelailichocolates.com\/fr\/producto\/chocolat-au-lait-et-oreo\/","title":{"rendered":"Chocolat au lait et Oreo"},"content":{"rendered":"<p><strong>Ingr\u00e9dients&nbsp;:<\/strong><\/p>\n<p><strong>Chocolat au lait (83&nbsp;%)&nbsp;:<\/strong> sucre, beurre de cacao, <strong>lait<\/strong> entier en poudre, p\u00e2te de cacao, \u00e9mulsifiant (l\u00e9cithine de tournesol E-322) et extrait de vanille.<\/p>\n<p><strong>Biscuit Oreo (17&nbsp;%)&nbsp;:<\/strong> farine de <strong>bl\u00e9<\/strong>, sucre, graisse de palme, huile de colza, cacao maigre en poudre (4,3&nbsp;%), amidon de <strong>bl\u00e9<\/strong>, sirop de glucose-fructose, poudres \u00e0 lever&nbsp;: carbonates d\u2019ammonium, carbonates de potassium, carbonates de sodium, sel, \u00e9mulsifiant&nbsp;: l\u00e9cithines de <strong>soja<\/strong>, correcteur d\u2019acidit\u00e9&nbsp;: hydroxyde de sodium, ar\u00f4me.<\/p>\n","protected":false},"excerpt":{"rendered":"<p>TABLETTE 50grs.<\/p>\n","protected":false},"featured_media":12766,"comment_status":"closed","ping_status":"closed","template":"","meta":[],"product_brand":[194],"product_cat":[285,268],"product_tag":[596,345,281],"class_list":{"0":"post-12768","1":"product","2":"type-product","3":"status-publish","4":"has-post-thumbnail","6":"product_brand-abuela-ili-chocolate","7":"product_cat-chocolat-au-lait","8":"product_cat-tous-les-produits","9":"product_tag-chocolat-noel","10":"product_tag-oreo","11":"product_tag-tablettes","12":"pa_alergenos-gluten","13":"pa_alergenos-produits-laitiers","14":"pa_alergenos-soja","15":"pa_alergenos-traces-de-fruits-a-coque","17":"first","18":"instock","19":"taxable","20":"shipping-taxable","21":"purchasable","22":"product-type-simple"},"_links":{"self":[{"href":"https:\/\/abuelailichocolates.com\/fr\/wp-json\/wp\/v2\/product\/12768","targetHints":{"allow":["GET"]}}],"collection":[{"href":"https:\/\/abuelailichocolates.com\/fr\/wp-json\/wp\/v2\/product"}],"about":[{"href":"https:\/\/abuelailichocolates.com\/fr\/wp-json\/wp\/v2\/types\/product"}],"replies":[{"embeddable":true,"href":"https:\/\/abuelailichocolates.com\/fr\/wp-json\/wp\/v2\/comments?post=12768"}],"wp:featuredmedia":[{"embeddable":true,"href":"https:\/\/abuelailichocolates.com\/fr\/wp-json\/wp\/v2\/media\/12766"}],"wp:attachment":[{"href":"https:\/\/abuelailichocolates.com\/fr\/wp-json\/wp\/v2\/media?parent=12768"}],"wp:term":[{"taxonomy":"product_brand","embeddable":true,"href":"https:\/\/abuelailichocolates.com\/fr\/wp-json\/wp\/v2\/product_brand?post=12768"},{"taxonomy":"product_cat","embeddable":true,"href":"https:\/\/abuelailichocolates.com\/fr\/wp-json\/wp\/v2\/product_cat?post=12768"},{"taxonomy":"product_tag","embeddable":true,"href":"https:\/\/abuelailichocolates.com\/fr\/wp-json\/wp\/v2\/product_tag?post=12768"}],"curies":[{"name":"wp","href":"https:\/\/api.w.org\/{rel}","templated":true}]}}