{"id":12779,"date":"2020-10-30T17:46:56","date_gmt":"2020-10-30T16:46:56","guid":{"rendered":"https:\/\/abuelailichocolates.com\/tienda\/chocolat-noir-aux-fruits-secs\/"},"modified":"2025-12-22T13:15:19","modified_gmt":"2025-12-22T12:15:19","slug":"chocolat-noir-aux-fruits-secs","status":"publish","type":"product","link":"https:\/\/abuelailichocolates.com\/fr\/producto\/chocolat-noir-aux-fruits-secs\/","title":{"rendered":"Chocolat noir aux fruits secs"},"content":{"rendered":"<h2>Chocolat noir aux fruits secs artisanal<\/h2>\n<p>Ce <strong>chocolat noir aux fruits secs<\/strong> d&rsquo;Abuela Ili est fabriqu\u00e9 en pleine Alpujarra avec du cacao de qualit\u00e9 et un m\u00e9lange d&rsquo;amandes, de noisettes et de noix grill\u00e9es. Un contraste parfait entre l&rsquo;intensit\u00e9 du cacao et la touche croquante des fruits. <\/p>\n<h2>Qu&rsquo;est-ce qui le rend si sp\u00e9cial&nbsp;?<\/h2>\n<ul>\n<li>&#x2714;&#xfe0f; Fabrication artisanale dans l&rsquo;Alpujarra de Grenade.<\/li>\n<li>&#x2714;&#xfe0f; Fruits secs s\u00e9lectionn\u00e9s et torr\u00e9fi\u00e9s au moment.<\/li>\n<li>&#x2714;&#xfe0f; Go\u00fbt intense de cacao de premi\u00e8re qualit\u00e9.<\/li>\n<li>&#x2714;&#xfe0f; Texture croquante qui te rend accro d\u00e8s le premier morceau.<\/li>\n<\/ul>\n<h2>Comment en profiter au mieux \u00e0 la maison<\/h2>\n<p>D\u00e9guste cette tablette avec un caf\u00e9 fra\u00eechement pr\u00e9par\u00e9, un vin doux ou simplement seule\u2026 \u00e7a va te faire exploser la t\u00eate tellement c&rsquo;est bon ! Id\u00e9al pour partager (si tu peux) ou pour te faire plaisir sans remords. <\/p>\n<h2>Un cadeau avec beaucoup de c\u0153ur<\/h2>\n<p>Ce n&rsquo;est pas seulement du chocolat, c&rsquo;est un petit morceau de l&rsquo;Alpujarra qui arrive directement chez toi. Parfait pour offrir \u00e0 qui tu veux surprendre avec un d\u00e9tail authentique et plein de saveur. <\/p>\n<h2>Ingr\u00e9dients<\/h2>\n<h3>Amandes<\/h3>\n<p>Chocolat noir de couverture (72%) : p\u00e2te de cacao, sucre, beurre de cacao, \u00e9mulsifiant : l\u00e9cithines (soja), ar\u00f4me naturel de vanille.<br \/>\nAmandes grill\u00e9es (28%) : amandes mond\u00e9es.<\/p>\n<h3>Noix<\/h3>\n<p>Chocolat noir de couverture (78%) : p\u00e2te de cacao, sucre, beurre de cacao, \u00e9mulsifiant : l\u00e9cithines (soja), ar\u00f4me naturel de vanille.<br \/>\nNoix (22%) en grains crus.<\/p>\n<h3>Kikos<\/h3>\n<p>Chocolat noir de couverture (78%) : p\u00e2te de cacao, sucre, beurre de cacao, \u00e9mulsifiant : l\u00e9cithines (soja), ar\u00f4me naturel de vanille.<br \/>\nKikos (22%) : ma\u00efs cru et huile v\u00e9g\u00e9tale.<\/p>\n<h3>Noisettes<\/h3>\n<p>Chocolat noir de couverture (72%) : p\u00e2te de cacao, sucre, beurre de cacao, \u00e9mulsifiant : l\u00e9cithines (soja), ar\u00f4me naturel de vanille.<br \/>\nNoisettes grill\u00e9es (28%).<\/p>\n<h3>Noix et pruneaux<\/h3>\n<p>Chocolat noir de couverture (72%) : p\u00e2te de cacao, sucre, beurre de cacao, \u00e9mulsifiant : l\u00e9cithines (soja), ar\u00f4me naturel de vanille.<br \/>\nNoix (14%) en grains crus.<br \/>\nPruneaux (14%) : pruneaux et conservateur (E-202).<\/p>\n<h3>Figues et noix<\/h3>\n<p>Chocolat noir de couverture (72%) : p\u00e2te de cacao, sucre, beurre de cacao, \u00e9mulsifiant : l\u00e9cithines (soja), ar\u00f4me naturel de vanille.<br \/>\nNoix (14%) en grains crus.<br \/>\nFigues s\u00e8ches (14%) : figues s\u00e8ches et farine de riz.<\/p>\n","protected":false},"excerpt":{"rendered":"<p>Tablette de chocolat noir aux fruits secs grill\u00e9s. Intense, croquante et d\u00e9licieuse\u2026 chaque bouch\u00e9e est de la pure magie ! <\/p>\n<p>Poids : 100grs environ <\/p>\n","protected":false},"featured_media":12774,"comment_status":"closed","ping_status":"closed","template":"","meta":[],"product_brand":[194],"product_cat":[268,266],"product_tag":[370,417,295],"class_list":{"0":"post-12779","1":"product","2":"type-product","3":"status-publish","4":"has-post-thumbnail","6":"product_brand-abuela-ili-chocolate","7":"product_cat-tous-les-produits","8":"product_cat-chocolat-noir","9":"product_tag-100-grammes","10":"product_tag-fruits-secs","11":"product_tag-tourons","12":"pa_alergenos-fruits-secs","13":"pa_alergenos-soja","14":"pa_alergenos-traces-darachides","15":"pa_alergenos-traces-de-fruits-a-coque","16":"pa_alergenos-traces-de-gluten","17":"pa_alergenos-traces-de-lait","19":"first","20":"instock","21":"taxable","22":"shipping-taxable","23":"purchasable","24":"product-type-variable"},"_links":{"self":[{"href":"https:\/\/abuelailichocolates.com\/fr\/wp-json\/wp\/v2\/product\/12779","targetHints":{"allow":["GET"]}}],"collection":[{"href":"https:\/\/abuelailichocolates.com\/fr\/wp-json\/wp\/v2\/product"}],"about":[{"href":"https:\/\/abuelailichocolates.com\/fr\/wp-json\/wp\/v2\/types\/product"}],"replies":[{"embeddable":true,"href":"https:\/\/abuelailichocolates.com\/fr\/wp-json\/wp\/v2\/comments?post=12779"}],"wp:featuredmedia":[{"embeddable":true,"href":"https:\/\/abuelailichocolates.com\/fr\/wp-json\/wp\/v2\/media\/12774"}],"wp:attachment":[{"href":"https:\/\/abuelailichocolates.com\/fr\/wp-json\/wp\/v2\/media?parent=12779"}],"wp:term":[{"taxonomy":"product_brand","embeddable":true,"href":"https:\/\/abuelailichocolates.com\/fr\/wp-json\/wp\/v2\/product_brand?post=12779"},{"taxonomy":"product_cat","embeddable":true,"href":"https:\/\/abuelailichocolates.com\/fr\/wp-json\/wp\/v2\/product_cat?post=12779"},{"taxonomy":"product_tag","embeddable":true,"href":"https:\/\/abuelailichocolates.com\/fr\/wp-json\/wp\/v2\/product_tag?post=12779"}],"curies":[{"name":"wp","href":"https:\/\/api.w.org\/{rel}","templated":true}]}}