{"id":12798,"date":"2021-06-23T13:41:12","date_gmt":"2021-06-23T11:41:12","guid":{"rendered":"https:\/\/abuelailichocolates.com\/tienda\/chocolat-au-lait-caramel-et-sel\/"},"modified":"2026-01-03T11:08:39","modified_gmt":"2026-01-03T10:08:39","slug":"chocolat-au-lait-caramel-et-sel","status":"publish","type":"product","link":"https:\/\/abuelailichocolates.com\/fr\/producto\/chocolat-au-lait-caramel-et-sel\/","title":{"rendered":"Chocolat au lait, caramel et sel"},"content":{"rendered":"<p><strong>Ingr\u00e9dients :<\/strong><\/p>\n<p><strong>*Chocolat au lait (95 %) :<\/strong> sucre, beurre de cacao, <strong>lait<\/strong> entier en poudre, p\u00e2te de cacao, lactos\u00e9rum en poudre, \u00e9mulsifiant : (E-322) l\u00e9cithine de tournesol, ar\u00f4mes naturels : vanille.<\/p>\n<p><strong>*P\u00e2te de cr\u00e8me au caramel (3 %) :<\/strong> sucre caram\u00e9lis\u00e9, colorant : E150d, ar\u00f4me.<\/p>\n<p><strong>*Sel en flocons (1 %) et en poudre (1 %).<\/strong><\/p>\n","protected":false},"excerpt":{"rendered":"<p>Chocolat au lait, caramel et sel.<\/p>\n<p>TABLETTE 50grs.<\/p>\n","protected":false},"featured_media":12785,"comment_status":"closed","ping_status":"closed","template":"","meta":[],"product_brand":[194],"product_cat":[285,268],"product_tag":[282,281],"class_list":{"0":"post-12798","1":"product","2":"type-product","3":"status-publish","4":"has-post-thumbnail","6":"product_brand-abuela-ili-chocolate","7":"product_cat-chocolat-au-lait","8":"product_cat-tous-les-produits","9":"product_tag-50-grammes","10":"product_tag-tablettes","11":"pa_alergenos-peut-contenir-du-gluten","12":"pa_alergenos-produits-laitiers","13":"pa_alergenos-traces-de-fruits-a-coque","14":"pa_alergenos-traces-de-soja","16":"first","17":"instock","18":"taxable","19":"shipping-taxable","20":"purchasable","21":"product-type-simple"},"_links":{"self":[{"href":"https:\/\/abuelailichocolates.com\/fr\/wp-json\/wp\/v2\/product\/12798","targetHints":{"allow":["GET"]}}],"collection":[{"href":"https:\/\/abuelailichocolates.com\/fr\/wp-json\/wp\/v2\/product"}],"about":[{"href":"https:\/\/abuelailichocolates.com\/fr\/wp-json\/wp\/v2\/types\/product"}],"replies":[{"embeddable":true,"href":"https:\/\/abuelailichocolates.com\/fr\/wp-json\/wp\/v2\/comments?post=12798"}],"wp:featuredmedia":[{"embeddable":true,"href":"https:\/\/abuelailichocolates.com\/fr\/wp-json\/wp\/v2\/media\/12785"}],"wp:attachment":[{"href":"https:\/\/abuelailichocolates.com\/fr\/wp-json\/wp\/v2\/media?parent=12798"}],"wp:term":[{"taxonomy":"product_brand","embeddable":true,"href":"https:\/\/abuelailichocolates.com\/fr\/wp-json\/wp\/v2\/product_brand?post=12798"},{"taxonomy":"product_cat","embeddable":true,"href":"https:\/\/abuelailichocolates.com\/fr\/wp-json\/wp\/v2\/product_cat?post=12798"},{"taxonomy":"product_tag","embeddable":true,"href":"https:\/\/abuelailichocolates.com\/fr\/wp-json\/wp\/v2\/product_tag?post=12798"}],"curies":[{"name":"wp","href":"https:\/\/api.w.org\/{rel}","templated":true}]}}