{"id":12830,"date":"2018-05-26T14:17:21","date_gmt":"2018-05-26T12:17:21","guid":{"rendered":"https:\/\/abuelailichocolates.com\/tienda\/boite-doranges-confites-enrobees-de-chocolat-noir\/"},"modified":"2025-11-25T09:03:08","modified_gmt":"2025-11-25T08:03:08","slug":"boite-doranges-confites-enrobees-de-chocolat-noir","status":"publish","type":"product","link":"https:\/\/abuelailichocolates.com\/fr\/producto\/boite-doranges-confites-enrobees-de-chocolat-noir\/","title":{"rendered":"Bo\u00eete d&rsquo;Oranges Confites Enrob\u00e9es de Chocolat Noir"},"content":{"rendered":"<p>Ingr\u00e9dients:<\/p>\n<p><strong>-Oranges confites (64%) :<\/strong> Oranges en tranches, saccharose, fructose, dextrose, maltose, conservateurs (E-202 et E-223) et acidifiant (E-330).<\/p>\n<p>\u2013<strong>Chocolat noir de couverture (36%) :<\/strong> p\u00e2te de cacao, sucre, beurre de cacao, \u00e9mulsifiant : l\u00e9cithines (<strong>soja<\/strong>), ar\u00f4me naturel de vanille.<\/p>\n<p>Contient des <strong>sulfites<\/strong>.<\/p>\n<div><\/div>\n","protected":false},"excerpt":{"rendered":"<p>De d\u00e9licieuses oranges confites enti\u00e8rement enrob\u00e9es de chocolat noir.<\/p>\n<p>125 grs.<\/p>\n<p>Maintenant en bo\u00eete&#8230;<\/p>\n","protected":false},"featured_media":12832,"comment_status":"closed","ping_status":"closed","template":"","meta":[],"product_brand":[194],"product_cat":[267,277,268],"product_tag":[269,592,591],"class_list":{"0":"post-12830","1":"product","2":"type-product","3":"status-publish","4":"has-post-thumbnail","6":"product_brand-abuela-ili-chocolate","7":"product_cat-selection","8":"product_cat-assortiments-de-chocolats","9":"product_cat-tous-les-produits","10":"product_tag-assortiments","11":"product_tag-boite","12":"product_tag-oranges","13":"pa_alergenos-peut-contenir-du-gluten","14":"pa_alergenos-soja","15":"pa_alergenos-sulfites","16":"pa_alergenos-traces-de-fruits-a-coque","17":"pa_alergenos-traces-de-lait","19":"first","20":"instock","21":"featured","22":"taxable","23":"shipping-taxable","24":"purchasable","25":"product-type-simple"},"_links":{"self":[{"href":"https:\/\/abuelailichocolates.com\/fr\/wp-json\/wp\/v2\/product\/12830","targetHints":{"allow":["GET"]}}],"collection":[{"href":"https:\/\/abuelailichocolates.com\/fr\/wp-json\/wp\/v2\/product"}],"about":[{"href":"https:\/\/abuelailichocolates.com\/fr\/wp-json\/wp\/v2\/types\/product"}],"replies":[{"embeddable":true,"href":"https:\/\/abuelailichocolates.com\/fr\/wp-json\/wp\/v2\/comments?post=12830"}],"wp:featuredmedia":[{"embeddable":true,"href":"https:\/\/abuelailichocolates.com\/fr\/wp-json\/wp\/v2\/media\/12832"}],"wp:attachment":[{"href":"https:\/\/abuelailichocolates.com\/fr\/wp-json\/wp\/v2\/media?parent=12830"}],"wp:term":[{"taxonomy":"product_brand","embeddable":true,"href":"https:\/\/abuelailichocolates.com\/fr\/wp-json\/wp\/v2\/product_brand?post=12830"},{"taxonomy":"product_cat","embeddable":true,"href":"https:\/\/abuelailichocolates.com\/fr\/wp-json\/wp\/v2\/product_cat?post=12830"},{"taxonomy":"product_tag","embeddable":true,"href":"https:\/\/abuelailichocolates.com\/fr\/wp-json\/wp\/v2\/product_tag?post=12830"}],"curies":[{"name":"wp","href":"https:\/\/api.w.org\/{rel}","templated":true}]}}