{"id":12838,"date":"2015-09-28T11:37:18","date_gmt":"2015-09-28T09:37:18","guid":{"rendered":"https:\/\/abuelailichocolates.com\/tienda\/figues-seches-aux-amandes-et-au-chocolat\/"},"modified":"2025-11-03T16:09:51","modified_gmt":"2025-11-03T15:09:51","slug":"figues-seches-aux-amandes-et-au-chocolat","status":"publish","type":"product","link":"https:\/\/abuelailichocolates.com\/fr\/producto\/figues-seches-aux-amandes-et-au-chocolat\/","title":{"rendered":"Figues s\u00e8ches aux amandes et au chocolat"},"content":{"rendered":"<p>De d\u00e9licieuses figues s\u00e8ches dans lesquelles nous introduisons une amande et que nous trempons dans un exquis chocolat noir.<\/p>\n<p><strong>Ingr\u00e9dients&nbsp;:<\/strong><\/p>\n<p><strong>Figues s\u00e8ches (60&nbsp;%) :<\/strong> figues s\u00e8ches enti\u00e8res et farine de riz.<\/p>\n<p><strong>Chocolat noir de couverture (33&nbsp;%) :<\/strong> p\u00e2te de cacao, sucre, beurre de cacao, \u00e9mulsifiant&nbsp;: l\u00e9cithines (<strong>soja<\/strong>), ar\u00f4me naturel de vanille.<\/p>\n<p><strong>Amande naturelle avec peau (7&nbsp;%).<\/strong><\/p>\n","protected":false},"excerpt":{"rendered":"<p>ENTRE 12 ET 14 UNIT\u00c9S<\/p>\n","protected":false},"featured_media":12840,"comment_status":"closed","ping_status":"closed","template":"","meta":[],"product_brand":[194],"product_cat":[277,268],"product_tag":[342,269,341],"class_list":{"0":"post-12838","1":"product","2":"type-product","3":"status-publish","4":"has-post-thumbnail","6":"product_brand-abuela-ili-chocolate","7":"product_cat-assortiments-de-chocolats","8":"product_cat-tous-les-produits","9":"product_tag-amandes","10":"product_tag-assortiments","11":"product_tag-figues","12":"pa_alergenos-fruits-secs","13":"pa_alergenos-peut-contenir-du-gluten","14":"pa_alergenos-soja","15":"pa_alergenos-traces-de-lait","17":"first","18":"instock","19":"featured","20":"taxable","21":"shipping-taxable","22":"purchasable","23":"product-type-simple"},"_links":{"self":[{"href":"https:\/\/abuelailichocolates.com\/fr\/wp-json\/wp\/v2\/product\/12838","targetHints":{"allow":["GET"]}}],"collection":[{"href":"https:\/\/abuelailichocolates.com\/fr\/wp-json\/wp\/v2\/product"}],"about":[{"href":"https:\/\/abuelailichocolates.com\/fr\/wp-json\/wp\/v2\/types\/product"}],"replies":[{"embeddable":true,"href":"https:\/\/abuelailichocolates.com\/fr\/wp-json\/wp\/v2\/comments?post=12838"}],"wp:featuredmedia":[{"embeddable":true,"href":"https:\/\/abuelailichocolates.com\/fr\/wp-json\/wp\/v2\/media\/12840"}],"wp:attachment":[{"href":"https:\/\/abuelailichocolates.com\/fr\/wp-json\/wp\/v2\/media?parent=12838"}],"wp:term":[{"taxonomy":"product_brand","embeddable":true,"href":"https:\/\/abuelailichocolates.com\/fr\/wp-json\/wp\/v2\/product_brand?post=12838"},{"taxonomy":"product_cat","embeddable":true,"href":"https:\/\/abuelailichocolates.com\/fr\/wp-json\/wp\/v2\/product_cat?post=12838"},{"taxonomy":"product_tag","embeddable":true,"href":"https:\/\/abuelailichocolates.com\/fr\/wp-json\/wp\/v2\/product_tag?post=12838"}],"curies":[{"name":"wp","href":"https:\/\/api.w.org\/{rel}","templated":true}]}}