{"id":12859,"date":"2025-02-13T14:40:55","date_gmt":"2025-02-13T13:40:55","guid":{"rendered":"https:\/\/abuelailichocolates.com\/tienda\/chocolat-blanc-aux-pistaches\/"},"modified":"2025-10-14T14:53:42","modified_gmt":"2025-10-14T12:53:42","slug":"chocolat-blanc-aux-pistaches","status":"publish","type":"product","link":"https:\/\/abuelailichocolates.com\/fr\/producto\/chocolat-blanc-aux-pistaches\/","title":{"rendered":"Chocolat blanc aux pistaches"},"content":{"rendered":"<p><strong>Ingr\u00e9dients&nbsp;:<\/strong><\/p>\n<p><strong>*Chocolat blanc (75&nbsp;%):<\/strong> sucre, beurre de cacao, <b>LAIT<\/b> \u00e9cr\u00e9m\u00e9 en poudre, mati\u00e8re grasse <strong>LAITI\u00c8RE<\/strong>, \u00e9mulsifiant&nbsp;: l\u00e9cithines (<strong>SOJA<\/strong>), ar\u00f4me naturel de vanille, ar\u00f4me.<\/p>\n<p><strong>*Pistaches grill\u00e9es (24&nbsp;%): PISTACHES<\/strong>.<\/p>\n<p><strong>*Sel (1&nbsp;%).<\/strong><\/p>\n","protected":false},"excerpt":{"rendered":"<p><span class=\"relative -mx-px my-[-0.2rem] rounded px-px py-[0.2rem] transition-colors duration-100 ease-in-out\">Chocolat blanc cr\u00e9meux (75 %) avec des pistaches grill\u00e9es (24 %) et une touche de sel marin&nbsp;: une douce gourmandise irr\u00e9sistible.<\/span><\/p>\n","protected":false},"featured_media":12790,"comment_status":"closed","ping_status":"closed","template":"","meta":[],"product_brand":[194],"product_cat":[284,267,268],"product_tag":[282,346,414,281],"class_list":{"0":"post-12859","1":"product","2":"type-product","3":"status-publish","4":"has-post-thumbnail","6":"product_brand-abuela-ili-chocolate","7":"product_cat-chocolat-blanc","8":"product_cat-selection","9":"product_cat-tous-les-produits","10":"product_tag-50-grammes","11":"product_tag-blanc","12":"product_tag-pistache","13":"product_tag-tablettes","14":"pa_alergenos-fruits-secs","15":"pa_alergenos-peut-contenir-du-gluten","16":"pa_alergenos-produits-laitiers","17":"pa_alergenos-soja","19":"first","20":"instock","21":"taxable","22":"shipping-taxable","23":"purchasable","24":"product-type-simple"},"_links":{"self":[{"href":"https:\/\/abuelailichocolates.com\/fr\/wp-json\/wp\/v2\/product\/12859","targetHints":{"allow":["GET"]}}],"collection":[{"href":"https:\/\/abuelailichocolates.com\/fr\/wp-json\/wp\/v2\/product"}],"about":[{"href":"https:\/\/abuelailichocolates.com\/fr\/wp-json\/wp\/v2\/types\/product"}],"replies":[{"embeddable":true,"href":"https:\/\/abuelailichocolates.com\/fr\/wp-json\/wp\/v2\/comments?post=12859"}],"wp:featuredmedia":[{"embeddable":true,"href":"https:\/\/abuelailichocolates.com\/fr\/wp-json\/wp\/v2\/media\/12790"}],"wp:attachment":[{"href":"https:\/\/abuelailichocolates.com\/fr\/wp-json\/wp\/v2\/media?parent=12859"}],"wp:term":[{"taxonomy":"product_brand","embeddable":true,"href":"https:\/\/abuelailichocolates.com\/fr\/wp-json\/wp\/v2\/product_brand?post=12859"},{"taxonomy":"product_cat","embeddable":true,"href":"https:\/\/abuelailichocolates.com\/fr\/wp-json\/wp\/v2\/product_cat?post=12859"},{"taxonomy":"product_tag","embeddable":true,"href":"https:\/\/abuelailichocolates.com\/fr\/wp-json\/wp\/v2\/product_tag?post=12859"}],"curies":[{"name":"wp","href":"https:\/\/api.w.org\/{rel}","templated":true}]}}