{"id":12860,"date":"2025-02-13T14:41:01","date_gmt":"2025-02-13T13:41:01","guid":{"rendered":"https:\/\/abuelailichocolates.com\/tienda\/choco-lait-pistache-croquante\/"},"modified":"2025-12-18T13:33:25","modified_gmt":"2025-12-18T12:33:25","slug":"choco-lait-pistache-croquante","status":"publish","type":"product","link":"https:\/\/abuelailichocolates.com\/fr\/producto\/choco-lait-pistache-croquante\/","title":{"rendered":"Chocolat au lait et pistache"},"content":{"rendered":"<h2>Chocolat au lait et pistache artisanal<\/h2>\n<p>La combinaison de <strong>chocolat au lait<\/strong> cr\u00e9meux et de <strong>pistaches grill\u00e9es<\/strong> est tout simplement irr\u00e9sistible. Doux, onctueux, croquant\u2026 chaque bouch\u00e9e est une f\u00eate dans ta bouche&nbsp;! <\/p>\n<h2>Qu&rsquo;est-ce qui le rend si sp\u00e9cial&nbsp;?<\/h2>\n<ul>\n<li>&#x2714;&#xfe0f; \u00c9labor\u00e9 de mani\u00e8re artisanale dans l&rsquo;Alpujarra.<\/li>\n<li>&#x2714;&#xfe0f; Chocolat au lait de qualit\u00e9 sup\u00e9rieure, doux et cr\u00e9meux.<\/li>\n<li>&#x2714;&#xfe0f; Pistaches grill\u00e9es qui apportent saveur et texture croquante.<\/li>\n<li>&#x2714;&#xfe0f; Une recette \u00e9quilibr\u00e9e qui rend accro d\u00e8s la premi\u00e8re bouch\u00e9e.<\/li>\n<\/ul>\n<h2>Comment en profiter au mieux<\/h2>\n<p>Go\u00fbte-le avec du caf\u00e9, du vin doux ou en accompagnement d\u2019une glace. Mais entre toi et moi\u2026 pas besoin d\u2019excuse pour te faire plaisir&nbsp;! &#x1f60d;<\/p>\n<h2>Un luxe au go\u00fbt de v\u00e9rit\u00e9<\/h2>\n<p>Chez Abuela Ili, on soigne chaque d\u00e9tail pour que tu sentes que ce n\u2019est pas un chocolat comme les autres, mais un morceau de notre terre transform\u00e9 en pur plaisir.<\/p>\n<h2>Ingr\u00e9dients<\/h2>\n<ul>\n<li><strong>Chocolat au lait (75 %)<\/strong>&nbsp;: sucre, LAIT entier en poudre (25&nbsp;%), beurre de cacao, p\u00e2te de cacao, \u00e9mulsifiant (l\u00e9cithines), ar\u00f4me naturel de vanille.<\/li>\n<li><strong>Pistaches grill\u00e9es (24 %)<\/strong>&nbsp;: PISTACHES.<\/li>\n<li><strong>Sel (1 %)<\/strong>.<\/li>\n<\/ul>\n","protected":false},"excerpt":{"rendered":"<p>Tablette artisanale de chocolat au lait cr\u00e9meux et pistaches grill\u00e9es croquantes. Un contraste brutal qui rend accro d\u00e8s la premi\u00e8re bouch\u00e9e. <\/p>\n","protected":false},"featured_media":12795,"comment_status":"closed","ping_status":"closed","template":"","meta":[],"product_brand":[194],"product_cat":[285,267,268],"product_tag":[282,414,281],"class_list":{"0":"post-12860","1":"product","2":"type-product","3":"status-publish","4":"has-post-thumbnail","6":"product_brand-abuela-ili-chocolate","7":"product_cat-chocolat-au-lait","8":"product_cat-selection","9":"product_cat-tous-les-produits","10":"product_tag-50-grammes","11":"product_tag-pistache","12":"product_tag-tablettes","13":"pa_alergenos-fruits-secs","14":"pa_alergenos-peut-contenir-du-gluten","15":"pa_alergenos-produits-laitiers","16":"pa_alergenos-soja","17":"pa_alergenos-traces-de-soja","19":"first","20":"instock","21":"taxable","22":"shipping-taxable","23":"purchasable","24":"product-type-simple"},"_links":{"self":[{"href":"https:\/\/abuelailichocolates.com\/fr\/wp-json\/wp\/v2\/product\/12860","targetHints":{"allow":["GET"]}}],"collection":[{"href":"https:\/\/abuelailichocolates.com\/fr\/wp-json\/wp\/v2\/product"}],"about":[{"href":"https:\/\/abuelailichocolates.com\/fr\/wp-json\/wp\/v2\/types\/product"}],"replies":[{"embeddable":true,"href":"https:\/\/abuelailichocolates.com\/fr\/wp-json\/wp\/v2\/comments?post=12860"}],"wp:featuredmedia":[{"embeddable":true,"href":"https:\/\/abuelailichocolates.com\/fr\/wp-json\/wp\/v2\/media\/12795"}],"wp:attachment":[{"href":"https:\/\/abuelailichocolates.com\/fr\/wp-json\/wp\/v2\/media?parent=12860"}],"wp:term":[{"taxonomy":"product_brand","embeddable":true,"href":"https:\/\/abuelailichocolates.com\/fr\/wp-json\/wp\/v2\/product_brand?post=12860"},{"taxonomy":"product_cat","embeddable":true,"href":"https:\/\/abuelailichocolates.com\/fr\/wp-json\/wp\/v2\/product_cat?post=12860"},{"taxonomy":"product_tag","embeddable":true,"href":"https:\/\/abuelailichocolates.com\/fr\/wp-json\/wp\/v2\/product_tag?post=12860"}],"curies":[{"name":"wp","href":"https:\/\/api.w.org\/{rel}","templated":true}]}}