{"id":12869,"date":"2024-03-06T17:41:09","date_gmt":"2024-03-06T16:41:09","guid":{"rendered":"https:\/\/abuelailichocolates.com\/tienda\/pack-special-fete-des-peres\/"},"modified":"2026-03-11T10:51:20","modified_gmt":"2026-03-11T09:51:20","slug":"pack-special-fete-des-peres","status":"publish","type":"product","link":"https:\/\/abuelailichocolates.com\/fr\/producto\/pack-special-fete-des-peres\/","title":{"rendered":"Pack Sp\u00e9cial F\u00eate des P\u00e8res"},"content":{"rendered":"<p><strong>Fais plaisir \u00e0 Papa avec ce magnifique pack compos\u00e9 de :<\/strong><\/p>\n<ul>\n<li style=\"list-style-type: none;\">\n<ul>\n<li>\n<div dir=\"auto\"><strong><a href=\"https:\/\/abuelailichocolates.com\/fr\/producto\/figues-seches-aux-amandes-et-au-chocolat\/\">1 bo\u00eete de bonbons \u00e0 la figue<\/a><\/strong><\/div>\n<\/li>\n<li>\n<div dir=\"auto\"><strong><a href=\"https:\/\/abuelailichocolates.com\/fr\/producto\/boite-doranges-confites-enrobees-de-chocolat-noir\/\">1 bo\u00eete dorange confite<\/a><\/strong><\/div>\n<\/li>\n<li>\n<div dir=\"auto\"><strong><a href=\"https:\/\/abuelailichocolates.com\/fr\/producto\/assortiment-de-3-saveurs-de-base\/\">1 assortiment classique<\/a><\/strong><\/div>\n<\/li>\n<li>\n<div dir=\"auto\"><strong><a href=\"https:\/\/abuelailichocolates.com\/fr\/producto\/saucisson-au-chocolat\/\">1 saucisson au chocolat au choix<\/a><\/strong><\/div>\n<\/li>\n<\/ul>\n<\/li>\n<\/ul>\n","protected":false},"excerpt":{"rendered":"<p>Fais plaisir \u00e0 Papa avec ce magnifique pack compos\u00e9 de : 1 bo\u00eete de bonbons \u00e0 la figue 1 bo\u00eete dorange confite 1 assortiment classique 1 saucisson au chocolat au choix<\/p>\n","protected":false},"featured_media":15053,"comment_status":"closed","ping_status":"closed","template":"","meta":[],"product_brand":[],"product_cat":[550,277,267,268],"product_tag":[269],"class_list":{"0":"post-12869","1":"product","2":"type-product","3":"status-publish","4":"has-post-thumbnail","6":"product_cat-paniers-et-lots","7":"product_cat-assortiments-de-chocolats","8":"product_cat-selection","9":"product_cat-tous-les-produits","10":"product_tag-assortiments","11":"pa_alergenos-fruits-secs","12":"pa_alergenos-gluten","13":"pa_alergenos-produits-laitiers","14":"pa_alergenos-soja","16":"first","17":"outofstock","18":"taxable","19":"shipping-taxable","20":"purchasable","21":"product-type-variable"},"_links":{"self":[{"href":"https:\/\/abuelailichocolates.com\/fr\/wp-json\/wp\/v2\/product\/12869","targetHints":{"allow":["GET"]}}],"collection":[{"href":"https:\/\/abuelailichocolates.com\/fr\/wp-json\/wp\/v2\/product"}],"about":[{"href":"https:\/\/abuelailichocolates.com\/fr\/wp-json\/wp\/v2\/types\/product"}],"replies":[{"embeddable":true,"href":"https:\/\/abuelailichocolates.com\/fr\/wp-json\/wp\/v2\/comments?post=12869"}],"wp:featuredmedia":[{"embeddable":true,"href":"https:\/\/abuelailichocolates.com\/fr\/wp-json\/wp\/v2\/media\/15053"}],"wp:attachment":[{"href":"https:\/\/abuelailichocolates.com\/fr\/wp-json\/wp\/v2\/media?parent=12869"}],"wp:term":[{"taxonomy":"product_brand","embeddable":true,"href":"https:\/\/abuelailichocolates.com\/fr\/wp-json\/wp\/v2\/product_brand?post=12869"},{"taxonomy":"product_cat","embeddable":true,"href":"https:\/\/abuelailichocolates.com\/fr\/wp-json\/wp\/v2\/product_cat?post=12869"},{"taxonomy":"product_tag","embeddable":true,"href":"https:\/\/abuelailichocolates.com\/fr\/wp-json\/wp\/v2\/product_tag?post=12869"}],"curies":[{"name":"wp","href":"https:\/\/api.w.org\/{rel}","templated":true}]}}