{"id":12884,"date":"2025-02-06T14:45:18","date_gmt":"2025-02-06T13:45:18","guid":{"rendered":"https:\/\/abuelailichocolates.com\/tienda\/boite-de-dragees-au-chocolat\/"},"modified":"2025-11-30T11:04:53","modified_gmt":"2025-11-30T10:04:53","slug":"boite-de-dragees-au-chocolat","status":"publish","type":"product","link":"https:\/\/abuelailichocolates.com\/fr\/producto\/boite-de-dragees-au-chocolat\/","title":{"rendered":"Bo\u00eete de drag\u00e9es au chocolat"},"content":{"rendered":"<p><em><strong>Ingr\u00e9dients :<\/strong><\/em><\/p>\n<p>&nbsp;<\/p>\n<p><strong>Drag\u00e9es de chocolat noir et amande :<\/strong><\/p>\n<p><strong>*Chocolat noir (75 %) :<\/strong> p\u00e2te de cacao, sucre, beurre de cacao, \u00e9mulsifiant : l\u00e9cithines (<strong>SOJA<\/strong>), ar\u00f4me naturel de vanille.<\/p>\n<p><strong>*Amandes grill\u00e9es (25 %) :<\/strong> amandes.<\/p>\n<hr>\n<p><strong>Drag\u00e9es de chocolat noir et amande \u00e0 la cannelle :<\/strong><\/p>\n<p><strong>*Chocolat noir (70 %) :<\/strong> p\u00e2te de cacao, sucre, beurre de cacao, \u00e9mulsifiant : l\u00e9cithines (<strong>SOJA<\/strong>), ar\u00f4me naturel de vanille.<\/p>\n<p><strong>*Amandes grill\u00e9es (20 %) :<\/strong> amandes.<\/p>\n<p><strong>*Cannelle moulue (10 %).<\/strong><\/p>\n<hr>\n<p><strong>Drag\u00e9es de chocolat noir et noisette :<\/strong><\/p>\n<p><strong>*Chocolat noir (75 %) :<\/strong> p\u00e2te de cacao, sucre, beurre de cacao, \u00e9mulsifiant : l\u00e9cithines (<strong>SOJA<\/strong>), ar\u00f4me naturel de vanille.<\/p>\n<p><strong>*Noisettes grill\u00e9es (25 %) :<\/strong> noisettes.<\/p>\n<hr>\n<p><strong>Drag\u00e9es de chocolat au lait et noisette \u00e0 la cannelle :<\/strong><\/p>\n<p><strong>*Chocolat au lait (70 %) :<\/strong> sucre, beurre de cacao, <strong>LAIT<\/strong> entier en poudre, p\u00e2te de cacao, \u00e9mulsifiant (l\u00e9cithine de tournesol E-322) et extrait de vanille.<\/p>\n<p><strong>*Noisettes grill\u00e9es (20 %) :<\/strong> noisettes.<\/p>\n<p><strong>*Cannelle moulue (10 %). <\/strong><\/p>\n<hr>\n<p><strong>Drag\u00e9es de chocolat blanc et noisette :<\/strong><\/p>\n<p><strong>*Chocolat blanc (75 %) : <\/strong>sucre, beurre de cacao, <b>LAIT <\/b>\u00e9cr\u00e9m\u00e9 en poudre, mati\u00e8re grasse <strong>LAITI\u00c8RE<\/strong>, \u00e9mulsifiant : l\u00e9cithines (<strong>SOJA<\/strong>), ar\u00f4me naturel de vanille, ar\u00f4me.<\/p>\n<p><strong>*Noisettes grill\u00e9es (25 %) :<\/strong> noisettes.<\/p>\n<hr>\n<p><strong>Drag\u00e9es de chocolat noir et orange :<\/strong><\/p>\n<p><strong>*Chocolat noir (75 %) :<\/strong> p\u00e2te de cacao, sucre, beurre de cacao, \u00e9mulsifiant : l\u00e9cithines (<strong>SOJA<\/strong>), ar\u00f4me naturel de vanille.<\/p>\n<p><strong>*Orange confite (25 %) : <\/strong>peau d&rsquo;orange, saccharose, fructose, dextrose, maltose, conservateur : E-202, acidifiant : E-330.<\/p>\n<hr>\n<p><strong>Drag\u00e9es de chocolat blanc et noix :<\/strong><\/p>\n<p><strong>*Chocolat blanc (75 %) : <\/strong>sucre, beurre de cacao, <b>LAIT <\/b>\u00e9cr\u00e9m\u00e9 en poudre, mati\u00e8re grasse <strong>LAITI\u00c8RE<\/strong>, \u00e9mulsifiant : l\u00e9cithines (<strong>SOJA<\/strong>), ar\u00f4me naturel de vanille, ar\u00f4me.<\/p>\n<p><strong>*Noix naturelle (25 %).<\/strong><\/p>\n<hr>\n<p><strong>Drag\u00e9es de chocolat noir et raisins secs :<\/strong><\/p>\n<p><strong>*Chocolat noir (75 %) :<\/strong> p\u00e2te de cacao, sucre, beurre de cacao, \u00e9mulsifiant : l\u00e9cithines (<strong>SOJA<\/strong>), ar\u00f4me naturel de vanille.<\/p>\n<p><strong>*Raisins secs (25 %) : <\/strong>raisins secs Sultana, huile de tournesol.<\/p>\n<hr>\n<p><strong>Drag\u00e9es de chocolat au lait et c\u00e9r\u00e9ales :<\/strong><\/p>\n<p><strong>*Chocolat au lait (75 %) :<\/strong> sucre, beurre de cacao, <strong>LAIT<\/strong> entier en poudre, p\u00e2te de cacao, \u00e9mulsifiant (l\u00e9cithine de tournesol E-322) et extrait de vanille.<\/p>\n<p><strong>*Billes de chocolat (25 %) :<\/strong> farine de riz, farine de ma\u00efs, sucre, cacao en poudre (11 %), sirop de glucose, sel.<\/p>\n<hr>\n<p><strong>Drag\u00e9es de chocolat noir et myrtilles :<\/strong><\/p>\n<p><strong>*Chocolat noir (75 %) :<\/strong> p\u00e2te de cacao, sucre, beurre de cacao, \u00e9mulsifiant : l\u00e9cithines (<strong>SOJA<\/strong>), ar\u00f4me naturel de vanille.<br \/>\n<strong>*Myrtilles (25 %) :<\/strong> canneberge, sucre, huile de tournesol.<\/p>\n<hr>\n<p>&nbsp;<\/p>\n","protected":false},"excerpt":{"rendered":"<p>Exquise petite bo\u00eete avec des drag\u00e9es sp\u00e9cialement s\u00e9lectionn\u00e9es avec diff\u00e9rentes saveurs. Choisis la tienne et profite-en. <\/p>\n","protected":false},"featured_media":12885,"comment_status":"closed","ping_status":"closed","template":"","meta":[],"product_brand":[194],"product_cat":[277,267,268],"product_tag":[269,562,553,596],"class_list":{"0":"post-12884","1":"product","2":"type-product","3":"status-publish","4":"has-post-thumbnail","6":"product_brand-abuela-ili-chocolate","7":"product_cat-assortiments-de-chocolats","8":"product_cat-selection","9":"product_cat-tous-les-produits","10":"product_tag-assortiments","11":"product_tag-cadeau-chocolat","12":"product_tag-cadeau-de-noel","13":"product_tag-chocolat-noel","14":"pa_alergenos-fruits-secs","15":"pa_alergenos-gluten","16":"pa_alergenos-produits-laitiers","17":"pa_alergenos-soja","19":"first","20":"instock","21":"taxable","22":"shipping-taxable","23":"purchasable","24":"product-type-variable"},"_links":{"self":[{"href":"https:\/\/abuelailichocolates.com\/fr\/wp-json\/wp\/v2\/product\/12884","targetHints":{"allow":["GET"]}}],"collection":[{"href":"https:\/\/abuelailichocolates.com\/fr\/wp-json\/wp\/v2\/product"}],"about":[{"href":"https:\/\/abuelailichocolates.com\/fr\/wp-json\/wp\/v2\/types\/product"}],"replies":[{"embeddable":true,"href":"https:\/\/abuelailichocolates.com\/fr\/wp-json\/wp\/v2\/comments?post=12884"}],"wp:featuredmedia":[{"embeddable":true,"href":"https:\/\/abuelailichocolates.com\/fr\/wp-json\/wp\/v2\/media\/12885"}],"wp:attachment":[{"href":"https:\/\/abuelailichocolates.com\/fr\/wp-json\/wp\/v2\/media?parent=12884"}],"wp:term":[{"taxonomy":"product_brand","embeddable":true,"href":"https:\/\/abuelailichocolates.com\/fr\/wp-json\/wp\/v2\/product_brand?post=12884"},{"taxonomy":"product_cat","embeddable":true,"href":"https:\/\/abuelailichocolates.com\/fr\/wp-json\/wp\/v2\/product_cat?post=12884"},{"taxonomy":"product_tag","embeddable":true,"href":"https:\/\/abuelailichocolates.com\/fr\/wp-json\/wp\/v2\/product_tag?post=12884"}],"curies":[{"name":"wp","href":"https:\/\/api.w.org\/{rel}","templated":true}]}}