{"id":12928,"date":"2021-11-13T17:54:21","date_gmt":"2021-11-13T16:54:21","guid":{"rendered":"https:\/\/abuelailichocolates.com\/tienda\/chocolat-au-lait-et-cafe\/"},"modified":"2026-01-03T10:46:08","modified_gmt":"2026-01-03T09:46:08","slug":"chocolat-au-lait-et-cafe","status":"publish","type":"product","link":"https:\/\/abuelailichocolates.com\/fr\/producto\/chocolat-au-lait-et-cafe\/","title":{"rendered":"Chocolat au lait et caf\u00e9"},"content":{"rendered":"<p>Ingr\u00e9dients&nbsp;:<\/p>\n<p>*Chocolat au lait (96 %) : sucre, beurre de cacao, lait entier en poudre, p\u00e2te de cacao, lactos\u00e9rum en poudre, \u00e9mulsifiant&nbsp;: l\u00e9cithine de tournesol (e-322), ar\u00f4mes naturels&nbsp;: vanille.<\/p>\n<p>*Caf\u00e9 en p\u00e2te (4 %) : sirop de glucose, eau, caf\u00e9 soluble 100 % arabica\/colombie (11 %), colorant&nbsp;: e150d, sucre, ar\u00f4mes, correcteurs d\u2019acidit\u00e9&nbsp;: e330, e341, stabilisant&nbsp;: pectines.<\/p>\n","protected":false},"excerpt":{"rendered":"<p>Chocolat au lait et noix de coco r\u00e2p\u00e9e.<\/p>\n<p>TABLETTE 60&nbsp;grs.<\/p>\n","protected":false},"featured_media":12929,"comment_status":"closed","ping_status":"closed","template":"","meta":[],"product_brand":[194],"product_cat":[285,268],"product_tag":[303,281],"class_list":{"0":"post-12928","1":"product","2":"type-product","3":"status-publish","4":"has-post-thumbnail","6":"product_brand-abuela-ili-chocolate","7":"product_cat-chocolat-au-lait","8":"product_cat-tous-les-produits","9":"product_tag-60-grammes","10":"product_tag-tablettes","11":"pa_alergenos-peut-contenir-du-gluten","12":"pa_alergenos-produits-laitiers","13":"pa_alergenos-soja","14":"pa_alergenos-traces-de-fruits-a-coque","16":"first","17":"outofstock","18":"taxable","19":"shipping-taxable","20":"purchasable","21":"product-type-simple"},"_links":{"self":[{"href":"https:\/\/abuelailichocolates.com\/fr\/wp-json\/wp\/v2\/product\/12928","targetHints":{"allow":["GET"]}}],"collection":[{"href":"https:\/\/abuelailichocolates.com\/fr\/wp-json\/wp\/v2\/product"}],"about":[{"href":"https:\/\/abuelailichocolates.com\/fr\/wp-json\/wp\/v2\/types\/product"}],"replies":[{"embeddable":true,"href":"https:\/\/abuelailichocolates.com\/fr\/wp-json\/wp\/v2\/comments?post=12928"}],"wp:featuredmedia":[{"embeddable":true,"href":"https:\/\/abuelailichocolates.com\/fr\/wp-json\/wp\/v2\/media\/12929"}],"wp:attachment":[{"href":"https:\/\/abuelailichocolates.com\/fr\/wp-json\/wp\/v2\/media?parent=12928"}],"wp:term":[{"taxonomy":"product_brand","embeddable":true,"href":"https:\/\/abuelailichocolates.com\/fr\/wp-json\/wp\/v2\/product_brand?post=12928"},{"taxonomy":"product_cat","embeddable":true,"href":"https:\/\/abuelailichocolates.com\/fr\/wp-json\/wp\/v2\/product_cat?post=12928"},{"taxonomy":"product_tag","embeddable":true,"href":"https:\/\/abuelailichocolates.com\/fr\/wp-json\/wp\/v2\/product_tag?post=12928"}],"curies":[{"name":"wp","href":"https:\/\/api.w.org\/{rel}","templated":true}]}}