{"id":12931,"date":"2021-11-13T18:06:47","date_gmt":"2021-11-13T17:06:47","guid":{"rendered":"https:\/\/abuelailichocolates.com\/tienda\/chocolat-noir-au-cafe\/"},"modified":"2026-01-03T10:45:48","modified_gmt":"2026-01-03T09:45:48","slug":"chocolat-noir-au-cafe","status":"publish","type":"product","link":"https:\/\/abuelailichocolates.com\/fr\/producto\/chocolat-noir-au-cafe\/","title":{"rendered":"Chocolat noir au caf\u00e9"},"content":{"rendered":"<p>Ingr\u00e9dients :<\/p>\n<p>*Chocolat noir (96 %) : sucre, p\u00e2te de cacao, beurre de cacao, cacao d\u00e9graiss\u00e9 en poudre, \u00e9mulsifiant : l\u00e9cithine de soja (e-322) et ar\u00f4me.<\/p>\n<p>*Caf\u00e9 en p\u00e2te (4 %) : sirop de glucose, eau, caf\u00e9 soluble 100 % arabica\/colombie (11 %), colorant : e150d, sucre, ar\u00f4mes, correcteurs d&rsquo;acidit\u00e9 : e330, e341, stabilisant : pectines.<\/p>\n","protected":false},"excerpt":{"rendered":"<p>TABLETTE 60 grs.<\/p>\n","protected":false},"featured_media":12932,"comment_status":"closed","ping_status":"closed","template":"","meta":[],"product_brand":[194],"product_cat":[266,268],"product_tag":[303,281],"class_list":{"0":"post-12931","1":"product","2":"type-product","3":"status-publish","4":"has-post-thumbnail","6":"product_brand-abuela-ili-chocolate","7":"product_cat-chocolat-noir","8":"product_cat-tous-les-produits","9":"product_tag-60-grammes","10":"product_tag-tablettes","11":"pa_alergenos-peut-contenir-du-gluten","12":"pa_alergenos-soja","13":"pa_alergenos-traces-de-fruits-a-coque","14":"pa_alergenos-traces-de-lait","16":"first","17":"outofstock","18":"taxable","19":"shipping-taxable","20":"purchasable","21":"product-type-simple"},"_links":{"self":[{"href":"https:\/\/abuelailichocolates.com\/fr\/wp-json\/wp\/v2\/product\/12931","targetHints":{"allow":["GET"]}}],"collection":[{"href":"https:\/\/abuelailichocolates.com\/fr\/wp-json\/wp\/v2\/product"}],"about":[{"href":"https:\/\/abuelailichocolates.com\/fr\/wp-json\/wp\/v2\/types\/product"}],"replies":[{"embeddable":true,"href":"https:\/\/abuelailichocolates.com\/fr\/wp-json\/wp\/v2\/comments?post=12931"}],"wp:featuredmedia":[{"embeddable":true,"href":"https:\/\/abuelailichocolates.com\/fr\/wp-json\/wp\/v2\/media\/12932"}],"wp:attachment":[{"href":"https:\/\/abuelailichocolates.com\/fr\/wp-json\/wp\/v2\/media?parent=12931"}],"wp:term":[{"taxonomy":"product_brand","embeddable":true,"href":"https:\/\/abuelailichocolates.com\/fr\/wp-json\/wp\/v2\/product_brand?post=12931"},{"taxonomy":"product_cat","embeddable":true,"href":"https:\/\/abuelailichocolates.com\/fr\/wp-json\/wp\/v2\/product_cat?post=12931"},{"taxonomy":"product_tag","embeddable":true,"href":"https:\/\/abuelailichocolates.com\/fr\/wp-json\/wp\/v2\/product_tag?post=12931"}],"curies":[{"name":"wp","href":"https:\/\/api.w.org\/{rel}","templated":true}]}}