{"id":12934,"date":"2021-12-04T12:05:17","date_gmt":"2021-12-04T11:05:17","guid":{"rendered":"https:\/\/abuelailichocolates.com\/tienda\/chocolat-noir-avec-praline-et-croustillant\/"},"modified":"2025-10-21T15:34:54","modified_gmt":"2025-10-21T13:34:54","slug":"chocolat-noir-avec-praline-et-croustillant","status":"publish","type":"product","link":"https:\/\/abuelailichocolates.com\/fr\/producto\/chocolat-noir-avec-praline-et-croustillant\/","title":{"rendered":"Chocolat noir avec pralin\u00e9 et croustillant"},"content":{"rendered":"<p>Une tablette irr\u00e9sistible qui combine l&rsquo;intensit\u00e9 du <strong>chocolat noir<\/strong> avec la douceur du <strong>pralin\u00e9 aux fruits secs<\/strong> et une touche croustillante qui apporte texture et \u00e9quilibre. \u00c9labor\u00e9e artisanalement dans la <strong>fabrique d&rsquo;Abuela Ili Chocolates<\/strong> dans l&rsquo;Alpujarra, cette cr\u00e9ation est parfaite pour les amateurs de chocolat avec du caract\u00e8re et des nuances. <\/p>\n<h3>Une exp\u00e9rience de saveur artisanale<\/h3>\n<p>Le contraste entre le cacao intense, le pralin\u00e9 de noisettes et d&rsquo;amandes, et les billes croustillantes enrob\u00e9es de chocolat, offre une combinaison unique : cr\u00e9meuse, croquante et \u00e9quilibr\u00e9e. Id\u00e9al pour accompagner le caf\u00e9, savourer apr\u00e8s les repas ou offrir \u00e0 ceux qui appr\u00e9cient le bon chocolat. <\/p>\n<h3>Ingr\u00e9dients<\/h3>\n<p><strong>Chocolat noir (32 %)<\/strong> : sucre, p\u00e2te de cacao, beurre de cacao, \u00e9mulsifiant (l\u00e9cithine de soja), ar\u00f4me naturel de vanille.<br \/>\n<strong>Chocolat blanc (26 %)<\/strong> : sucre, beurre de cacao, lait \u00e9cr\u00e9m\u00e9 en poudre, mati\u00e8re grasse laiti\u00e8re, \u00e9mulsifiant (l\u00e9cithine de soja), ar\u00f4me naturel de vanille, ar\u00f4me.<br \/>\n<strong>Pralin\u00e9 de noisettes (13 %)<\/strong> : noisettes (50 %), sucre, \u00e9mulsifiant (l\u00e9cithine de tournesol), monoglyc\u00e9rides et diglyc\u00e9rides d&rsquo;acides gras.<br \/>\n<strong>Pralin\u00e9 d&rsquo;amandes (13 %)<\/strong> : amandes grill\u00e9es et sucre.<br \/>\n<strong>Billes croustillantes mix (11 %)<\/strong> : couverture de chocolat noir (sucre, p\u00e2te et beurre de cacao, \u00e9mulsifiant : l\u00e9cithine de tournesol et ar\u00f4me), couverture de chocolat au lait (sucre, beurre de cacao, lait en poudre, p\u00e2te de cacao, lactos\u00e9rum, \u00e9mulsifiants : l\u00e9cithine de tournesol, e-476 et ar\u00f4me), chocolat blanc (sucre, beurre de cacao, lait en poudre, \u00e9mulsifiant : l\u00e9cithine de tournesol et ar\u00f4me), mini-billes de c\u00e9r\u00e9ales (farine de riz, sucre et sel), sucre, agents d&rsquo;enrobage (e-414 et e-904) et sirop de glucose.<br \/>\n<strong>Riz souffl\u00e9 chocolat\u00e9 (5 %)<\/strong> : riz (65 %), sucre, chocolat (4,8 %) : [p\u00e2te de cacao, sucre, cacao maigre en poudre], cacao en poudre, sucre caram\u00e9lis\u00e9 en poudre, extrait de malt d&rsquo;orge (gluten), sel, ar\u00f4mes, \u00e9mulsifiant (mono- et diglyc\u00e9rides des acides gras), vitamines (niacine b3, acide pantoth\u00e9nique b5, b6, riboflavine b2, thiamine b1, acide folique b9, biotine h, b12, fer).<\/p>\n<h3>D\u00e9tails du produit<\/h3>\n<ul>\n<li>Poids net : 95 g<\/li>\n<li>Actuellement en rupture de stock (disponible sur commande)<\/li>\n<li>Fabrication artisanale dans l\u2019Alpujarra<\/li>\n<li>Conserver dans un endroit frais et sec<\/li>\n<\/ul>\n<h3>\u00c9labor\u00e9 avec amour<\/h3>\n<p>Comme toutes nos tablettes, ce <strong>Chocolat noir avec pralin\u00e9 et croustillant<\/strong> est <strong>fait avec amour chez Abuela Ili Chocolates<\/strong>, combinant tradition, qualit\u00e9 et passion pour le cacao.<\/p>\n","protected":false},"excerpt":{"rendered":"<p>Chocolat noir avec pralin\u00e9 et croustillant 95 grs.<\/p>\n","protected":false},"featured_media":12935,"comment_status":"closed","ping_status":"closed","template":"","meta":[],"product_brand":[194],"product_cat":[266,268],"product_tag":[304,491,387,490,281],"class_list":{"0":"post-12934","1":"product","2":"type-product","3":"status-publish","4":"has-post-thumbnail","6":"product_brand-abuela-ili-chocolate","7":"product_cat-chocolat-noir","8":"product_cat-tous-les-produits","9":"product_tag-95-grammes","10":"product_tag-croustillant","11":"product_tag-noir","12":"product_tag-praline","13":"product_tag-tablettes","14":"pa_alergenos-fruits-secs","15":"pa_alergenos-gluten","16":"pa_alergenos-produits-laitiers","17":"pa_alergenos-soja","19":"first","20":"outofstock","21":"taxable","22":"shipping-taxable","23":"purchasable","24":"product-type-simple"},"_links":{"self":[{"href":"https:\/\/abuelailichocolates.com\/fr\/wp-json\/wp\/v2\/product\/12934","targetHints":{"allow":["GET"]}}],"collection":[{"href":"https:\/\/abuelailichocolates.com\/fr\/wp-json\/wp\/v2\/product"}],"about":[{"href":"https:\/\/abuelailichocolates.com\/fr\/wp-json\/wp\/v2\/types\/product"}],"replies":[{"embeddable":true,"href":"https:\/\/abuelailichocolates.com\/fr\/wp-json\/wp\/v2\/comments?post=12934"}],"wp:featuredmedia":[{"embeddable":true,"href":"https:\/\/abuelailichocolates.com\/fr\/wp-json\/wp\/v2\/media\/12935"}],"wp:attachment":[{"href":"https:\/\/abuelailichocolates.com\/fr\/wp-json\/wp\/v2\/media?parent=12934"}],"wp:term":[{"taxonomy":"product_brand","embeddable":true,"href":"https:\/\/abuelailichocolates.com\/fr\/wp-json\/wp\/v2\/product_brand?post=12934"},{"taxonomy":"product_cat","embeddable":true,"href":"https:\/\/abuelailichocolates.com\/fr\/wp-json\/wp\/v2\/product_cat?post=12934"},{"taxonomy":"product_tag","embeddable":true,"href":"https:\/\/abuelailichocolates.com\/fr\/wp-json\/wp\/v2\/product_tag?post=12934"}],"curies":[{"name":"wp","href":"https:\/\/api.w.org\/{rel}","templated":true}]}}