{"id":12941,"date":"2020-10-31T13:25:08","date_gmt":"2020-10-31T12:25:08","guid":{"rendered":"https:\/\/abuelailichocolates.com\/tienda\/chocolat-noir-sans-sucre-avec-fruits-secs\/"},"modified":"2026-01-03T11:34:22","modified_gmt":"2026-01-03T10:34:22","slug":"chocolat-noir-sans-sucre-avec-fruits-secs","status":"publish","type":"product","link":"https:\/\/abuelailichocolates.com\/fr\/producto\/chocolat-noir-sans-sucre-avec-fruits-secs\/","title":{"rendered":"Chocolat noir sans sucre avec amandes ou noix"},"content":{"rendered":"<p>Profitez du go\u00fbt authentique du <strong>chocolat noir artisanal sans sucre<\/strong> combin\u00e9 \u00e0 des fruits secs s\u00e9lectionn\u00e9s. Une cr\u00e9ation d&rsquo;<strong>Abuela ili Chocolate<\/strong> qui allie l&rsquo;ar\u00f4me intense du cacao \u00e0 la texture croquante des amandes et des noix. <\/p>\n<h3>Le plaisir du chocolat sans sucre<\/h3>\n<p>\u00c9labor\u00e9 de mani\u00e8re traditionnelle dans <strong>La Alpujarra (Grenade)<\/strong>, ce chocolat est <strong>\u00e9dulcor\u00e9 avec du maltitol<\/strong>, un \u00e9dulcorant qui apporte de la douceur sans ajouter de sucres et maintient intact le go\u00fbt authentique du cacao.<\/p>\n<h3>Deux versions tout aussi irr\u00e9sistibles<\/h3>\n<ul>\n<li><strong>Chocolat noir aux amandes :<\/strong> couverture de chocolat noir sans sucre (72 %) et amandes grill\u00e9es (28 %).<\/li>\n<li><strong>Chocolat noir aux noix :<\/strong> couverture de chocolat noir sans sucre (78 %) et noix en grains (22 %).<\/li>\n<\/ul>\n<p>Chaque tablette combine l&rsquo;\u00e9quilibre parfait entre l&rsquo;intensit\u00e9 du cacao et la douceur des fruits secs, offrant une exp\u00e9rience riche, croquante et d\u00e9licieuse \u00e0 chaque bouch\u00e9e.<\/p>\n<h3>Ingr\u00e9dients<\/h3>\n<p><strong>Aux amandes :<\/strong> p\u00e2te de cacao, \u00e9dulcorant (maltitol), beurre de cacao, cacao d\u00e9graiss\u00e9 en poudre, inuline, \u00e9mulsifiant (l\u00e9cithine de tournesol), ar\u00f4me naturel de vanille, <strong>amandes grill\u00e9es<\/strong> (28 %).<\/p>\n<p><strong>Aux noix :<\/strong> p\u00e2te de cacao, \u00e9dulcorant (maltitol), beurre de cacao, cacao d\u00e9graiss\u00e9 en poudre, inuline, \u00e9mulsifiant (l\u00e9cithine de tournesol), ar\u00f4me naturel de vanille, <strong>noix crues<\/strong> (22 %).<\/p>\n<h3>Informations compl\u00e9mentaires<\/h3>\n<ul>\n<li>Poids : 120 g environ.<\/li>\n<li>Sans sucres ajout\u00e9s (\u00e9dulcor\u00e9 avec du maltitol).<\/li>\n<li>\u00c9labor\u00e9 artisanalement avec du cacao d&rsquo;origine durable.<\/li>\n<li>Peut contenir des traces de lait ou d&rsquo;autres fruits secs.<\/li>\n<\/ul>\n<p><strong>Fait \u00e0 la main avec amour dans La Alpujarra.<\/strong> Parfait pour ceux qui recherchent un chocolat intense, sain et 100 % artisanal. &#x1f36b;&#x2728; <\/p>\n","protected":false},"excerpt":{"rendered":"<p>Chocolat Noir aux Noix Sans Sucre<\/p>\n","protected":false},"featured_media":12942,"comment_status":"closed","ping_status":"closed","template":"","meta":[],"product_brand":[194],"product_cat":[399,266,268],"product_tag":[342,374,400,295],"class_list":{"0":"post-12941","1":"product","2":"type-product","3":"status-publish","4":"has-post-thumbnail","6":"product_brand-abuela-ili-chocolate","7":"product_cat-sans-sucre","8":"product_cat-chocolat-noir","9":"product_cat-tous-les-produits","10":"product_tag-amandes","11":"product_tag-noix","12":"product_tag-sans-sucre","13":"product_tag-tourons","14":"pa_alergenos-fruits-secs","15":"pa_alergenos-peut-contenir-du-gluten","16":"pa_alergenos-traces-de-lait","17":"pa_alergenos-traces-de-soja","19":"first","20":"instock","21":"taxable","22":"shipping-taxable","23":"purchasable","24":"product-type-variable"},"_links":{"self":[{"href":"https:\/\/abuelailichocolates.com\/fr\/wp-json\/wp\/v2\/product\/12941","targetHints":{"allow":["GET"]}}],"collection":[{"href":"https:\/\/abuelailichocolates.com\/fr\/wp-json\/wp\/v2\/product"}],"about":[{"href":"https:\/\/abuelailichocolates.com\/fr\/wp-json\/wp\/v2\/types\/product"}],"replies":[{"embeddable":true,"href":"https:\/\/abuelailichocolates.com\/fr\/wp-json\/wp\/v2\/comments?post=12941"}],"wp:featuredmedia":[{"embeddable":true,"href":"https:\/\/abuelailichocolates.com\/fr\/wp-json\/wp\/v2\/media\/12942"}],"wp:attachment":[{"href":"https:\/\/abuelailichocolates.com\/fr\/wp-json\/wp\/v2\/media?parent=12941"}],"wp:term":[{"taxonomy":"product_brand","embeddable":true,"href":"https:\/\/abuelailichocolates.com\/fr\/wp-json\/wp\/v2\/product_brand?post=12941"},{"taxonomy":"product_cat","embeddable":true,"href":"https:\/\/abuelailichocolates.com\/fr\/wp-json\/wp\/v2\/product_cat?post=12941"},{"taxonomy":"product_tag","embeddable":true,"href":"https:\/\/abuelailichocolates.com\/fr\/wp-json\/wp\/v2\/product_tag?post=12941"}],"curies":[{"name":"wp","href":"https:\/\/api.w.org\/{rel}","templated":true}]}}