{"id":12945,"date":"2020-10-31T18:48:20","date_gmt":"2020-10-31T17:48:20","guid":{"rendered":"https:\/\/abuelailichocolates.com\/tienda\/lait-special\/"},"modified":"2026-01-03T11:10:01","modified_gmt":"2026-01-03T10:10:01","slug":"lait-special","status":"publish","type":"product","link":"https:\/\/abuelailichocolates.com\/fr\/producto\/lait-special\/","title":{"rendered":"Lait Sp\u00e9cial"},"content":{"rendered":"<p><strong>Chocolat au lait :<\/strong> (Cacao min 36,5%) Sucre, beurre de cacao, <strong>lait<\/strong> \u00e9cr\u00e9m\u00e9 en poudre, p\u00e2te de cacao, lactos\u00e9rum en poudre (<strong>lait<\/strong>), mati\u00e8re grasse laiti\u00e8re anhydre, <strong>lait<\/strong> entier en poudre, \u00e9mulsifiant (l\u00e9cithine de <strong>soja<\/strong>), ar\u00f4me, ar\u00f4me naturel de vanille.<\/p>\n<p style=\"text-align: justify;\"><strong>Riz souffl\u00e9 :<\/strong> Riz (65%), sucre, chocolat (4,8%) [chocolat (p\u00e2te de cacao, sucre, cacao maigre en poudre), chocolat (sucre, p\u00e2te de cacao, cacao maigre en poudre)], cacao en poudre, sucre caram\u00e9lis\u00e9 en poudre, extrait de malt d&rsquo;<b>orge<\/b> (<b>gluten<\/b>), sel, ar\u00f4mes, \u00e9mulsifiant : mono- et diglyc\u00e9rides d&rsquo;acides gras, vitamines : niacine (PP), acide pantoth\u00e9nique (B5), B6, riboflavine (B2), thiamine (B1), acide folique (B9), biotine (H), B12, fer.<\/p>\n<p><strong>Amande<\/strong> : amandes grill\u00e9es et huile de tournesol.<\/p>\n<p><strong>Noisette<\/strong> : noisettes grill\u00e9es.<\/p>\n<div style=\"text-align: justify;\"><\/div>\n<div style=\"text-align: justify;\"><\/div>\n","protected":false},"excerpt":{"rendered":"<p>Chocolat au lait sp\u00e9cial No\u00ebl.<\/p>\n<p>TABLETTE de 60 grs.<\/p>\n","protected":false},"featured_media":12946,"comment_status":"closed","ping_status":"closed","template":"","meta":[],"product_brand":[194],"product_cat":[285,267,268],"product_tag":[303,281],"class_list":{"0":"post-12945","1":"product","2":"type-product","3":"status-publish","4":"has-post-thumbnail","6":"product_brand-abuela-ili-chocolate","7":"product_cat-chocolat-au-lait","8":"product_cat-selection","9":"product_cat-tous-les-produits","10":"product_tag-60-grammes","11":"product_tag-tablettes","12":"pa_alergenos-fruits-secs","13":"pa_alergenos-produits-laitiers","14":"pa_alergenos-soja","16":"first","17":"outofstock","18":"taxable","19":"shipping-taxable","20":"purchasable","21":"product-type-simple"},"_links":{"self":[{"href":"https:\/\/abuelailichocolates.com\/fr\/wp-json\/wp\/v2\/product\/12945","targetHints":{"allow":["GET"]}}],"collection":[{"href":"https:\/\/abuelailichocolates.com\/fr\/wp-json\/wp\/v2\/product"}],"about":[{"href":"https:\/\/abuelailichocolates.com\/fr\/wp-json\/wp\/v2\/types\/product"}],"replies":[{"embeddable":true,"href":"https:\/\/abuelailichocolates.com\/fr\/wp-json\/wp\/v2\/comments?post=12945"}],"wp:featuredmedia":[{"embeddable":true,"href":"https:\/\/abuelailichocolates.com\/fr\/wp-json\/wp\/v2\/media\/12946"}],"wp:attachment":[{"href":"https:\/\/abuelailichocolates.com\/fr\/wp-json\/wp\/v2\/media?parent=12945"}],"wp:term":[{"taxonomy":"product_brand","embeddable":true,"href":"https:\/\/abuelailichocolates.com\/fr\/wp-json\/wp\/v2\/product_brand?post=12945"},{"taxonomy":"product_cat","embeddable":true,"href":"https:\/\/abuelailichocolates.com\/fr\/wp-json\/wp\/v2\/product_cat?post=12945"},{"taxonomy":"product_tag","embeddable":true,"href":"https:\/\/abuelailichocolates.com\/fr\/wp-json\/wp\/v2\/product_tag?post=12945"}],"curies":[{"name":"wp","href":"https:\/\/api.w.org\/{rel}","templated":true}]}}