{"id":12988,"date":"2023-10-17T13:23:20","date_gmt":"2023-10-17T11:23:20","guid":{"rendered":"https:\/\/abuelailichocolates.com\/tienda\/marmite-dhalloween\/"},"modified":"2023-10-17T13:23:20","modified_gmt":"2023-10-17T11:23:20","slug":"marmite-dhalloween","status":"publish","type":"product","link":"https:\/\/abuelailichocolates.com\/fr\/producto\/marmite-dhalloween\/","title":{"rendered":"Marmite d&rsquo;Halloween"},"content":{"rendered":"<p>INGR\u00c9DIENTS :<\/p>\n<p>*Chocolat blanc&nbsp;: sucre, beurre de cacao, lait \u00e9cr\u00e9m\u00e9 en poudre, mati\u00e8re grasse laiti\u00e8re, \u00e9mulsifiant&nbsp;: l\u00e9cithines (soja), ar\u00f4me naturel de vanille, ar\u00f4me.<\/p>\n<p>*P\u00e2te de cr\u00e8me de framboise&nbsp;: sucre, sirop de glucose, framboise 20&nbsp;%, jus concentr\u00e9 de framboise 6&nbsp;%, correcteurs d\u2019acidit\u00e9 (acide citrique, e450, e341), produit alimentaire colorant (concentr\u00e9 de carotte et de baies de sureau), stabilisants (pectines, gomme de caroube), colorant&nbsp;: e150d, ar\u00f4me.<\/p>\n<p>*P\u00e2te caramel&nbsp;: sirop de glucose, sucre inverti, colorant&nbsp;: caramel (e150d) (sulfites), ar\u00f4me, eau, acidifiant&nbsp;: acide citrique (e330) et conservateur&nbsp;: sorbate de potassium (e202).<\/p>\n<p>*P\u00e2te de mangue&nbsp;: sucre, d\u00e9s de mangue 30&nbsp;%, sirop de glucose, jus concentr\u00e9 de pomme, produit alimentaire colorant (concentr\u00e9 de carotte, de courge et de pomme), correcteurs d\u2019acidit\u00e9 (e330, e450, e341), stabilisants (pectines, gomme de caroube), colorant&nbsp;: carot\u00e8nes, ar\u00f4me.<\/p>\n<p>*P\u00e2te cr\u00e8me menthe verte (4&nbsp;%)&nbsp;: sirop de glucose, sucre, eau, huile essentielle de menthe poivr\u00e9e, ar\u00f4me naturel, stabilisant&nbsp;: gomme arabique, acidifiant&nbsp;: acide citrique, conservateur&nbsp;: e202, colorants (e102*, e133).<\/p>\n<p>*Chocolat au lait de couverture&nbsp;: sucre, beurre de cacao, lait \u00e9cr\u00e9m\u00e9 en poudre, p\u00e2te de cacao, lactos\u00e9rum en poudre (lait), mati\u00e8re grasse laiti\u00e8re, lait entier en poudre&nbsp;; \u00e9mulsifiant&nbsp;: l\u00e9cithines (soja), ar\u00f4me naturel de vanille, ar\u00f4me. *Biscuit Oreo&nbsp;: farine de bl\u00e9, sucre, graisse de palme, huile de colza, cacao maigre en poudre (4,3&nbsp;%), amidon de bl\u00e9, sirop de glucose et de fructose, poudres \u00e0 lever&nbsp;: carbonates d&rsquo;ammonium, carbonates de potassium, carbonates de sodium, sel, \u00e9mulsifiant&nbsp;: l\u00e9cithines de soja, correcteur d&rsquo;acidit\u00e9&nbsp;: hydroxyde de sodium, ar\u00f4me. <\/p>\n<p>*Ar\u00f4me de banane&nbsp;: substances aromatisantes, propyl\u00e8ne glycol (e-1520) (&lt;=50&nbsp;%), \u00e9thanol (&lt;=40&nbsp;%) et eau. *Riz souffl\u00e9&nbsp;: farine de riz (64&nbsp;%), sucre, cacao en poudre (11&nbsp;%), sirop de glucose, sel. <\/p>\n","protected":false},"excerpt":{"rendered":"<p>Notre marmite enchant\u00e9e, o\u00f9 tu trouveras de d\u00e9licieuses portions de chocolat \u00e0 l&rsquo;int\u00e9rieur.<\/p>\n","protected":false},"featured_media":10050,"comment_status":"closed","ping_status":"closed","template":"","meta":[],"product_brand":[194],"product_cat":[285,284,267,268],"product_tag":[269,308],"class_list":{"0":"post-12988","1":"product","2":"type-product","3":"status-publish","4":"has-post-thumbnail","6":"product_brand-abuela-ili-chocolate","7":"product_cat-chocolat-au-lait","8":"product_cat-chocolat-blanc","9":"product_cat-selection","10":"product_cat-tous-les-produits","11":"product_tag-assortiments","12":"product_tag-halloween","13":"pa_alergenos-peut-contenir-du-gluten","14":"pa_alergenos-produits-laitiers","15":"pa_alergenos-soja","16":"pa_alergenos-traces-de-fruits-a-coque","18":"first","19":"outofstock","20":"taxable","21":"shipping-taxable","22":"purchasable","23":"product-type-simple"},"_links":{"self":[{"href":"https:\/\/abuelailichocolates.com\/fr\/wp-json\/wp\/v2\/product\/12988","targetHints":{"allow":["GET"]}}],"collection":[{"href":"https:\/\/abuelailichocolates.com\/fr\/wp-json\/wp\/v2\/product"}],"about":[{"href":"https:\/\/abuelailichocolates.com\/fr\/wp-json\/wp\/v2\/types\/product"}],"replies":[{"embeddable":true,"href":"https:\/\/abuelailichocolates.com\/fr\/wp-json\/wp\/v2\/comments?post=12988"}],"wp:featuredmedia":[{"embeddable":true,"href":"https:\/\/abuelailichocolates.com\/fr\/wp-json\/wp\/v2\/media\/10050"}],"wp:attachment":[{"href":"https:\/\/abuelailichocolates.com\/fr\/wp-json\/wp\/v2\/media?parent=12988"}],"wp:term":[{"taxonomy":"product_brand","embeddable":true,"href":"https:\/\/abuelailichocolates.com\/fr\/wp-json\/wp\/v2\/product_brand?post=12988"},{"taxonomy":"product_cat","embeddable":true,"href":"https:\/\/abuelailichocolates.com\/fr\/wp-json\/wp\/v2\/product_cat?post=12988"},{"taxonomy":"product_tag","embeddable":true,"href":"https:\/\/abuelailichocolates.com\/fr\/wp-json\/wp\/v2\/product_tag?post=12988"}],"curies":[{"name":"wp","href":"https:\/\/api.w.org\/{rel}","templated":true}]}}