{"id":12992,"date":"2023-11-23T15:48:41","date_gmt":"2023-11-23T14:48:41","guid":{"rendered":"https:\/\/abuelailichocolates.com\/tienda\/tablette-speciale-noel\/"},"modified":"2025-12-22T11:55:34","modified_gmt":"2025-12-22T10:55:34","slug":"tablette-speciale-noel","status":"publish","type":"product","link":"https:\/\/abuelailichocolates.com\/fr\/producto\/tablette-speciale-noel\/","title":{"rendered":"Tablette Sp\u00e9ciale No\u00ebl"},"content":{"rendered":"<h2>Tablette avec Motifs de No\u00ebl<\/h2>\n<p>Notre <strong>tablette avec motifs de No\u00ebl<\/strong> est un d\u00e9tail doux, joli et 100 % artisanal, \u00e9labor\u00e9 dans l&rsquo;atelier d&rsquo;abuela ili \u00e0 Pampaneira.<br \/>\nChaque tablette combine un chocolat d&rsquo;excellente qualit\u00e9 avec de petites d\u00e9corations en chocolat blanc imprim\u00e9es de motifs festifs&nbsp;: arbres, maisonnettes, \u00e9toiles, chaussettes et autres dessins qui \u00e9voquent l&rsquo;esprit de No\u00ebl.<\/p>\n<h3>Un d\u00e9tail sp\u00e9cial et joli<\/h3>\n<p>Ces tablettes sont parfaites pour surprendre&nbsp;: d\u00e9licates, joyeuses et tr\u00e8s visuelles.<br \/>\nLa combinaison de couleurs et de dessins en fait un petit cadeau id\u00e9al pour les amis, la famille ou \u00e0 ajouter aux paniers et lots de No\u00ebl.<\/p>\n<h3>Artisanat aux saveurs de l&rsquo;Alpujarra<\/h3>\n<p>Comme tout notre chocolat, chaque tablette est \u00e9labor\u00e9e \u00e0 la main, en soignant la texture et la finition.<br \/>\nDisponibles en chocolat noir, blanc et au lait, pour que chacun trouve son pr\u00e9f\u00e9r\u00e9.<\/p>\n<h3>Parfaites pour offrir<\/h3>\n<p>C&rsquo;est un d\u00e9tail simple mais pr\u00e9cieux, id\u00e9al pour les professeurs, les clients, les visites, les amis invisibles ou pour ajouter une touche sucr\u00e9e \u00e0 la table de No\u00ebl.<\/p>\n<h3>Ingr\u00e9dients<\/h3>\n<p>Comprend trois vari\u00e9t\u00e9s&nbsp;:<\/p>\n<p><strong>Chocolat blanc (95&nbsp;%)<\/strong>&nbsp;: sucre, beurre de cacao, <strong>lait<\/strong> \u00e9cr\u00e9m\u00e9 en poudre, mati\u00e8re grasse <strong>laiti\u00e8re<\/strong>, \u00e9mulsifiant&nbsp;: l\u00e9cithines (<strong>soja<\/strong>), ar\u00f4me naturel de vanille, ar\u00f4me.<br \/>\n<strong>Chocolat noir (5&nbsp;%)<\/strong>&nbsp;: p\u00e2te de cacao, sucre, beurre de cacao, \u00e9mulsifiant&nbsp;: l\u00e9cithine de <strong>soja<\/strong>, ar\u00f4me naturel de vanilline, \u00e9mulsifiant&nbsp;: E473, colorants&nbsp;: E133, E170, E172.<\/p>\n<p><strong>Chocolat au lait (95&nbsp;%)<\/strong>&nbsp;: sucre, beurre de cacao, <strong>lait<\/strong> \u00e9cr\u00e9m\u00e9 en poudre, p\u00e2te de cacao, <strong>lactos\u00e9rum<\/strong> en poudre (<strong>lait<\/strong>), mati\u00e8re grasse <strong>laiti\u00e8re<\/strong> anhydre, <strong>lait<\/strong> entier en poudre, \u00e9mulsifiant (l\u00e9cithine de <strong>soja<\/strong>), ar\u00f4me, ar\u00f4me naturel de vanille.<br \/>\n<strong>Chocolat blanc (5&nbsp;%)<\/strong>&nbsp;: sucre, beurre de cacao, <strong>lait<\/strong> en poudre, \u00e9mulsifiant&nbsp;: l\u00e9cithine de <strong>soja<\/strong>, ar\u00f4me naturel de vanilline, eau, amidon modifi\u00e9, cas\u00e9inate de sodium (<strong>lait<\/strong>), sucre impalpable, humectant&nbsp;: E422, \u00e9mulsifiants&nbsp;: l\u00e9cithine de <strong>soja<\/strong> E433, E414, colorants&nbsp;: E102, E122, E133, E151, E110, conservateur&nbsp;: E202, vanilline.<\/p>\n<p><strong>Chocolat noir 70&nbsp;% (95&nbsp;%)<\/strong>&nbsp;: p\u00e2te de cacao, sucre, beurre de cacao, cacao d\u00e9graiss\u00e9 en poudre, ar\u00f4me naturel de vanille.<br \/>\n<strong>Chocolat blanc (5&nbsp;%)<\/strong>&nbsp;: sucre, beurre de cacao, <strong>lait<\/strong> en poudre, \u00e9mulsifiant&nbsp;: l\u00e9cithine de <strong>soja<\/strong>, ar\u00f4me naturel de vanilline, eau, amidon modifi\u00e9, cas\u00e9inate de sodium (<strong>lait<\/strong>), sucre impalpable, humectant&nbsp;: E422, \u00e9mulsifiants&nbsp;: l\u00e9cithine de <strong>soja<\/strong> E433, E414, colorants&nbsp;: E102, E122, E133, E151, E110, conservateur&nbsp;: E202, vanilline.<\/p>\n<h3>Approprie-toi-le<\/h3>\n<p>Ajoutez cette tablette avec motifs de No\u00ebl \u00e0 vos cadeaux, \u00e0 votre table festive ou \u00e0 vos cadeaux d&rsquo;entreprise.<br \/>\nUn petit geste doux qui d\u00e9clenche toujours un sourire.<\/p>\n","protected":false},"excerpt":{"rendered":"<p>Tablette artisanale de chocolat d\u00e9cor\u00e9e de motifs de No\u00ebl. 50&nbsp;grs. <\/p>\n","protected":false},"featured_media":14351,"comment_status":"closed","ping_status":"closed","template":"","meta":[],"product_brand":[194],"product_cat":[267,285,284,266,268],"product_tag":[553,596,595],"class_list":{"0":"post-12992","1":"product","2":"type-product","3":"status-publish","4":"has-post-thumbnail","6":"product_brand-abuela-ili-chocolate","7":"product_cat-selection","8":"product_cat-chocolat-au-lait","9":"product_cat-chocolat-blanc","10":"product_cat-chocolat-noir","11":"product_cat-tous-les-produits","12":"product_tag-cadeau-de-noel","13":"product_tag-chocolat-noel","14":"product_tag-tablette-de-noel","15":"pa_alergenos-peut-contenir-du-gluten","16":"pa_alergenos-produits-laitiers","17":"pa_alergenos-soja","18":"pa_alergenos-traces-de-fruits-a-coque","20":"first","21":"outofstock","22":"taxable","23":"shipping-taxable","24":"purchasable","25":"product-type-variable"},"_links":{"self":[{"href":"https:\/\/abuelailichocolates.com\/fr\/wp-json\/wp\/v2\/product\/12992","targetHints":{"allow":["GET"]}}],"collection":[{"href":"https:\/\/abuelailichocolates.com\/fr\/wp-json\/wp\/v2\/product"}],"about":[{"href":"https:\/\/abuelailichocolates.com\/fr\/wp-json\/wp\/v2\/types\/product"}],"replies":[{"embeddable":true,"href":"https:\/\/abuelailichocolates.com\/fr\/wp-json\/wp\/v2\/comments?post=12992"}],"wp:featuredmedia":[{"embeddable":true,"href":"https:\/\/abuelailichocolates.com\/fr\/wp-json\/wp\/v2\/media\/14351"}],"wp:attachment":[{"href":"https:\/\/abuelailichocolates.com\/fr\/wp-json\/wp\/v2\/media?parent=12992"}],"wp:term":[{"taxonomy":"product_brand","embeddable":true,"href":"https:\/\/abuelailichocolates.com\/fr\/wp-json\/wp\/v2\/product_brand?post=12992"},{"taxonomy":"product_cat","embeddable":true,"href":"https:\/\/abuelailichocolates.com\/fr\/wp-json\/wp\/v2\/product_cat?post=12992"},{"taxonomy":"product_tag","embeddable":true,"href":"https:\/\/abuelailichocolates.com\/fr\/wp-json\/wp\/v2\/product_tag?post=12992"}],"curies":[{"name":"wp","href":"https:\/\/api.w.org\/{rel}","templated":true}]}}