{"id":13021,"date":"2023-12-24T13:37:00","date_gmt":"2023-12-24T12:37:00","guid":{"rendered":"https:\/\/abuelailichocolates.com\/tienda\/boite-assortie-de-touron-au-chocolat-noir-au-lait-et-blanc\/"},"modified":"2025-11-30T11:06:20","modified_gmt":"2025-11-30T10:06:20","slug":"boite-assortie-de-touron-au-chocolat-noir-au-lait-et-blanc","status":"publish","type":"product","link":"https:\/\/abuelailichocolates.com\/fr\/producto\/boite-assortie-de-touron-au-chocolat-noir-au-lait-et-blanc\/","title":{"rendered":"Bo\u00eete assortie de touron au chocolat noir, au lait et blanc"},"content":{"rendered":"<p>12 TABLETTES (560 grs.)<\/p>\n<p>Saveurs contenues :<\/p>\n<p>\u2022 <a href=\"https:\/\/abuelailichocolates.com\/tienda\/chocolate-negro-con-frutos-secos\/\">Noir Amande<\/a> \u2022 <a href=\"https:\/\/abuelailichocolates.com\/tienda\/chocolate-con-leche-y-frutos-secos\/\">Lait Amande<\/a> \u2022 <a href=\"https:\/\/abuelailichocolates.com\/tienda\/chocolate-blanco-con-frutos-secos\/\">Blanc Amande<\/a><\/p>\n<p>\u2022 <a href=\"https:\/\/abuelailichocolates.com\/tienda\/chocolate-negro-con-frutos-secos\/\">Noir Noix<\/a> \u2022 <a href=\"https:\/\/abuelailichocolates.com\/tienda\/chocolate-con-leche-y-frutos-secos\/\">Lait Noix<\/a> \u2022 <a href=\"https:\/\/abuelailichocolates.com\/tienda\/chocolate-blanco-con-frutos-secos\/\">Blanc Noix<\/a><\/p>\n<p>\u2022 <a href=\"https:\/\/abuelailichocolates.com\/tienda\/chocolate-negro-con-frutos-secos\/\">Noir Kikos<\/a> \u2022 <a href=\"https:\/\/abuelailichocolates.com\/tienda\/chocolate-con-leche-y-frutos-secos\/\">Lait Kikos<\/a> \u2022 <a href=\"https:\/\/abuelailichocolates.com\/tienda\/chocolate-blanco-con-frutos-secos\/\">Blanc Kikos<\/a><\/p>\n<p>\u2022 <a href=\"https:\/\/abuelailichocolates.com\/tienda\/chocolate-negro-con-frutos-secos\/\">Noir Noix et Figue<\/a> \u2022 <a href=\"https:\/\/abuelailichocolates.com\/tienda\/chocolate-con-leche-y-frutos-secos\/\">Lait Noix et Figue<\/a> \u2022 <a href=\"https:\/\/abuelailichocolates.com\/tienda\/chocolate-blanco-con-frutos-secos\/\">Blanc Noix et Prune<\/a><\/p>\n<p>&nbsp;<\/p>\n<ul>\n<li>Pour consulter les ingr\u00e9dients et les valeurs nutritionnelles correspondantes, clique sur le produit, s\u2019il te pla\u00eet. Merci. <\/li>\n<\/ul>\n","protected":false},"excerpt":{"rendered":"<p>Une excellente s\u00e9lection de nos tourons au chocolat&#8230; \u00c0 d\u00e9guster sans mod\u00e9ration&nbsp;!<\/p>\n","protected":false},"featured_media":13022,"comment_status":"closed","ping_status":"closed","template":"","meta":[],"product_brand":[194],"product_cat":[277,285,284,266,268],"product_tag":[562,553],"class_list":{"0":"post-13021","1":"product","2":"type-product","3":"status-publish","4":"has-post-thumbnail","6":"product_brand-abuela-ili-chocolate","7":"product_cat-assortiments-de-chocolats","8":"product_cat-chocolat-au-lait","9":"product_cat-chocolat-blanc","10":"product_cat-chocolat-noir","11":"product_cat-tous-les-produits","12":"product_tag-cadeau-chocolat","13":"product_tag-cadeau-de-noel","14":"pa_alergenos-fruits-secs","15":"pa_alergenos-produits-laitiers","16":"pa_alergenos-soja","18":"first","19":"instock","20":"taxable","21":"shipping-taxable","22":"purchasable","23":"product-type-simple"},"_links":{"self":[{"href":"https:\/\/abuelailichocolates.com\/fr\/wp-json\/wp\/v2\/product\/13021","targetHints":{"allow":["GET"]}}],"collection":[{"href":"https:\/\/abuelailichocolates.com\/fr\/wp-json\/wp\/v2\/product"}],"about":[{"href":"https:\/\/abuelailichocolates.com\/fr\/wp-json\/wp\/v2\/types\/product"}],"replies":[{"embeddable":true,"href":"https:\/\/abuelailichocolates.com\/fr\/wp-json\/wp\/v2\/comments?post=13021"}],"wp:featuredmedia":[{"embeddable":true,"href":"https:\/\/abuelailichocolates.com\/fr\/wp-json\/wp\/v2\/media\/13022"}],"wp:attachment":[{"href":"https:\/\/abuelailichocolates.com\/fr\/wp-json\/wp\/v2\/media?parent=13021"}],"wp:term":[{"taxonomy":"product_brand","embeddable":true,"href":"https:\/\/abuelailichocolates.com\/fr\/wp-json\/wp\/v2\/product_brand?post=13021"},{"taxonomy":"product_cat","embeddable":true,"href":"https:\/\/abuelailichocolates.com\/fr\/wp-json\/wp\/v2\/product_cat?post=13021"},{"taxonomy":"product_tag","embeddable":true,"href":"https:\/\/abuelailichocolates.com\/fr\/wp-json\/wp\/v2\/product_tag?post=13021"}],"curies":[{"name":"wp","href":"https:\/\/api.w.org\/{rel}","templated":true}]}}