{"id":13024,"date":"2024-09-30T17:31:44","date_gmt":"2024-09-30T15:31:44","guid":{"rendered":"https:\/\/abuelailichocolates.com\/tienda\/petites-boites-dhalloween\/"},"modified":"2025-10-02T11:00:01","modified_gmt":"2025-10-02T09:00:01","slug":"petites-boites-dhalloween","status":"publish","type":"product","link":"https:\/\/abuelailichocolates.com\/fr\/producto\/petites-boites-dhalloween\/","title":{"rendered":"Petites bo\u00eetes d&rsquo;Halloween"},"content":{"rendered":"<p>INGR\u00c9DIENTS :<\/p>\n<p>*Chocolat blanc (74 %) : sucre, beurre de cacao, lait \u00e9cr\u00e9m\u00e9 en poudre, mati\u00e8re grasse laiti\u00e8re, \u00e9mulsifiant : l\u00e9cithines (soja), ar\u00f4me naturel de vanille, ar\u00f4me.<\/p>\n<p>*Chocolat au lait de couverture (74 %) : sucre, beurre de cacao, lait \u00e9cr\u00e9m\u00e9 en poudre, p\u00e2te de cacao, lactos\u00e9rum en poudre (lait), mati\u00e8re grasse laiti\u00e8re, lait entier en poudre ; \u00e9mulsifiant : l\u00e9cithines (soja), ar\u00f4me naturel de vanille, ar\u00f4me.<\/p>\n<p>*Billes de chocolat (24 %) : farine de riz, farine de ma\u00efs, sucre, cacao en poudre (11 %), sirop de glucose, sel.<\/p>\n<p>*Stabilisant (E414) (1 %).<\/p>\n<p>*Agent d&rsquo;enrobage (E904) (1 %).<\/p>\n","protected":false},"excerpt":{"rendered":"<p>Des petites bo\u00eetes terriblement amusantes avec de d\u00e9licieuses billes croustillantes au chocolat \u00e0 l&rsquo;int\u00e9rieur.<\/p>\n","protected":false},"featured_media":13333,"comment_status":"closed","ping_status":"closed","template":"","meta":[],"product_brand":[194],"product_cat":[267,285,284,268],"product_tag":[269,308],"class_list":{"0":"post-13024","1":"product","2":"type-product","3":"status-publish","4":"has-post-thumbnail","6":"product_brand-abuela-ili-chocolate","7":"product_cat-selection","8":"product_cat-chocolat-au-lait","9":"product_cat-chocolat-blanc","10":"product_cat-tous-les-produits","11":"product_tag-assortiments","12":"product_tag-halloween","13":"pa_alergenos-peut-contenir-du-gluten","14":"pa_alergenos-produits-laitiers","15":"pa_alergenos-soja","16":"pa_alergenos-traces-de-fruits-a-coque","18":"first","19":"outofstock","20":"taxable","21":"shipping-taxable","22":"product-type-variable"},"_links":{"self":[{"href":"https:\/\/abuelailichocolates.com\/fr\/wp-json\/wp\/v2\/product\/13024","targetHints":{"allow":["GET"]}}],"collection":[{"href":"https:\/\/abuelailichocolates.com\/fr\/wp-json\/wp\/v2\/product"}],"about":[{"href":"https:\/\/abuelailichocolates.com\/fr\/wp-json\/wp\/v2\/types\/product"}],"replies":[{"embeddable":true,"href":"https:\/\/abuelailichocolates.com\/fr\/wp-json\/wp\/v2\/comments?post=13024"}],"wp:featuredmedia":[{"embeddable":true,"href":"https:\/\/abuelailichocolates.com\/fr\/wp-json\/wp\/v2\/media\/13333"}],"wp:attachment":[{"href":"https:\/\/abuelailichocolates.com\/fr\/wp-json\/wp\/v2\/media?parent=13024"}],"wp:term":[{"taxonomy":"product_brand","embeddable":true,"href":"https:\/\/abuelailichocolates.com\/fr\/wp-json\/wp\/v2\/product_brand?post=13024"},{"taxonomy":"product_cat","embeddable":true,"href":"https:\/\/abuelailichocolates.com\/fr\/wp-json\/wp\/v2\/product_cat?post=13024"},{"taxonomy":"product_tag","embeddable":true,"href":"https:\/\/abuelailichocolates.com\/fr\/wp-json\/wp\/v2\/product_tag?post=13024"}],"curies":[{"name":"wp","href":"https:\/\/api.w.org\/{rel}","templated":true}]}}