{"id":13041,"date":"2021-11-13T17:38:40","date_gmt":"2021-11-13T16:38:40","guid":{"rendered":"https:\/\/abuelailichocolates.com\/tienda\/chocolat-blanc-au-cafe\/"},"modified":"2026-01-03T10:46:31","modified_gmt":"2026-01-03T09:46:31","slug":"chocolat-blanc-au-cafe","status":"publish","type":"product","link":"https:\/\/abuelailichocolates.com\/fr\/producto\/chocolat-blanc-au-cafe\/","title":{"rendered":"Chocolat blanc au caf\u00e9"},"content":{"rendered":"<p>Ingr\u00e9dients&nbsp;:<\/p>\n<p>*Chocolat blanc (96 %) : sucre, beurre de cacao, lait \u00e9cr\u00e9m\u00e9 en poudre, mati\u00e8re grasse laiti\u00e8re, \u00e9mulsifiant&nbsp;: (e-322) l\u00e9cithine de soja, ar\u00f4me naturel&nbsp;: vanille.<br \/>\n*Caf\u00e9 en p\u00e2te (4 %) : sirop de glucose, eau, caf\u00e9 soluble 100 % arabica\/colombie (11 %), colorant&nbsp;: e150d, sucre, ar\u00f4mes, correcteurs d\u2019acidit\u00e9&nbsp;: e330, e341, stabilisant&nbsp;: pectines.<\/p>\n","protected":false},"excerpt":{"rendered":"<p>TABLETTE 60 grs.<\/p>\n","protected":false},"featured_media":13045,"comment_status":"closed","ping_status":"closed","template":"","meta":[],"product_brand":[194],"product_cat":[284,268],"product_tag":[303,281],"class_list":{"0":"post-13041","1":"product","2":"type-product","3":"status-publish","4":"has-post-thumbnail","6":"product_brand-abuela-ili-chocolate","7":"product_cat-chocolat-blanc","8":"product_cat-tous-les-produits","9":"product_tag-60-grammes","10":"product_tag-tablettes","11":"pa_alergenos-peut-contenir-du-gluten","12":"pa_alergenos-produits-laitiers","13":"pa_alergenos-soja","14":"pa_alergenos-traces-de-fruits-a-coque","16":"first","17":"outofstock","18":"taxable","19":"shipping-taxable","20":"purchasable","21":"product-type-simple"},"_links":{"self":[{"href":"https:\/\/abuelailichocolates.com\/fr\/wp-json\/wp\/v2\/product\/13041","targetHints":{"allow":["GET"]}}],"collection":[{"href":"https:\/\/abuelailichocolates.com\/fr\/wp-json\/wp\/v2\/product"}],"about":[{"href":"https:\/\/abuelailichocolates.com\/fr\/wp-json\/wp\/v2\/types\/product"}],"replies":[{"embeddable":true,"href":"https:\/\/abuelailichocolates.com\/fr\/wp-json\/wp\/v2\/comments?post=13041"}],"wp:featuredmedia":[{"embeddable":true,"href":"https:\/\/abuelailichocolates.com\/fr\/wp-json\/wp\/v2\/media\/13045"}],"wp:attachment":[{"href":"https:\/\/abuelailichocolates.com\/fr\/wp-json\/wp\/v2\/media?parent=13041"}],"wp:term":[{"taxonomy":"product_brand","embeddable":true,"href":"https:\/\/abuelailichocolates.com\/fr\/wp-json\/wp\/v2\/product_brand?post=13041"},{"taxonomy":"product_cat","embeddable":true,"href":"https:\/\/abuelailichocolates.com\/fr\/wp-json\/wp\/v2\/product_cat?post=13041"},{"taxonomy":"product_tag","embeddable":true,"href":"https:\/\/abuelailichocolates.com\/fr\/wp-json\/wp\/v2\/product_tag?post=13041"}],"curies":[{"name":"wp","href":"https:\/\/api.w.org\/{rel}","templated":true}]}}