{"id":13050,"date":"2021-12-04T19:11:15","date_gmt":"2021-12-04T18:11:15","guid":{"rendered":"https:\/\/abuelailichocolates.com\/tienda\/panier-de-noel\/"},"modified":"2026-01-02T11:16:48","modified_gmt":"2026-01-02T10:16:48","slug":"panier-de-noel","status":"publish","type":"product","link":"https:\/\/abuelailichocolates.com\/fr\/producto\/panier-de-noel\/","title":{"rendered":"Panier de No\u00ebl"},"content":{"rendered":"<h2>Panier de No\u00ebl artisanal Abuela Ili Chocolates<\/h2>\n<p>Panier de No\u00ebl <strong>gourmet<\/strong> exclusif compos\u00e9 d&rsquo;une s\u00e9lection soign\u00e9e de <strong>chocolats artisanaux fabriqu\u00e9s dans l&rsquo;Alpujarra<\/strong>. Une combinaison parfaite de saveurs, de textures et de formats \u00e0 offrir ou \u00e0 partager pendant les f\u00eates. Chaque produit est \u00e9labor\u00e9 avec des ingr\u00e9dients s\u00e9lectionn\u00e9s et l&rsquo;affection qui caract\u00e9rise <strong>Abuela Ili Chocolates<\/strong>.  <\/p>\n<h3>Contenu du panier<\/h3>\n<ul>\n<li>Chocolat blanc aux myrtilles<\/li>\n<li>Chocolat au lait et riz<\/li>\n<li>Chocolat noir aux \u00e9clats de cacao<\/li>\n<li>Bo\u00eete assortie de chocolats<\/li>\n<li>Bo\u00eete de branches mixtes<\/li>\n<\/ul>\n<h3>Chocolat blanc aux myrtilles<\/h3>\n<p><strong>Chocolat blanc (75 %)<\/strong> : sucre, beurre de cacao, lait \u00e9cr\u00e9m\u00e9 en poudre, mati\u00e8re grasse laiti\u00e8re, \u00e9mulsifiant : l\u00e9cithine de soja, ar\u00f4me naturel de vanille, ar\u00f4me.<br \/>\n<strong>Myrtilles (25 %)<\/strong> : myrtilles d\u00e9shydrat\u00e9es, sucre et huile de tournesol.<\/p>\n<h3>Chocolat au lait et riz<\/h3>\n<p><strong>Chocolat au lait (92 %)<\/strong> : sucre, beurre de cacao, lait entier en poudre, p\u00e2te de cacao, lactos\u00e9rum en poudre, \u00e9mulsifiant (l\u00e9cithine de tournesol e-322), ar\u00f4me naturel de vanille.<br \/>\n<strong>Riz souffl\u00e9 (8 %)<\/strong> : riz (65 %), sucre, chocolat (4,8 %) : [p\u00e2te de cacao, sucre, cacao maigre en poudre], cacao en poudre, sucre caram\u00e9lis\u00e9 en poudre, extrait de malt d&rsquo;orge (gluten), sel, ar\u00f4mes, \u00e9mulsifiant (mono- et diglyc\u00e9rides d&rsquo;acides gras), vitamines (niacine b3, acide pantoth\u00e9nique b5, b6, riboflavine b2, thiamine b1, acide folique b9, biotine h, b12, fer).<\/p>\n<h3>Chocolat noir aux \u00e9clats de cacao<\/h3>\n<p><strong>Chocolat noir (92 %)<\/strong> : sucre, p\u00e2te de cacao, beurre de cacao, cacao d\u00e9graiss\u00e9 en poudre, \u00e9mulsifiant : l\u00e9cithine de soja (e-322), ar\u00f4me.<br \/>\n<strong>Nibs de cacao torr\u00e9fi\u00e9s (8 %)<\/strong>.<\/p>\n<h3>Bo\u00eete assortie de chocolats<\/h3>\n<p><strong>Chocolat blanc<\/strong> : cacao minimum 29,6 %, sucre, beurre de cacao, lait \u00e9cr\u00e9m\u00e9 en poudre, beurre anhydre, \u00e9mulsifiant : l\u00e9cithine de soja, ar\u00f4mes : vanille\/vanilline.<br \/>\n<strong>Chocolat au lait<\/strong> : cacao minimum 37 %, sucre, p\u00e2te de cacao, beurre de cacao, lait \u00e9cr\u00e9m\u00e9 en poudre, lactos\u00e9rum en poudre, beurre anhydre, lait entier en poudre, \u00e9mulsifiant : l\u00e9cithine de soja, ar\u00f4mes : vanille\/vanilline.<br \/>\n<strong>Chocolat noir<\/strong> : cacao minimum 52 %, sucre, p\u00e2te de cacao, beurre de cacao, \u00e9mulsifiant : l\u00e9cithine de soja, ar\u00f4me naturel de vanille.<br \/>\n<strong>Biscuits<\/strong> : farine de bl\u00e9 (63 %), sucre, huile de tournesol raffin\u00e9e (13,8 %), sirop de glucose, lactos\u00e9rum en poudre, sel, poudres \u00e0 lever (bicarbonate de sodium et d&rsquo;ammonium), \u00e9mulsifiant (l\u00e9cithine de tournesol), antioxydant (m\u00e9tabisulfite de sodium, extrait riche en tocoph\u00e9rols), ar\u00f4me.<br \/>\n<strong>Riz souffl\u00e9<\/strong> : farine de riz (54 %), chocolat en poudre (21 %) : sucre et cacao, semoule de ma\u00efs, sirop de glucose de bl\u00e9, sel, ar\u00f4me.<br \/>\n<strong>Amande naturelle moulue<\/strong>.<\/p>\n<h3>Bo\u00eete de branches mixtes<\/h3>\n<p><strong>Chocolat blanc<\/strong> : cacao minimum 29,6 %, sucre, beurre de cacao, lait \u00e9cr\u00e9m\u00e9 en poudre, mati\u00e8re grasse laiti\u00e8re anhydre, \u00e9mulsifiant (l\u00e9cithine de soja), ar\u00f4me naturel de vanille, ar\u00f4me.<br \/>\n<strong>Chocolat au lait<\/strong> : cacao minimum 36,5 %, sucre, beurre de cacao, lait \u00e9cr\u00e9m\u00e9 en poudre, p\u00e2te de cacao, lactos\u00e9rum en poudre (lait), mati\u00e8re grasse laiti\u00e8re anhydre, lait entier en poudre, \u00e9mulsifiant (l\u00e9cithine de soja), ar\u00f4me et ar\u00f4me naturel de vanille.<\/p>\n<h3>Un cadeau parfait<\/h3>\n<p>Le <strong>panier de No\u00ebl Abuela Ili Chocolates<\/strong> est id\u00e9al pour les entreprises, les amis ou les membres de la famille qui appr\u00e9cient le go\u00fbt authentique du <strong>chocolat artisanal de l&rsquo;Alpujarra<\/strong>. Chaque produit refl\u00e8te notre passion pour le cacao et la tradition chocolati\u00e8re. Disponible pour une dur\u00e9e limit\u00e9e et avec possibilit\u00e9 de personnalisation pour les cadeaux.  <\/p>\n","protected":false},"excerpt":{"rendered":"<p>Panier original avec diff\u00e9rents produits.<\/p>\n","protected":false},"featured_media":13051,"comment_status":"closed","ping_status":"closed","template":"","meta":[],"product_brand":[194],"product_cat":[277,285,284,266,268],"product_tag":[553,596,554],"class_list":{"0":"post-13050","1":"product","2":"type-product","3":"status-publish","4":"has-post-thumbnail","6":"product_brand-abuela-ili-chocolate","7":"product_cat-assortiments-de-chocolats","8":"product_cat-chocolat-au-lait","9":"product_cat-chocolat-blanc","10":"product_cat-chocolat-noir","11":"product_cat-tous-les-produits","12":"product_tag-cadeau-de-noel","13":"product_tag-chocolat-noel","14":"product_tag-panier-cadeau","15":"pa_alergenos-peut-contenir-du-gluten","16":"pa_alergenos-produits-laitiers","17":"pa_alergenos-soja","18":"pa_alergenos-traces-de-fruits-a-coque","20":"first","21":"outofstock","22":"taxable","23":"shipping-taxable","24":"purchasable","25":"product-type-simple"},"_links":{"self":[{"href":"https:\/\/abuelailichocolates.com\/fr\/wp-json\/wp\/v2\/product\/13050","targetHints":{"allow":["GET"]}}],"collection":[{"href":"https:\/\/abuelailichocolates.com\/fr\/wp-json\/wp\/v2\/product"}],"about":[{"href":"https:\/\/abuelailichocolates.com\/fr\/wp-json\/wp\/v2\/types\/product"}],"replies":[{"embeddable":true,"href":"https:\/\/abuelailichocolates.com\/fr\/wp-json\/wp\/v2\/comments?post=13050"}],"wp:featuredmedia":[{"embeddable":true,"href":"https:\/\/abuelailichocolates.com\/fr\/wp-json\/wp\/v2\/media\/13051"}],"wp:attachment":[{"href":"https:\/\/abuelailichocolates.com\/fr\/wp-json\/wp\/v2\/media?parent=13050"}],"wp:term":[{"taxonomy":"product_brand","embeddable":true,"href":"https:\/\/abuelailichocolates.com\/fr\/wp-json\/wp\/v2\/product_brand?post=13050"},{"taxonomy":"product_cat","embeddable":true,"href":"https:\/\/abuelailichocolates.com\/fr\/wp-json\/wp\/v2\/product_cat?post=13050"},{"taxonomy":"product_tag","embeddable":true,"href":"https:\/\/abuelailichocolates.com\/fr\/wp-json\/wp\/v2\/product_tag?post=13050"}],"curies":[{"name":"wp","href":"https:\/\/api.w.org\/{rel}","templated":true}]}}