{"id":13057,"date":"2021-12-15T16:00:03","date_gmt":"2021-12-15T15:00:03","guid":{"rendered":"https:\/\/abuelailichocolates.com\/tienda\/chocolat-noir-a-la-cerise\/"},"modified":"2026-01-03T10:43:01","modified_gmt":"2026-01-03T09:43:01","slug":"chocolat-noir-a-la-cerise","status":"publish","type":"product","link":"https:\/\/abuelailichocolates.com\/fr\/producto\/chocolat-noir-a-la-cerise\/","title":{"rendered":"Chocolat noir \u00e0 la cerise"},"content":{"rendered":"<p>Ingr\u00e9dients:<\/p>\n<p>*Chocolat noir (94 %) : sucre, p\u00e2te de cacao, beurre de cacao, cacao d\u00e9graiss\u00e9 en poudre, \u00e9mulsifiant (e-322 l\u00e9cithine de soja) et ar\u00f4me.<\/p>\n<p>*P\u00e2te de cerise (6 %) : sucre, sirop de glucose, cerises 25 %, correcteurs d&rsquo;acidit\u00e9 (e330, e332), jus concentr\u00e9 de cerise 7 %, produit alimentaire colorant (concentr\u00e9 de carotte, groseille noire), ar\u00f4mes, stabilisants (gomme de caroube, e407).<\/p>\n","protected":false},"excerpt":{"rendered":"<p>TABLETTE 60 grs.<\/p>\n","protected":false},"featured_media":13059,"comment_status":"closed","ping_status":"closed","template":"","meta":[],"product_brand":[194],"product_cat":[266,268],"product_tag":[303,281],"class_list":{"0":"post-13057","1":"product","2":"type-product","3":"status-publish","4":"has-post-thumbnail","6":"product_brand-abuela-ili-chocolate","7":"product_cat-chocolat-noir","8":"product_cat-tous-les-produits","9":"product_tag-60-grammes","10":"product_tag-tablettes","11":"pa_alergenos-peut-contenir-du-gluten","12":"pa_alergenos-soja","13":"pa_alergenos-traces-de-fruits-a-coque","14":"pa_alergenos-traces-de-lait","16":"first","17":"outofstock","18":"taxable","19":"shipping-taxable","20":"purchasable","21":"product-type-simple"},"_links":{"self":[{"href":"https:\/\/abuelailichocolates.com\/fr\/wp-json\/wp\/v2\/product\/13057","targetHints":{"allow":["GET"]}}],"collection":[{"href":"https:\/\/abuelailichocolates.com\/fr\/wp-json\/wp\/v2\/product"}],"about":[{"href":"https:\/\/abuelailichocolates.com\/fr\/wp-json\/wp\/v2\/types\/product"}],"replies":[{"embeddable":true,"href":"https:\/\/abuelailichocolates.com\/fr\/wp-json\/wp\/v2\/comments?post=13057"}],"wp:featuredmedia":[{"embeddable":true,"href":"https:\/\/abuelailichocolates.com\/fr\/wp-json\/wp\/v2\/media\/13059"}],"wp:attachment":[{"href":"https:\/\/abuelailichocolates.com\/fr\/wp-json\/wp\/v2\/media?parent=13057"}],"wp:term":[{"taxonomy":"product_brand","embeddable":true,"href":"https:\/\/abuelailichocolates.com\/fr\/wp-json\/wp\/v2\/product_brand?post=13057"},{"taxonomy":"product_cat","embeddable":true,"href":"https:\/\/abuelailichocolates.com\/fr\/wp-json\/wp\/v2\/product_cat?post=13057"},{"taxonomy":"product_tag","embeddable":true,"href":"https:\/\/abuelailichocolates.com\/fr\/wp-json\/wp\/v2\/product_tag?post=13057"}],"curies":[{"name":"wp","href":"https:\/\/api.w.org\/{rel}","templated":true}]}}