{"id":13076,"date":"2023-10-17T12:10:29","date_gmt":"2023-10-17T10:10:29","guid":{"rendered":"https:\/\/abuelailichocolates.com\/tienda\/tablettes-dhalloween\/"},"modified":"2025-10-21T16:09:31","modified_gmt":"2025-10-21T14:09:31","slug":"tablettes-dhalloween","status":"publish","type":"product","link":"https:\/\/abuelailichocolates.com\/fr\/producto\/tablettes-dhalloween\/","title":{"rendered":"Tablettes d&rsquo;Halloween"},"content":{"rendered":"<h2>Tablettes de chocolat artisanal pour Halloween<\/h2>\n<p>Une collection sp\u00e9ciale de <strong>tablettes de chocolat artisanal<\/strong> cr\u00e9\u00e9es pour c\u00e9l\u00e9brer Halloween avec saveur et amusement. Chez <g id=\"gid_1\">Abuela Ili Chocolates<\/g>, nous fabriquons ces tablettes \u00e0 la main dans notre usine de l&rsquo;Alpujarra, en combinant trois types de chocolat de haute qualit\u00e9 : blanc, au lait et noir. Chacune a un design unique, pens\u00e9 pour profiter, partager ou offrir lors de la nuit la plus douce de l&rsquo;ann\u00e9e.  <\/p>\n<h3>Un Halloween plein de saveur<\/h3>\n<p>Ces tablettes se distinguent par leur texture douce et cr\u00e9meuse, avec l&rsquo;\u00e9quilibre parfait entre douceur et caract\u00e8re. Le <g id=\"gid_0\">chocolat blanc<\/g> apporte des notes douces et vanill\u00e9es, le <g id=\"gid_1\">chocolat au lait<\/g> offre une touche velout\u00e9e, et le <g id=\"gid_2\">chocolat noir<\/g> ajoute intensit\u00e9 et profondeur. Une exp\u00e9rience compl\u00e8te pour les vrais amateurs de cacao.  <\/p>\n<h3>Ingr\u00e9dients<\/h3>\n<p><strong>Chocolat blanc (100 %)<\/strong> : sucre, beurre de cacao, lait \u00e9cr\u00e9m\u00e9 en poudre, mati\u00e8re grasse laiti\u00e8re, \u00e9mulsifiant (l\u00e9cithines de soja), ar\u00f4me naturel de vanille, ar\u00f4me.<br \/>\n<strong>Chocolat au lait (100 %)<\/strong> : sucre, beurre de cacao, lait \u00e9cr\u00e9m\u00e9 en poudre, p\u00e2te de cacao, lactos\u00e9rum en poudre (lait), mati\u00e8re grasse laiti\u00e8re anhydre, lait entier en poudre, \u00e9mulsifiant (l\u00e9cithine de soja), ar\u00f4me et ar\u00f4me naturel de vanille.<br \/>\n<strong>Couverture de chocolat noir (100 %)<\/strong> : p\u00e2te de cacao, sucre, beurre de cacao, \u00e9mulsifiant (l\u00e9cithines de soja) et ar\u00f4me naturel de vanille.<\/p>\n<h3>Fabriqu\u00e9es artisanalement<\/h3>\n<p>Chaque <strong>tablette d&rsquo;Halloween<\/strong> est fabriqu\u00e9e de mani\u00e8re artisanale, en soignant chaque d\u00e9tail depuis la s\u00e9lection du cacao jusqu&rsquo;\u00e0 l&#8217;emballage final. Sans conservateurs, sans colorants et avec l&rsquo;authentique saveur du chocolat fait avec amour dans l&rsquo;Alpujarra. <\/p>\n<h3>Parfaites pour offrir<\/h3>\n<p>Id\u00e9ales pour surprendre petits et grands, ces tablettes d&rsquo;Halloween combinent tradition, design et saveur. Une \u00e9dition limit\u00e9e qui c\u00e9l\u00e8bre l&rsquo;esprit amusant et doux de la saison. <\/p>\n","protected":false},"excerpt":{"rendered":"<p>Nos tablettes sp\u00e9cialement con\u00e7ues pour Halloween, terriblement amusantes.<\/p>\n","protected":false},"featured_media":13086,"comment_status":"closed","ping_status":"closed","template":"","meta":[],"product_brand":[194],"product_cat":[277,285,284,268],"product_tag":[308,311],"class_list":{"0":"post-13076","1":"product","2":"type-product","3":"status-publish","4":"has-post-thumbnail","6":"product_brand-abuela-ili-chocolate","7":"product_cat-assortiments-de-chocolats","8":"product_cat-chocolat-au-lait","9":"product_cat-chocolat-blanc","10":"product_cat-tous-les-produits","11":"product_tag-halloween","12":"product_tag-tablette-de-50-g","14":"first","15":"outofstock","16":"taxable","17":"shipping-taxable","18":"purchasable","19":"product-type-variable"},"_links":{"self":[{"href":"https:\/\/abuelailichocolates.com\/fr\/wp-json\/wp\/v2\/product\/13076","targetHints":{"allow":["GET"]}}],"collection":[{"href":"https:\/\/abuelailichocolates.com\/fr\/wp-json\/wp\/v2\/product"}],"about":[{"href":"https:\/\/abuelailichocolates.com\/fr\/wp-json\/wp\/v2\/types\/product"}],"replies":[{"embeddable":true,"href":"https:\/\/abuelailichocolates.com\/fr\/wp-json\/wp\/v2\/comments?post=13076"}],"wp:featuredmedia":[{"embeddable":true,"href":"https:\/\/abuelailichocolates.com\/fr\/wp-json\/wp\/v2\/media\/13086"}],"wp:attachment":[{"href":"https:\/\/abuelailichocolates.com\/fr\/wp-json\/wp\/v2\/media?parent=13076"}],"wp:term":[{"taxonomy":"product_brand","embeddable":true,"href":"https:\/\/abuelailichocolates.com\/fr\/wp-json\/wp\/v2\/product_brand?post=13076"},{"taxonomy":"product_cat","embeddable":true,"href":"https:\/\/abuelailichocolates.com\/fr\/wp-json\/wp\/v2\/product_cat?post=13076"},{"taxonomy":"product_tag","embeddable":true,"href":"https:\/\/abuelailichocolates.com\/fr\/wp-json\/wp\/v2\/product_tag?post=13076"}],"curies":[{"name":"wp","href":"https:\/\/api.w.org\/{rel}","templated":true}]}}