{"id":13081,"date":"2022-11-17T08:33:15","date_gmt":"2022-11-17T07:33:15","guid":{"rendered":"https:\/\/abuelailichocolates.com\/tienda\/panier-assorti-extra-large\/"},"modified":"2025-10-21T17:27:03","modified_gmt":"2025-10-21T15:27:03","slug":"panier-assorti-extra-large","status":"publish","type":"product","link":"https:\/\/abuelailichocolates.com\/fr\/producto\/panier-assorti-extra-large\/","title":{"rendered":"Panier Assorti Extra Large"},"content":{"rendered":"<p>Panier exclusif sp\u00e9cialement compos\u00e9 de :<\/p>\n<ul>\n<li>3 Tablettes de chocolat de 60grs. Al\u00e9atoires. <\/li>\n<li><a href=\"\/?product_cat=cremas-de-untar\">P\u00e2te \u00e0 tartiner. Al\u00e9atoire. <\/a><\/li>\n<li><a href=\"\/?p=3055\">Bo\u00eete de figues s\u00e8ches aux amandes et au chocolat.<\/a><\/li>\n<li><a href=\"\/?p=9489\">Boule ou \u00e9toile de No\u00ebl.<\/a><\/li>\n<\/ul>\n","protected":false},"excerpt":{"rendered":"<p>Panier original avec diff\u00e9rents produits, parfait pour profiter de No\u00ebl.<\/p>\n","protected":false},"featured_media":13088,"comment_status":"closed","ping_status":"closed","template":"","meta":[],"product_brand":[194],"product_cat":[277,267,268],"product_tag":[269,484],"class_list":{"0":"post-13081","1":"product","2":"type-product","3":"status-publish","4":"has-post-thumbnail","6":"product_brand-abuela-ili-chocolate","7":"product_cat-assortiments-de-chocolats","8":"product_cat-selection","9":"product_cat-tous-les-produits","10":"product_tag-assortiments","11":"product_tag-panier","12":"pa_alergenos-fruits-secs","13":"pa_alergenos-gluten","14":"pa_alergenos-produits-laitiers","15":"pa_alergenos-soja","17":"first","18":"outofstock","19":"taxable","20":"shipping-taxable","21":"purchasable","22":"product-type-simple"},"_links":{"self":[{"href":"https:\/\/abuelailichocolates.com\/fr\/wp-json\/wp\/v2\/product\/13081","targetHints":{"allow":["GET"]}}],"collection":[{"href":"https:\/\/abuelailichocolates.com\/fr\/wp-json\/wp\/v2\/product"}],"about":[{"href":"https:\/\/abuelailichocolates.com\/fr\/wp-json\/wp\/v2\/types\/product"}],"replies":[{"embeddable":true,"href":"https:\/\/abuelailichocolates.com\/fr\/wp-json\/wp\/v2\/comments?post=13081"}],"wp:featuredmedia":[{"embeddable":true,"href":"https:\/\/abuelailichocolates.com\/fr\/wp-json\/wp\/v2\/media\/13088"}],"wp:attachment":[{"href":"https:\/\/abuelailichocolates.com\/fr\/wp-json\/wp\/v2\/media?parent=13081"}],"wp:term":[{"taxonomy":"product_brand","embeddable":true,"href":"https:\/\/abuelailichocolates.com\/fr\/wp-json\/wp\/v2\/product_brand?post=13081"},{"taxonomy":"product_cat","embeddable":true,"href":"https:\/\/abuelailichocolates.com\/fr\/wp-json\/wp\/v2\/product_cat?post=13081"},{"taxonomy":"product_tag","embeddable":true,"href":"https:\/\/abuelailichocolates.com\/fr\/wp-json\/wp\/v2\/product_tag?post=13081"}],"curies":[{"name":"wp","href":"https:\/\/api.w.org\/{rel}","templated":true}]}}