{"id":13095,"date":"2020-12-05T18:34:52","date_gmt":"2020-12-05T17:34:52","guid":{"rendered":"https:\/\/abuelailichocolates.com\/tienda\/assortiment-de-3-morceaux-de-chocolat-aux-fruits-secs\/"},"modified":"2025-10-14T18:27:19","modified_gmt":"2025-10-14T16:27:19","slug":"assortiment-de-3-morceaux-de-chocolat-aux-fruits-secs","status":"publish","type":"product","link":"https:\/\/abuelailichocolates.com\/fr\/producto\/assortiment-de-3-morceaux-de-chocolat-aux-fruits-secs\/","title":{"rendered":"Assortiment de 3 morceaux de chocolat aux fruits secs"},"content":{"rendered":"<h2>Assortiment de 3 morceaux de chocolat aux fruits secs<\/h2>\n<p>Profite d&rsquo;un <strong>assortiment artisanal<\/strong> avec trois tablettes de <strong>chocolat aux fruits secs<\/strong> de ton choix. Une proposition d\u00e9licieuse et vari\u00e9e, id\u00e9ale \u00e0 offrir ou \u00e0 partager. Chaque combinaison est \u00e9labor\u00e9e \u00e0 la main avec des ingr\u00e9dients s\u00e9lectionn\u00e9s pour offrir un \u00e9quilibre parfait entre texture et saveur.  <\/p>\n<h3>Saveurs disponibles<\/h3>\n<ul>\n<li>&#x1f36b; Blanc aux amandes<\/li>\n<li>&#x1f36b; Noir, lait et blanc aux noix<\/li>\n<li>&#x1f36b; Noir et blanc aux noix et pruneaux<\/li>\n<li>&#x1f36b; Noir, lait et blanc aux kikos (ma\u00efs grill\u00e9)<\/li>\n<li>&#x1f36b; Noir aux noisettes<\/li>\n<li>&#x1f36b; Noir aux noix et figues s\u00e8ches<\/li>\n<\/ul>\n<p><strong>Poids total :<\/strong> 360 g environ (120 g chaque morceau).<\/p>\n<hr>\n<h3>Ingr\u00e9dients<\/h3>\n<p><strong>Chocolat blanc :<\/strong> (29,6 % minimum de cacao), sucre, beurre de cacao, <strong>lait<\/strong> \u00e9cr\u00e9m\u00e9 en poudre, mati\u00e8re grasse laiti\u00e8re anhydre, \u00e9mulsifiant (l\u00e9cithine de <strong>soja<\/strong>), ar\u00f4me naturel de vanille, ar\u00f4me.<\/p>\n<p><strong>Chocolat au lait :<\/strong> (36,5 % minimum de cacao), sucre, beurre de cacao, <strong>lait<\/strong> \u00e9cr\u00e9m\u00e9 en poudre, p\u00e2te de cacao, lactos\u00e9rum en poudre (<strong>lait<\/strong>), mati\u00e8re grasse laiti\u00e8re anhydre, <strong>lait<\/strong> entier en poudre, \u00e9mulsifiant (l\u00e9cithine de <strong>soja<\/strong>), ar\u00f4me et ar\u00f4me naturel de vanille.<\/p>\n<p><strong>Chocolat noir :<\/strong> (52 % minimum de cacao), sucre, p\u00e2te de cacao, beurre de cacao, \u00e9mulsifiant (l\u00e9cithine de <strong>soja<\/strong>) et ar\u00f4me naturel de vanille.<\/p>\n<p><strong>Kikos :<\/strong> ma\u00efs grill\u00e9, huile de tournesol et sel.<\/p>\n<p><strong>Amande :<\/strong> amandes grill\u00e9es, huile de tournesol et sel.<\/p>\n<p><strong>Noix :<\/strong> noix naturelles.<\/p>\n<p><strong>Pruneau d\u00e9noyaut\u00e9 :<\/strong> prunes, huile v\u00e9g\u00e9tale de tournesol et conservateurs (acide sorbique et sorbate de potassium).<\/p>\n<p><strong>Figues s\u00e8ches :<\/strong> figues s\u00e8ches et farine de bl\u00e9.<\/p>\n<p><strong>Noisette :<\/strong> noisettes grill\u00e9es.<\/p>\n<h3>Allerg\u00e8nes<\/h3>\n<p><strong>Produits laitiers et soja.<\/strong> Peut \u00e9galement contenir des traces de fruits \u00e0 coque et d&rsquo;arachides.<\/p>\n<h3>Conservation<\/h3>\n<p>Temp\u00e9rature recommand\u00e9e : entre 12 \u00b0C et 20 \u00b0C.<br \/>\nConserver le produit dans un endroit propre, sec et sans odeurs.<\/p>\n<p><strong>Un assortiment vari\u00e9, artisanal et plein de saveur. &#x1f36b;&#x2728; <\/strong><\/p>\n","protected":false},"excerpt":{"rendered":"<p>3 morceaux de chocolat aux fruits secs de ton choix.<\/p>\n<p>Poids : 300 g environ (100 g chaque morceau)  <\/p>\n","protected":false},"featured_media":13096,"comment_status":"closed","ping_status":"closed","template":"","meta":[],"product_brand":[194],"product_cat":[268,277,285,284,266],"product_tag":[342,269,341,417,380,375,374],"class_list":{"0":"post-13095","1":"product","2":"type-product","3":"status-publish","4":"has-post-thumbnail","6":"product_brand-abuela-ili-chocolate","7":"product_cat-tous-les-produits","8":"product_cat-assortiments-de-chocolats","9":"product_cat-chocolat-au-lait","10":"product_cat-chocolat-blanc","11":"product_cat-chocolat-noir","12":"product_tag-amandes","13":"product_tag-assortiments","14":"product_tag-figues","15":"product_tag-fruits-secs","16":"product_tag-kikos","17":"product_tag-noisettes","18":"product_tag-noix","20":"first","21":"outofstock","22":"taxable","23":"shipping-taxable","24":"product-type-variable"},"_links":{"self":[{"href":"https:\/\/abuelailichocolates.com\/fr\/wp-json\/wp\/v2\/product\/13095","targetHints":{"allow":["GET"]}}],"collection":[{"href":"https:\/\/abuelailichocolates.com\/fr\/wp-json\/wp\/v2\/product"}],"about":[{"href":"https:\/\/abuelailichocolates.com\/fr\/wp-json\/wp\/v2\/types\/product"}],"replies":[{"embeddable":true,"href":"https:\/\/abuelailichocolates.com\/fr\/wp-json\/wp\/v2\/comments?post=13095"}],"wp:featuredmedia":[{"embeddable":true,"href":"https:\/\/abuelailichocolates.com\/fr\/wp-json\/wp\/v2\/media\/13096"}],"wp:attachment":[{"href":"https:\/\/abuelailichocolates.com\/fr\/wp-json\/wp\/v2\/media?parent=13095"}],"wp:term":[{"taxonomy":"product_brand","embeddable":true,"href":"https:\/\/abuelailichocolates.com\/fr\/wp-json\/wp\/v2\/product_brand?post=13095"},{"taxonomy":"product_cat","embeddable":true,"href":"https:\/\/abuelailichocolates.com\/fr\/wp-json\/wp\/v2\/product_cat?post=13095"},{"taxonomy":"product_tag","embeddable":true,"href":"https:\/\/abuelailichocolates.com\/fr\/wp-json\/wp\/v2\/product_tag?post=13095"}],"curies":[{"name":"wp","href":"https:\/\/api.w.org\/{rel}","templated":true}]}}