{"id":13132,"date":"2015-09-28T11:39:02","date_gmt":"2015-09-28T09:39:02","guid":{"rendered":"https:\/\/abuelailichocolates.com\/tienda\/chocolat-au-lait-sans-sucre-et-amandes\/"},"modified":"2025-10-14T16:29:47","modified_gmt":"2025-10-14T14:29:47","slug":"chocolat-au-lait-sans-sucre-et-amandes","status":"publish","type":"product","link":"https:\/\/abuelailichocolates.com\/fr\/producto\/chocolat-au-lait-sans-sucre-et-amandes\/","title":{"rendered":"Chocolat au lait sans sucre et amandes"},"content":{"rendered":"<p>L&rsquo;\u00e9quilibre parfait entre le <strong>chocolat au lait artisanal sans sucre<\/strong> et la touche croquante de l&rsquo;<strong>amande grill\u00e9e<\/strong>. \u00c9labor\u00e9e \u00e0 la main dans <strong>La Alpujarra (Grenade)<\/strong> par <strong>Abuela Ili Chocolates<\/strong>, c&rsquo;est une tablette cr\u00e9meuse, d\u00e9licieuse et sans sucres ajout\u00e9s, gr\u00e2ce \u00e0 l&rsquo;utilisation de <strong>maltitol<\/strong> comme \u00e9dulcorant. <\/p>\n<h3>Une combinaison classique et irr\u00e9sistible<\/h3>\n<p>La saveur douce du chocolat au lait se m\u00e9lange \u00e0 la texture croquante des amandes grill\u00e9es pour cr\u00e9er une exp\u00e9rience \u00e9quilibr\u00e9e, douce et l\u00e9g\u00e8rement sal\u00e9e. Parfait pour profiter sans remords \u00e0 tout moment de la journ\u00e9e. <\/p>\n<h3>Ingr\u00e9dients<\/h3>\n<p><strong>Chocolat au lait sans sucre (\u00e9dulcor\u00e9) (77 %) :<\/strong> \u00e9dulcorant (maltitol), beurre de cacao, lait entier en poudre (17 %), p\u00e2te de cacao, \u00e9mulsifiant (l\u00e9cithine de tournesol), ar\u00f4me naturel de vanille.<br \/>\n<strong>Amande grill\u00e9e (23 %) :<\/strong> amande mond\u00e9e grill\u00e9e.<\/p>\n<h3>Informations compl\u00e9mentaires<\/h3>\n<ul>\n<li>Poids approximatif : 110 g.<\/li>\n<li>Sans sucres ajout\u00e9s (\u00e9dulcor\u00e9 avec du maltitol).<\/li>\n<li>Fabriqu\u00e9 artisanalement \u00e0 La Alpujarra (Grenade).<\/li>\n<li>Peut contenir des traces d&rsquo;autres fruits \u00e0 coque ou de gluten.<\/li>\n<\/ul>\n","protected":false},"excerpt":{"rendered":"<p>TABLETTE 110 g<\/p>\n","protected":false},"featured_media":13136,"comment_status":"closed","ping_status":"closed","template":"","meta":[],"product_brand":[194],"product_cat":[399,285,268],"product_tag":[283,400,281],"class_list":{"0":"post-13132","1":"product","2":"type-product","3":"status-publish","4":"has-post-thumbnail","6":"product_brand-abuela-ili-chocolate","7":"product_cat-sans-sucre","8":"product_cat-chocolat-au-lait","9":"product_cat-tous-les-produits","10":"product_tag-110-grammes","11":"product_tag-sans-sucre","12":"product_tag-tablettes","13":"pa_alergenos-peut-contenir-du-gluten","14":"pa_alergenos-produits-laitiers","15":"pa_alergenos-traces-de-fruits-a-coque","16":"pa_alergenos-traces-de-sesame","17":"pa_alergenos-traces-de-soja","19":"first","20":"outofstock","21":"taxable","22":"shipping-taxable","23":"purchasable","24":"product-type-simple"},"_links":{"self":[{"href":"https:\/\/abuelailichocolates.com\/fr\/wp-json\/wp\/v2\/product\/13132","targetHints":{"allow":["GET"]}}],"collection":[{"href":"https:\/\/abuelailichocolates.com\/fr\/wp-json\/wp\/v2\/product"}],"about":[{"href":"https:\/\/abuelailichocolates.com\/fr\/wp-json\/wp\/v2\/types\/product"}],"replies":[{"embeddable":true,"href":"https:\/\/abuelailichocolates.com\/fr\/wp-json\/wp\/v2\/comments?post=13132"}],"wp:featuredmedia":[{"embeddable":true,"href":"https:\/\/abuelailichocolates.com\/fr\/wp-json\/wp\/v2\/media\/13136"}],"wp:attachment":[{"href":"https:\/\/abuelailichocolates.com\/fr\/wp-json\/wp\/v2\/media?parent=13132"}],"wp:term":[{"taxonomy":"product_brand","embeddable":true,"href":"https:\/\/abuelailichocolates.com\/fr\/wp-json\/wp\/v2\/product_brand?post=13132"},{"taxonomy":"product_cat","embeddable":true,"href":"https:\/\/abuelailichocolates.com\/fr\/wp-json\/wp\/v2\/product_cat?post=13132"},{"taxonomy":"product_tag","embeddable":true,"href":"https:\/\/abuelailichocolates.com\/fr\/wp-json\/wp\/v2\/product_tag?post=13132"}],"curies":[{"name":"wp","href":"https:\/\/api.w.org\/{rel}","templated":true}]}}