{"id":13133,"date":"2015-09-28T11:39:02","date_gmt":"2015-09-28T09:39:02","guid":{"rendered":"https:\/\/abuelailichocolates.com\/tienda\/chocolat-au-lait-et-banane\/"},"modified":"2026-01-03T13:20:33","modified_gmt":"2026-01-03T12:20:33","slug":"chocolat-au-lait-et-banane","status":"publish","type":"product","link":"https:\/\/abuelailichocolates.com\/fr\/producto\/chocolat-au-lait-et-banane\/","title":{"rendered":"Chocolat au lait et banane"},"content":{"rendered":"<p><strong>Ingr\u00e9dients&nbsp;:<\/strong><\/p>\n<p><strong>Chocolat au lait (99 %) :<\/strong> sucre, beurre de cacao, <strong>lait<\/strong> entier en poudre, p\u00e2te de cacao, \u00e9mulsifiant (l\u00e9cithine de tournesol E-322) et extrait de vanille.<\/p>\n<p><strong>Ar\u00f4me de banane (1 %) :<\/strong> substances aromatisantes, propyl\u00e8ne glycol (e-1520) (&lt;=50 %), \u00e9thanol (&lt;=40 %) et eau.<\/p>\n","protected":false},"excerpt":{"rendered":"<p>TABLETTE 50grs.<\/p>\n","protected":false},"featured_media":13134,"comment_status":"closed","ping_status":"closed","template":"","meta":[],"product_brand":[194],"product_cat":[285,268],"product_tag":[282,281],"class_list":{"0":"post-13133","1":"product","2":"type-product","3":"status-publish","4":"has-post-thumbnail","6":"product_brand-abuela-ili-chocolate","7":"product_cat-chocolat-au-lait","8":"product_cat-tous-les-produits","9":"product_tag-50-grammes","10":"product_tag-tablettes","11":"pa_alergenos-peut-contenir-du-gluten","12":"pa_alergenos-produits-laitiers","13":"pa_alergenos-soja","14":"pa_alergenos-traces-de-fruits-a-coque","16":"first","17":"instock","18":"taxable","19":"shipping-taxable","20":"purchasable","21":"product-type-simple"},"_links":{"self":[{"href":"https:\/\/abuelailichocolates.com\/fr\/wp-json\/wp\/v2\/product\/13133","targetHints":{"allow":["GET"]}}],"collection":[{"href":"https:\/\/abuelailichocolates.com\/fr\/wp-json\/wp\/v2\/product"}],"about":[{"href":"https:\/\/abuelailichocolates.com\/fr\/wp-json\/wp\/v2\/types\/product"}],"replies":[{"embeddable":true,"href":"https:\/\/abuelailichocolates.com\/fr\/wp-json\/wp\/v2\/comments?post=13133"}],"wp:featuredmedia":[{"embeddable":true,"href":"https:\/\/abuelailichocolates.com\/fr\/wp-json\/wp\/v2\/media\/13134"}],"wp:attachment":[{"href":"https:\/\/abuelailichocolates.com\/fr\/wp-json\/wp\/v2\/media?parent=13133"}],"wp:term":[{"taxonomy":"product_brand","embeddable":true,"href":"https:\/\/abuelailichocolates.com\/fr\/wp-json\/wp\/v2\/product_brand?post=13133"},{"taxonomy":"product_cat","embeddable":true,"href":"https:\/\/abuelailichocolates.com\/fr\/wp-json\/wp\/v2\/product_cat?post=13133"},{"taxonomy":"product_tag","embeddable":true,"href":"https:\/\/abuelailichocolates.com\/fr\/wp-json\/wp\/v2\/product_tag?post=13133"}],"curies":[{"name":"wp","href":"https:\/\/api.w.org\/{rel}","templated":true}]}}