{"id":13153,"date":"2015-09-28T11:37:18","date_gmt":"2015-09-28T09:37:18","guid":{"rendered":"https:\/\/abuelailichocolates.com\/tienda\/chocolat-noir-70\/"},"modified":"2015-09-28T11:37:18","modified_gmt":"2015-09-28T09:37:18","slug":"chocolat-noir-70","status":"publish","type":"product","link":"https:\/\/abuelailichocolates.com\/fr\/producto\/chocolat-noir-70\/","title":{"rendered":"Chocolat noir 70 %"},"content":{"rendered":"<p><strong>Ingr\u00e9dients :<\/strong><\/p>\n<p><strong>Chocolat noir de couverture (100 %) :<\/strong> P\u00e2te de cacao, sucre, beurre de cacao, \u00e9mulsifiant : l\u00e9cithines (<strong>soja<\/strong>), ar\u00f4me naturel de vanille.<\/p>\n","protected":false},"excerpt":{"rendered":"<p>TABLETTE 50 g, 110 g ou 600 g<\/p>\n","protected":false},"featured_media":13155,"comment_status":"closed","ping_status":"closed","template":"","meta":[],"product_brand":[194],"product_cat":[266,268],"product_tag":[283,282,281],"class_list":{"0":"post-13153","1":"product","2":"type-product","3":"status-publish","4":"has-post-thumbnail","6":"product_brand-abuela-ili-chocolate","7":"product_cat-chocolat-noir","8":"product_cat-tous-les-produits","9":"product_tag-110-grammes","10":"product_tag-50-grammes","11":"product_tag-tablettes","12":"pa_alergenos-peut-contenir-du-gluten","13":"pa_alergenos-soja","14":"pa_alergenos-traces-de-fruits-a-coque","15":"pa_alergenos-traces-de-lait","17":"first","18":"instock","19":"taxable","20":"shipping-taxable","21":"purchasable","22":"product-type-variable"},"_links":{"self":[{"href":"https:\/\/abuelailichocolates.com\/fr\/wp-json\/wp\/v2\/product\/13153","targetHints":{"allow":["GET"]}}],"collection":[{"href":"https:\/\/abuelailichocolates.com\/fr\/wp-json\/wp\/v2\/product"}],"about":[{"href":"https:\/\/abuelailichocolates.com\/fr\/wp-json\/wp\/v2\/types\/product"}],"replies":[{"embeddable":true,"href":"https:\/\/abuelailichocolates.com\/fr\/wp-json\/wp\/v2\/comments?post=13153"}],"wp:featuredmedia":[{"embeddable":true,"href":"https:\/\/abuelailichocolates.com\/fr\/wp-json\/wp\/v2\/media\/13155"}],"wp:attachment":[{"href":"https:\/\/abuelailichocolates.com\/fr\/wp-json\/wp\/v2\/media?parent=13153"}],"wp:term":[{"taxonomy":"product_brand","embeddable":true,"href":"https:\/\/abuelailichocolates.com\/fr\/wp-json\/wp\/v2\/product_brand?post=13153"},{"taxonomy":"product_cat","embeddable":true,"href":"https:\/\/abuelailichocolates.com\/fr\/wp-json\/wp\/v2\/product_cat?post=13153"},{"taxonomy":"product_tag","embeddable":true,"href":"https:\/\/abuelailichocolates.com\/fr\/wp-json\/wp\/v2\/product_tag?post=13153"}],"curies":[{"name":"wp","href":"https:\/\/api.w.org\/{rel}","templated":true}]}}