{"id":13191,"date":"2020-10-31T12:43:29","date_gmt":"2020-10-31T11:43:29","guid":{"rendered":"https:\/\/abuelailichocolates.com\/tienda\/chocolat-au-lait-et-fruits-secs\/"},"modified":"2025-12-22T13:14:42","modified_gmt":"2025-12-22T12:14:42","slug":"chocolat-au-lait-et-fruits-secs","status":"publish","type":"product","link":"https:\/\/abuelailichocolates.com\/fr\/producto\/chocolat-au-lait-et-fruits-secs\/","title":{"rendered":"Chocolat au lait et fruits secs"},"content":{"rendered":"<p><strong>Ingr\u00e9dients :<\/strong><\/p>\n<p><strong>\u2013 Amandes :<\/strong><\/p>\n<ul>\n<li><strong>Chocolat au lait (72 %) :<\/strong> sucre, beurre de cacao, <strong>lait<\/strong> \u00e9cr\u00e9m\u00e9 en poudre, p\u00e2te de cacao, <strong>lactos\u00e9rum<\/strong> en poudre (<strong>lait<\/strong>), mati\u00e8re grasse <strong>laiti\u00e8re<\/strong> anhydre, <strong>lait<\/strong> entier en poudre, \u00e9mulsifiant (l\u00e9cithine de <strong>soja<\/strong>), ar\u00f4me, ar\u00f4me naturel de vanille.<\/li>\n<li><strong style=\"color: #333333;\">Amandes grill\u00e9es (28 %) :<\/strong><span style=\"color: #333333;\"><strong> Amandes<\/strong> mond\u00e9es.<\/span><\/li>\n<\/ul>\n<p><strong>\u2013 Noix :<\/strong><\/p>\n<ul>\n<li><strong>Chocolat au lait (78 %) :<\/strong> sucre, beurre de cacao, <strong>lait<\/strong> \u00e9cr\u00e9m\u00e9 en poudre, p\u00e2te de cacao, <strong>lactos\u00e9rum<\/strong> en poudre (<strong>lait<\/strong>), mati\u00e8re grasse <strong>laiti\u00e8re<\/strong> anhydre, <strong>lait<\/strong> entier en poudre, \u00e9mulsifiant (l\u00e9cithine de <strong>soja<\/strong>), ar\u00f4me, ar\u00f4me naturel de vanille.<\/li>\n<li><strong>Noix (22 %)<\/strong> en grains crus.<\/li>\n<\/ul>\n<p><strong>\u2013 Noisettes :<\/strong><\/p>\n<ul>\n<li><strong>Chocolat au lait (72 %) :<\/strong> sucre, beurre de cacao, <strong>lait<\/strong> \u00e9cr\u00e9m\u00e9 en poudre, p\u00e2te de cacao, <strong>lactos\u00e9rum<\/strong> en poudre (<strong>lait<\/strong>), mati\u00e8re grasse <strong>laiti\u00e8re<\/strong> anhydre, <strong>lait<\/strong> entier en poudre, \u00e9mulsifiant (l\u00e9cithine de <strong>soja<\/strong>), ar\u00f4me, ar\u00f4me naturel de vanille.<\/li>\n<li><strong>Noisettes grill\u00e9es (28%).<\/strong><\/li>\n<\/ul>\n<p><strong>\u2013 Kikos :<\/strong><\/p>\n<ul>\n<li><strong>Chocolat au lait (78 %) :<\/strong> sucre, beurre de cacao, <strong>lait<\/strong> \u00e9cr\u00e9m\u00e9 en poudre, p\u00e2te de cacao, <strong>lactos\u00e9rum<\/strong> en poudre (<strong>lait<\/strong>), mati\u00e8re grasse <strong>laiti\u00e8re<\/strong> anhydre, <strong>lait<\/strong> entier en poudre, \u00e9mulsifiant (l\u00e9cithine de <strong>soja<\/strong>), ar\u00f4me, ar\u00f4me naturel de vanille.<\/li>\n<li><strong>Kikos (22 %) :<\/strong> ma\u00efs cru et huile v\u00e9g\u00e9tale.<\/li>\n<\/ul>\n<p><strong>\u2013 Figues et noix :<\/strong><\/p>\n<ul>\n<li><strong>Chocolat au lait (72 %) :<\/strong> sucre, beurre de cacao, <strong>lait<\/strong> \u00e9cr\u00e9m\u00e9 en poudre, p\u00e2te de cacao, <strong>lactos\u00e9rum<\/strong> en poudre (<strong>lait<\/strong>), mati\u00e8re grasse <strong>laiti\u00e8re<\/strong> anhydre, <strong>lait<\/strong> entier en poudre, \u00e9mulsifiant (l\u00e9cithine de <strong>soja<\/strong>), ar\u00f4me, ar\u00f4me naturel de vanille.<\/li>\n<li><strong>Noix en grains crus (14 %).<\/strong><\/li>\n<li><strong>Figues s\u00e8ches (14 %) :<\/strong> figues s\u00e8ches et farine de riz.<\/li>\n<\/ul>\n","protected":false},"excerpt":{"rendered":"<p>Amandes, noix, noix et figues, kikos (ma\u00efs grill\u00e9)<\/p>\n<p>Poids : 100grs environ <\/p>\n","protected":false},"featured_media":13105,"comment_status":"closed","ping_status":"closed","template":"","meta":[],"product_brand":[194],"product_cat":[268,285],"product_tag":[370,342,341,375,374,295],"class_list":{"0":"post-13191","1":"product","2":"type-product","3":"status-publish","4":"has-post-thumbnail","6":"product_brand-abuela-ili-chocolate","7":"product_cat-tous-les-produits","8":"product_cat-chocolat-au-lait","9":"product_tag-100-grammes","10":"product_tag-amandes","11":"product_tag-figues","12":"product_tag-noisettes","13":"product_tag-noix","14":"product_tag-tourons","15":"pa_alergenos-fruits-secs","16":"pa_alergenos-peut-contenir-du-gluten","17":"pa_alergenos-produits-laitiers","18":"pa_alergenos-soja","19":"pa_alergenos-traces-darachides","21":"first","22":"instock","23":"taxable","24":"shipping-taxable","25":"purchasable","26":"product-type-variable"},"_links":{"self":[{"href":"https:\/\/abuelailichocolates.com\/fr\/wp-json\/wp\/v2\/product\/13191","targetHints":{"allow":["GET"]}}],"collection":[{"href":"https:\/\/abuelailichocolates.com\/fr\/wp-json\/wp\/v2\/product"}],"about":[{"href":"https:\/\/abuelailichocolates.com\/fr\/wp-json\/wp\/v2\/types\/product"}],"replies":[{"embeddable":true,"href":"https:\/\/abuelailichocolates.com\/fr\/wp-json\/wp\/v2\/comments?post=13191"}],"wp:featuredmedia":[{"embeddable":true,"href":"https:\/\/abuelailichocolates.com\/fr\/wp-json\/wp\/v2\/media\/13105"}],"wp:attachment":[{"href":"https:\/\/abuelailichocolates.com\/fr\/wp-json\/wp\/v2\/media?parent=13191"}],"wp:term":[{"taxonomy":"product_brand","embeddable":true,"href":"https:\/\/abuelailichocolates.com\/fr\/wp-json\/wp\/v2\/product_brand?post=13191"},{"taxonomy":"product_cat","embeddable":true,"href":"https:\/\/abuelailichocolates.com\/fr\/wp-json\/wp\/v2\/product_cat?post=13191"},{"taxonomy":"product_tag","embeddable":true,"href":"https:\/\/abuelailichocolates.com\/fr\/wp-json\/wp\/v2\/product_tag?post=13191"}],"curies":[{"name":"wp","href":"https:\/\/api.w.org\/{rel}","templated":true}]}}