{"id":13202,"date":"2020-10-30T15:12:07","date_gmt":"2020-10-30T14:12:07","guid":{"rendered":"https:\/\/abuelailichocolates.com\/tienda\/chocolat-blanc-aux-fruits-secs\/"},"modified":"2026-01-03T11:38:59","modified_gmt":"2026-01-03T10:38:59","slug":"chocolat-blanc-aux-fruits-secs","status":"publish","type":"product","link":"https:\/\/abuelailichocolates.com\/fr\/producto\/chocolat-blanc-aux-fruits-secs\/","title":{"rendered":"Chocolat blanc aux fruits secs"},"content":{"rendered":"<p><strong>Ingr\u00e9dients :<\/strong><\/p>\n<p><strong>\u2013 Amandes :<\/strong><\/p>\n<ul>\n<li><strong>Chocolat blanc (72 %) :<\/strong> sucre, beurre de cacao, <strong>lait<\/strong> \u00e9cr\u00e9m\u00e9 en poudre, mati\u00e8re grasse <strong>laiti\u00e8re<\/strong>, \u00e9mulsifiant : l\u00e9cithines (<strong>soja<\/strong>), ar\u00f4me naturel de vanille, ar\u00f4me.<\/li>\n<li><strong>Amandes grill\u00e9es (28 %) :<\/strong> <strong>amandes<\/strong> mond\u00e9es.<\/li>\n<\/ul>\n<p><strong>\u2013 Noix :<\/strong><\/p>\n<ul>\n<li><strong>Chocolat blanc (78 %) :<\/strong> sucre, beurre de cacao, <strong>lait<\/strong> \u00e9cr\u00e9m\u00e9 en poudre, mati\u00e8re grasse <strong>laiti\u00e8re<\/strong>, \u00e9mulsifiant : l\u00e9cithines (<strong>soja<\/strong>), ar\u00f4me naturel de vanille, ar\u00f4me.<\/li>\n<li><strong>Noix (22 %)<\/strong> en grains crus.<\/li>\n<\/ul>\n<p><strong>\u2013 Kikos :<\/strong><\/p>\n<ul>\n<li><strong>Chocolat blanc (78 %) :<\/strong> sucre, beurre de cacao, <strong>lait<\/strong> \u00e9cr\u00e9m\u00e9 en poudre, mati\u00e8re grasse <strong>laiti\u00e8re<\/strong>, \u00e9mulsifiant : l\u00e9cithines (<strong>soja<\/strong>), ar\u00f4me naturel de vanille, ar\u00f4me.<\/li>\n<li><strong>Kikos (22 %) :<\/strong> ma\u00efs cru et huile v\u00e9g\u00e9tale.<\/li>\n<\/ul>\n<p><strong>\u2013 Noix et pruneaux :<\/strong><\/p>\n<ul>\n<li><strong>Chocolat blanc (72 %) :<\/strong> sucre, beurre de cacao, <strong>lait<\/strong> \u00e9cr\u00e9m\u00e9 en poudre, mati\u00e8re grasse <strong>laiti\u00e8re<\/strong>, \u00e9mulsifiant : l\u00e9cithines (<strong>soja<\/strong>), ar\u00f4me naturel de vanille, ar\u00f4me.<\/li>\n<li><strong>Noix (14 %)<\/strong> en grains crus.<\/li>\n<li><strong>Pruneaux d\u00e9noyaut\u00e9s (14 %) :<\/strong> pruneaux, conservateur (E202).<\/li>\n<\/ul>\n<p><strong>\u2013 Cacahu\u00e8tes de couleurs :<\/strong><\/p>\n<ul>\n<li><strong>Chocolat blanc (67 %) :<\/strong> sucre, beurre de cacao, <strong>lait<\/strong> \u00e9cr\u00e9m\u00e9 en poudre, mati\u00e8re grasse <strong>laiti\u00e8re<\/strong>, \u00e9mulsifiant : l\u00e9cithines (<strong>soja<\/strong>), ar\u00f4me naturel de vanille, ar\u00f4me.<\/li>\n<li><strong>Cacahu\u00e8tes de couleurs (33 %) :<\/strong> chocolat blanc (sucre, beurre de cacao, <strong>lait<\/strong> \u00e9cr\u00e9m\u00e9 en poudre, mati\u00e8re grasse <strong>laiti\u00e8re<\/strong>, \u00e9mulsifiant : l\u00e9cithines (<strong>soja<\/strong>), ar\u00f4me naturel de vanille, ar\u00f4me), cacahu\u00e8tes et colorant.<\/li>\n<\/ul>\n","protected":false},"excerpt":{"rendered":"<p>Amandes, Noix, Noix et Pruneaux ou Kikos (Ma\u00efs grill\u00e9)<\/p>\n<p>Poids : 100grs environ <\/p>\n","protected":false},"featured_media":13100,"comment_status":"closed","ping_status":"closed","template":"","meta":[],"product_brand":[194],"product_cat":[284,268],"product_tag":[370,346,553,380,374,295],"class_list":{"0":"post-13202","1":"product","2":"type-product","3":"status-publish","4":"has-post-thumbnail","6":"product_brand-abuela-ili-chocolate","7":"product_cat-chocolat-blanc","8":"product_cat-tous-les-produits","9":"product_tag-100-grammes","10":"product_tag-blanc","11":"product_tag-cadeau-de-noel","12":"product_tag-kikos","13":"product_tag-noix","14":"product_tag-tourons","15":"pa_alergenos-cacahuetes","16":"pa_alergenos-fruits-secs","17":"pa_alergenos-produits-laitiers","18":"pa_alergenos-soja","19":"pa_alergenos-traces-de-gluten","21":"first","22":"instock","23":"taxable","24":"shipping-taxable","25":"purchasable","26":"product-type-variable"},"_links":{"self":[{"href":"https:\/\/abuelailichocolates.com\/fr\/wp-json\/wp\/v2\/product\/13202","targetHints":{"allow":["GET"]}}],"collection":[{"href":"https:\/\/abuelailichocolates.com\/fr\/wp-json\/wp\/v2\/product"}],"about":[{"href":"https:\/\/abuelailichocolates.com\/fr\/wp-json\/wp\/v2\/types\/product"}],"replies":[{"embeddable":true,"href":"https:\/\/abuelailichocolates.com\/fr\/wp-json\/wp\/v2\/comments?post=13202"}],"wp:featuredmedia":[{"embeddable":true,"href":"https:\/\/abuelailichocolates.com\/fr\/wp-json\/wp\/v2\/media\/13100"}],"wp:attachment":[{"href":"https:\/\/abuelailichocolates.com\/fr\/wp-json\/wp\/v2\/media?parent=13202"}],"wp:term":[{"taxonomy":"product_brand","embeddable":true,"href":"https:\/\/abuelailichocolates.com\/fr\/wp-json\/wp\/v2\/product_brand?post=13202"},{"taxonomy":"product_cat","embeddable":true,"href":"https:\/\/abuelailichocolates.com\/fr\/wp-json\/wp\/v2\/product_cat?post=13202"},{"taxonomy":"product_tag","embeddable":true,"href":"https:\/\/abuelailichocolates.com\/fr\/wp-json\/wp\/v2\/product_tag?post=13202"}],"curies":[{"name":"wp","href":"https:\/\/api.w.org\/{rel}","templated":true}]}}