{"id":13214,"date":"2015-09-28T11:39:35","date_gmt":"2015-09-28T09:39:35","guid":{"rendered":"https:\/\/abuelailichocolates.com\/tienda\/boite-assortie-de-chocolat-noir-au-lait-et-blanc-de-16-varietes\/"},"modified":"2025-12-22T13:22:07","modified_gmt":"2025-12-22T12:22:07","slug":"boite-assortie-de-chocolat-noir-au-lait-et-blanc-de-16-varietes","status":"publish","type":"product","link":"https:\/\/abuelailichocolates.com\/fr\/producto\/boite-assortie-de-chocolat-noir-au-lait-et-blanc-de-16-varietes\/","title":{"rendered":"Bo\u00eete assortie de chocolat noir, au lait et blanc de 16 vari\u00e9t\u00e9s"},"content":{"rendered":"<p>16 TABLETTES (500 grs.)<\/p>\n<p>Saveurs contenues :<\/p>\n<p>\u2022 <a href=\"http:\/\/abuelailichocolates.com\/tienda\/negro-mora\/\">Noir M\u00fbre<\/a> \u2022 <a href=\"http:\/\/abuelailichocolates.com\/tienda\/leche-dulce-de-leche\/\">Lait Dulce de Leche<\/a> \u2022 <a href=\"https:\/\/abuelailichocolates.com\/fr\/producto\/chocolat-blanc-avec-oreo-recette-artisanale-et-saveur-irresistible\/\">Blanc Oreo<\/a><\/p>\n<p>\u2022 <a href=\"https:\/\/abuelailichocolates.com\/fr\/producto\/chocolat-noir-a-la-framboise\/\">Noir Framboise<\/a> \u2022 <a href=\"http:\/\/abuelailichocolates.com\/tienda\/leche-coco\/\">Lait Coco<\/a> \u2022 <a href=\"http:\/\/abuelailichocolates.com\/tienda\/blanco-frambuesa\/\">Blanc Framboise<\/a><\/p>\n<p>\u2022 <a href=\"http:\/\/abuelailichocolates.com\/tienda\/negro-canela\/\">Noir Cannelle<\/a> \u2022 <a href=\"http:\/\/abuelailichocolates.com\/tienda\/leche-platano\/\">Lait Banane<\/a> \u2022 <a href=\"https:\/\/abuelailichocolates.com\/fr\/producto\/chocolat-blanc-au-caramel\/\">Blanc Caramel<\/a><\/p>\n<p>\u2022 <a href=\"http:\/\/abuelailichocolates.com\/tienda\/negro-menta\/\">Noir Menthe<\/a> \u2022 <a href=\"http:\/\/abuelailichocolates.com\/tienda\/leche-yogur\/\">Lait Yaourt<\/a> \u2022 <a href=\"http:\/\/abuelailichocolates.com\/tienda\/blanco-mandarina\/\">Blanc Mandarine<\/a><\/p>\n<p>\u2022 <a href=\"http:\/\/abuelailichocolates.com\/tienda\/negro-naranja\">Noir Orange<\/a> \u2022 <a href=\"http:\/\/abuelailichocolates.com\/tienda\/leche-miel\/\">Lait Miel<\/a> \u2022 <a href=\"https:\/\/abuelailichocolates.com\/producto\/blanco-mango\/\">Blanc Mangue<\/a><\/p>\n<p><span style=\"color: #ffffff;\">\u2014\u2014\u2014\u2014\u2014\u2014\u2014\u2014\u2014\u2014\u2014\u2014\u2014\u2014\u2014\u2014\u2014\u2014\u2014\u2014\u2014\u2014\u2014\u2013<\/span>\u2022 <a href=\"https:\/\/abuelailichocolates.com\/producto\/chocolate-blanco-con-menta\/\">Blanc Menthe<\/a><\/p>\n<p>&nbsp;<\/p>\n<ul>\n<li>Pour consulter les ingr\u00e9dients et les valeurs nutritionnelles correspondantes, clique sur le produit, s\u2019il te pla\u00eet. Merci. <\/li>\n<\/ul>\n","protected":false},"excerpt":{"rendered":"<p>16 TABLETTES (500 grs.)<\/p>\n","protected":false},"featured_media":13215,"comment_status":"closed","ping_status":"closed","template":"","meta":[],"product_brand":[194],"product_cat":[277,285,284,266,399,268],"product_tag":[269],"class_list":{"0":"post-13214","1":"product","2":"type-product","3":"status-publish","4":"has-post-thumbnail","6":"product_brand-abuela-ili-chocolate","7":"product_cat-assortiments-de-chocolats","8":"product_cat-chocolat-au-lait","9":"product_cat-chocolat-blanc","10":"product_cat-chocolat-noir","11":"product_cat-sans-sucre","12":"product_cat-tous-les-produits","13":"product_tag-assortiments","14":"pa_alergenos-gluten","15":"pa_alergenos-produits-laitiers","16":"pa_alergenos-soja","17":"pa_alergenos-traces-de-fruits-a-coque","19":"first","20":"instock","21":"taxable","22":"shipping-taxable","23":"purchasable","24":"product-type-simple"},"_links":{"self":[{"href":"https:\/\/abuelailichocolates.com\/fr\/wp-json\/wp\/v2\/product\/13214","targetHints":{"allow":["GET"]}}],"collection":[{"href":"https:\/\/abuelailichocolates.com\/fr\/wp-json\/wp\/v2\/product"}],"about":[{"href":"https:\/\/abuelailichocolates.com\/fr\/wp-json\/wp\/v2\/types\/product"}],"replies":[{"embeddable":true,"href":"https:\/\/abuelailichocolates.com\/fr\/wp-json\/wp\/v2\/comments?post=13214"}],"wp:featuredmedia":[{"embeddable":true,"href":"https:\/\/abuelailichocolates.com\/fr\/wp-json\/wp\/v2\/media\/13215"}],"wp:attachment":[{"href":"https:\/\/abuelailichocolates.com\/fr\/wp-json\/wp\/v2\/media?parent=13214"}],"wp:term":[{"taxonomy":"product_brand","embeddable":true,"href":"https:\/\/abuelailichocolates.com\/fr\/wp-json\/wp\/v2\/product_brand?post=13214"},{"taxonomy":"product_cat","embeddable":true,"href":"https:\/\/abuelailichocolates.com\/fr\/wp-json\/wp\/v2\/product_cat?post=13214"},{"taxonomy":"product_tag","embeddable":true,"href":"https:\/\/abuelailichocolates.com\/fr\/wp-json\/wp\/v2\/product_tag?post=13214"}],"curies":[{"name":"wp","href":"https:\/\/api.w.org\/{rel}","templated":true}]}}