{"id":13226,"date":"2015-09-28T11:37:51","date_gmt":"2015-09-28T09:37:51","guid":{"rendered":"https:\/\/abuelailichocolates.com\/tienda\/chocolat-noir-aux-myrtilles\/"},"modified":"2025-11-17T19:26:09","modified_gmt":"2025-11-17T18:26:09","slug":"chocolat-noir-aux-myrtilles","status":"publish","type":"product","link":"https:\/\/abuelailichocolates.com\/fr\/producto\/chocolat-noir-aux-myrtilles\/","title":{"rendered":"Chocolat noir aux myrtilles"},"content":{"rendered":"<p>Le <strong>chocolat noir aux airelles<\/strong> d&rsquo;Abuela Ili combine l&rsquo;intensit\u00e9 du cacao artisanal avec la fra\u00eecheur fruit\u00e9e de l&rsquo;airelle d\u00e9shydrat\u00e9e. Un \u00e9quilibre parfait entre l&rsquo;amertume du chocolat et la touche douce et acidul\u00e9e du fruit, \u00e9labor\u00e9 \u00e0 la main en pleine Alpujarra. <\/p>\n<h3>Qu&rsquo;est-ce qui le rend si sp\u00e9cial&nbsp;?<\/h3>\n<ul>\n<li>&#x2714;&#xfe0f; Fabrication artisanale dans l&rsquo;Alpujarra de Grenade.<\/li>\n<li>&#x2714;&#xfe0f; Airelles s\u00e9lectionn\u00e9es de premi\u00e8re qualit\u00e9.<\/li>\n<li>&#x2714;&#xfe0f; Chocolat noir avec une haute teneur en cacao (80 %).<\/li>\n<li>&#x2714;&#xfe0f; Contraste de saveurs qui surprend d\u00e8s la premi\u00e8re bouch\u00e9e.<\/li>\n<\/ul>\n<h3>Comment en profiter au mieux \u00e0 la maison<\/h3>\n<p>Elle est parfaite pour ceux qui recherchent un chocolat avec du caract\u00e8re, mais avec une finale douce et fruit\u00e9e. Id\u00e9ale pour partager ou offrir aux vrais amateurs de cacao. <\/p>\n<h3>Ingr\u00e9dients<\/h3>\n<p><strong>Couverture de chocolat noir (80 %)<\/strong> : p\u00e2te de cacao, sucre, beurre de cacao, \u00e9mulsifiant : l\u00e9cithines (soja), ar\u00f4me naturel de vanille.<br \/>\n<strong>Airelle (20 %)<\/strong> : airelle d\u00e9shydrat\u00e9e, sucre et huile de tournesol.<\/p>\n<h3>Conservation<\/h3>\n<p>Conserver dans un endroit frais et sec, \u00e0 l&rsquo;abri de la lumi\u00e8re directe et des sources de chaleur.<\/p>\n","protected":false},"excerpt":{"rendered":"<p>Chocolat noir aux airelles TABLETTE 110grs.<\/p>\n","protected":false},"featured_media":13227,"comment_status":"closed","ping_status":"closed","template":"","meta":[],"product_brand":[194],"product_cat":[266,268],"product_tag":[283,511,281],"class_list":{"0":"post-13226","1":"product","2":"type-product","3":"status-publish","4":"has-post-thumbnail","6":"product_brand-abuela-ili-chocolate","7":"product_cat-chocolat-noir","8":"product_cat-tous-les-produits","9":"product_tag-110-grammes","10":"product_tag-airelles","11":"product_tag-tablettes","12":"pa_alergenos-peut-contenir-du-gluten","13":"pa_alergenos-soja","14":"pa_alergenos-traces-de-fruits-a-coque","15":"pa_alergenos-traces-de-lait","17":"first","18":"instock","19":"taxable","20":"shipping-taxable","21":"purchasable","22":"product-type-variable"},"_links":{"self":[{"href":"https:\/\/abuelailichocolates.com\/fr\/wp-json\/wp\/v2\/product\/13226","targetHints":{"allow":["GET"]}}],"collection":[{"href":"https:\/\/abuelailichocolates.com\/fr\/wp-json\/wp\/v2\/product"}],"about":[{"href":"https:\/\/abuelailichocolates.com\/fr\/wp-json\/wp\/v2\/types\/product"}],"replies":[{"embeddable":true,"href":"https:\/\/abuelailichocolates.com\/fr\/wp-json\/wp\/v2\/comments?post=13226"}],"wp:featuredmedia":[{"embeddable":true,"href":"https:\/\/abuelailichocolates.com\/fr\/wp-json\/wp\/v2\/media\/13227"}],"wp:attachment":[{"href":"https:\/\/abuelailichocolates.com\/fr\/wp-json\/wp\/v2\/media?parent=13226"}],"wp:term":[{"taxonomy":"product_brand","embeddable":true,"href":"https:\/\/abuelailichocolates.com\/fr\/wp-json\/wp\/v2\/product_brand?post=13226"},{"taxonomy":"product_cat","embeddable":true,"href":"https:\/\/abuelailichocolates.com\/fr\/wp-json\/wp\/v2\/product_cat?post=13226"},{"taxonomy":"product_tag","embeddable":true,"href":"https:\/\/abuelailichocolates.com\/fr\/wp-json\/wp\/v2\/product_tag?post=13226"}],"curies":[{"name":"wp","href":"https:\/\/api.w.org\/{rel}","templated":true}]}}