{"id":13231,"date":"2015-09-28T11:37:51","date_gmt":"2015-09-28T09:37:51","guid":{"rendered":"https:\/\/abuelailichocolates.com\/tienda\/chocolat-blanc-aux-biscuits\/"},"modified":"2026-04-03T02:34:31","modified_gmt":"2026-04-03T00:34:31","slug":"chocolat-blanc-aux-biscuits","status":"publish","type":"product","link":"https:\/\/abuelailichocolates.com\/fr\/producto\/chocolat-blanc-aux-biscuits\/","title":{"rendered":"Chocolat blanc aux biscuits"},"content":{"rendered":"<p><strong>Ingr\u00e9dients :<\/strong><\/p>\n<p><strong>Chocolat blanc (85 %) :<\/strong> sucre, beurre de cacao, <strong>lait<\/strong> \u00e9cr\u00e9m\u00e9 en poudre, mati\u00e8re grasse <strong>laiti\u00e8re<\/strong>, \u00e9mulsifiant : l\u00e9cithines (<strong>soja<\/strong>), ar\u00f4me naturel de vanille, ar\u00f4me.<\/p>\n<p><strong>P\u00e2te \u00e0 tartiner saveur biscuit (3 %)<\/strong> : sirop de glucose, <strong>lait<\/strong> concentr\u00e9 (<strong>lait<\/strong> entier, sucre, lactose), jaune d\u2019<strong>\u0153uf<\/strong>, ar\u00f4mes, eau, sucre caram\u00e9lis\u00e9, colorants (carot\u00e9no\u00efdes, E150d).<\/p>\n<p><strong>Biscuits (12 %) :<\/strong> farine de bl\u00e9 (<strong>gluten<\/strong>), sucre, huile de tournesol \u00e0 haute teneur ol\u00e9ique (13 %), sirop de glucose, poudres \u00e0 lever (carbonates de sodium, carbonates d\u2019ammonium), sel, lactos\u00e9rum en poudre (<strong>lait<\/strong>), ar\u00f4me, antioxydant (m\u00e9tabisulfite de sodium), \u00e9mulsifiant (l\u00e9cithine de tournesol).<\/p>\n","protected":false},"excerpt":{"rendered":"<p>TABLETTE 50grs.<\/p>\n","protected":false},"featured_media":13233,"comment_status":"closed","ping_status":"closed","template":"","meta":[],"product_brand":[],"product_cat":[284,268],"product_tag":[282,281],"class_list":{"0":"post-13231","1":"product","2":"type-product","3":"status-publish","4":"has-post-thumbnail","6":"product_cat-chocolat-blanc","7":"product_cat-tous-les-produits","8":"product_tag-50-grammes","9":"product_tag-tablettes","10":"pa_alergenos-gluten","11":"pa_alergenos-produits-laitiers","12":"pa_alergenos-soja","13":"pa_alergenos-traces-de-fruits-a-coque","14":"pa_alergenos-traces-de-moutarde","15":"pa_alergenos-traces-de-sesame","16":"pa_alergenos-oeufs","18":"first","19":"instock","20":"taxable","21":"shipping-taxable","22":"purchasable","23":"product-type-simple"},"_links":{"self":[{"href":"https:\/\/abuelailichocolates.com\/fr\/wp-json\/wp\/v2\/product\/13231","targetHints":{"allow":["GET"]}}],"collection":[{"href":"https:\/\/abuelailichocolates.com\/fr\/wp-json\/wp\/v2\/product"}],"about":[{"href":"https:\/\/abuelailichocolates.com\/fr\/wp-json\/wp\/v2\/types\/product"}],"replies":[{"embeddable":true,"href":"https:\/\/abuelailichocolates.com\/fr\/wp-json\/wp\/v2\/comments?post=13231"}],"wp:featuredmedia":[{"embeddable":true,"href":"https:\/\/abuelailichocolates.com\/fr\/wp-json\/wp\/v2\/media\/13233"}],"wp:attachment":[{"href":"https:\/\/abuelailichocolates.com\/fr\/wp-json\/wp\/v2\/media?parent=13231"}],"wp:term":[{"taxonomy":"product_brand","embeddable":true,"href":"https:\/\/abuelailichocolates.com\/fr\/wp-json\/wp\/v2\/product_brand?post=13231"},{"taxonomy":"product_cat","embeddable":true,"href":"https:\/\/abuelailichocolates.com\/fr\/wp-json\/wp\/v2\/product_cat?post=13231"},{"taxonomy":"product_tag","embeddable":true,"href":"https:\/\/abuelailichocolates.com\/fr\/wp-json\/wp\/v2\/product_tag?post=13231"}],"curies":[{"name":"wp","href":"https:\/\/api.w.org\/{rel}","templated":true}]}}