{"id":13247,"date":"2015-09-28T11:39:02","date_gmt":"2015-09-28T09:39:02","guid":{"rendered":"https:\/\/abuelailichocolates.com\/tienda\/chocolat-au-lait-et-yaourt\/"},"modified":"2026-01-03T11:48:27","modified_gmt":"2026-01-03T10:48:27","slug":"chocolat-au-lait-et-yaourt","status":"publish","type":"product","link":"https:\/\/abuelailichocolates.com\/fr\/producto\/chocolat-au-lait-et-yaourt\/","title":{"rendered":"Chocolat au lait et yaourt"},"content":{"rendered":"<p><b>Ingr\u00e9dients&nbsp;:<\/b><\/p>\n<p><strong>Chocolat au lait (97,5&nbsp;%)&nbsp;:<\/strong> sucre, beurre de cacao, <strong>lait<\/strong> entier en poudre, p\u00e2te de cacao, \u00e9mulsifiant (l\u00e9cithine de tournesol E-322) et extrait de vanille.<\/p>\n<p><strong>Yaourt en poudre (2,5&nbsp;%)&nbsp;:<\/strong> <strong>lait<\/strong> \u00e9cr\u00e9m\u00e9 en poudre, maltodextrine, yaourt \u00e9cr\u00e9m\u00e9 en poudre, acidifiants&nbsp;: acide <strong>lactique<\/strong>, acide citrique, ar\u00f4me naturel, amidon modifi\u00e9, anti-agglom\u00e9rant&nbsp;: dioxyde de silicium.<\/p>\n","protected":false},"excerpt":{"rendered":"<p>TABLETTE 50grs.<\/p>\n","protected":false},"featured_media":13248,"comment_status":"closed","ping_status":"closed","template":"","meta":[],"product_brand":[194],"product_cat":[285,268],"product_tag":[282,281],"class_list":{"0":"post-13247","1":"product","2":"type-product","3":"status-publish","4":"has-post-thumbnail","6":"product_brand-abuela-ili-chocolate","7":"product_cat-chocolat-au-lait","8":"product_cat-tous-les-produits","9":"product_tag-50-grammes","10":"product_tag-tablettes","11":"pa_alergenos-peut-contenir-du-gluten","12":"pa_alergenos-produits-laitiers","13":"pa_alergenos-soja","14":"pa_alergenos-traces-de-fruits-a-coque","15":"pa_alergenos-traces-de-lupins","16":"pa_alergenos-traces-doeuf","18":"first","19":"instock","20":"taxable","21":"shipping-taxable","22":"purchasable","23":"product-type-simple"},"_links":{"self":[{"href":"https:\/\/abuelailichocolates.com\/fr\/wp-json\/wp\/v2\/product\/13247","targetHints":{"allow":["GET"]}}],"collection":[{"href":"https:\/\/abuelailichocolates.com\/fr\/wp-json\/wp\/v2\/product"}],"about":[{"href":"https:\/\/abuelailichocolates.com\/fr\/wp-json\/wp\/v2\/types\/product"}],"replies":[{"embeddable":true,"href":"https:\/\/abuelailichocolates.com\/fr\/wp-json\/wp\/v2\/comments?post=13247"}],"wp:featuredmedia":[{"embeddable":true,"href":"https:\/\/abuelailichocolates.com\/fr\/wp-json\/wp\/v2\/media\/13248"}],"wp:attachment":[{"href":"https:\/\/abuelailichocolates.com\/fr\/wp-json\/wp\/v2\/media?parent=13247"}],"wp:term":[{"taxonomy":"product_brand","embeddable":true,"href":"https:\/\/abuelailichocolates.com\/fr\/wp-json\/wp\/v2\/product_brand?post=13247"},{"taxonomy":"product_cat","embeddable":true,"href":"https:\/\/abuelailichocolates.com\/fr\/wp-json\/wp\/v2\/product_cat?post=13247"},{"taxonomy":"product_tag","embeddable":true,"href":"https:\/\/abuelailichocolates.com\/fr\/wp-json\/wp\/v2\/product_tag?post=13247"}],"curies":[{"name":"wp","href":"https:\/\/api.w.org\/{rel}","templated":true}]}}